{"id":728716,"date":"2025-08-27T20:43:58","date_gmt":"2025-08-27T17:43:58","guid":{"rendered":"https:\/\/roveyayinevi.com.tr\/index.php\/urun\/yardim-personelini-guclendirme\/"},"modified":"2026-04-16T02:36:36","modified_gmt":"2026-04-15T23:36:36","slug":"yardim-personelini-guclendirme","status":"publish","type":"product","link":"https:\/\/roveyayinevi.com.tr\/index.php\/urun\/yardim-personelini-guclendirme\/","title":{"rendered":"Yard\u0131m Personelini G\u00fc\u00e7lendirme"},"content":{"rendered":"<p>Ya\u015fad\u0131\u011f\u0131m\u0131z d\u00fcnyada her t\u00fcrl\u00fc \u00f6nlemi almaya \u00e7al\u0131\u015fsak dahi ne yaz\u0131k ki bazen insan bazen do\u011fa kaynakl\u0131 bazen de her ikisinin neden oldu\u011fu felaketleri her g\u00fcn ya\u015f\u0131yoruz. Deprem olur, sel olur, yang\u0131n olur, patlama olur, ter\u00f6r sald\u0131r\u0131s\u0131 olur. \u00d6lenler ve yaralananlar olur. Onlara m\u00fcdahale edilir, ma\u011fdurlar ve yaral\u0131lar kurtar\u0131l\u0131r bunlar tedavi i\u00e7in hastanelere g\u00f6nderilirken kay\u0131plar defin i\u00e7in morglarda saklan\u0131r. Bizler bir hafta on g\u00fcn i\u00e7inde eski ya\u015fant\u0131m\u0131za d\u00f6neriz. Oysa itfaiyeciler, acil-arama kurtarma ekipleri, polisler, doktorlar, hem\u015fireler, acil t\u0131p teknikerleri, sosyal hizmet uzmanlar\u0131, insani yard\u0131m \u00e7al\u0131\u015fanlar\u0131 yani afet olaylar\u0131na \u00f6ncelikle m\u00fcdahale eden yard\u0131m personeli bu s\u00fcreci bizler kadar kolay atlatamazlar. Bilmedi\u011finiz bir yer, \u00fcst \u00fcste y\u0131\u011f\u0131lm\u0131\u015f cesetler, \u015fekil de\u011fi\u015ftiren, yanan v\u00fccutlar, \u00f6l\u00fc \u00e7ocuklar, kokular\u2026 Ya\u015fanan t\u00fcm bu travmatik olaylar\u0131n izleri zamanla birikir ve bunlar y\u0131llar ge\u00e7tik\u00e7e bir travma y\u0131\u011f\u0131n\u0131na d\u00f6n\u00fc\u015f\u00fcr. R\u00fcyalar ve k\u00e2buslarla olay tekrar tekrar ya\u015fan\u0131r, ac\u0131, \u00f6l\u00fcm ve \u00e7aresizlikler kar\u015f\u0131s\u0131nda duyulan psikolojik \u00fcz\u00fcnt\u00fc (ac\u0131), a\u015f\u0131r\u0131 irkilme, ka\u00e7\u0131\u015flar, uzakla\u015fma ve normal ya\u015fama uyumda belirgin zorlanmalar ya\u015fan\u0131r. Personelin ya\u015fad\u0131\u011f\u0131 bu sorunlar ya\u015famlar\u0131n\u0131 fazlas\u0131yla etkiler. Yard\u0131m i\u00e7in ko\u015ftuklar\u0131 felaketler zamanla \u201ckendileri i\u00e7in ki\u015fisel bir felakete\u201d d\u00f6n\u00fc\u015f\u00fcr. Yard\u0131m personeli etkin ve sa\u011fl\u0131kl\u0131 ba\u015fa \u00e7\u0131kma y\u00f6ntemlerini kullanmay\u0131 ba\u015farabilirse bu travmalar\u0131n \u00fcstesinden kolayl\u0131kla gelir. Ancak, bu s\u00fcre\u00e7te ba\u015fa \u00e7\u0131kamayan ve zorlanan baz\u0131 yard\u0131m personeline psikolojik ve sosyal y\u00f6nden destek vermemiz gerekir.Bu kitap, yard\u0131m personelinin nas\u0131l g\u00fc\u00e7lendirilece\u011fi konusunu kapsaml\u0131 olarak ele almaktad\u0131r. Kitapta, afet literat\u00fcr\u00fc hakk\u0131nda genel bilgiler k\u0131saca sunulmu\u015ftur. Personelin, ikincil travma, \u015fefkat ya da merhamet yorgunlu\u011fu, stres, t\u00fckenmi\u015flik, travma sonras\u0131 stres bozuklu\u011fu, maj\u00f6r depresyon gibi riskleri bilmesi, tan\u0131mas\u0131, bunlar\u0131n fark\u0131na varmas\u0131n\u0131 sa\u011flayacak bilgiler bu kitapta sunulmu\u015ftur. Ayr\u0131ca, personelin g\u00fc\u00e7lenmesine katk\u0131 getirecek stres y\u00f6netim tekniklerinin neler oldu\u011fu ayr\u0131nt\u0131l\u0131 bir \u015fekilde incelenmi\u015ftir.<\/p>\n","protected":false},"excerpt":{"rendered":"<p>Ya\u015fad\u0131\u011f\u0131m\u0131z d\u00fcnyada her t\u00fcrl\u00fc \u00f6nlemi almaya \u00e7al\u0131\u015fsak dahi ne yaz\u0131k ki bazen insan bazen do\u011fa kaynakl\u0131 bazen de her ikisinin neden oldu\u011fu felaketleri her g\u00fcn ya\u015f\u0131yoruz.<span class=\"excerpt-hellip\"> [\u2026]<\/span><\/p>\n","protected":false},"featured_media":0,"template":"","meta":{"_monsterinsights_skip_tracking":false,"_monsterinsights_sitenote_active":false,"_monsterinsights_sitenote_note":"","_monsterinsights_sitenote_category":0},"product_brand":[],"product_cat":[12325,12324],"product_tag":[],"class_list":{"0":"post-728716","1":"product","2":"type-product","3":"status-publish","5":"product_cat-diger-sosyoloji","6":"product_cat-sosyoloji","7":"pa_cilt-ciltsiz","8":"pa_tur-kitap","9":"pa_yayinevi-nika-yayinevi","10":"pa_yazar-vedat-isikhan","12":"first","13":"instock","14":"sale","15":"shipping-taxable","16":"purchasable","17":"product-type-simple"},"_links":{"self":[{"href":"https:\/\/roveyayinevi.com.tr\/index.php\/wp-json\/wp\/v2\/product\/728716","targetHints":{"allow":["GET"]}}],"collection":[{"href":"https:\/\/roveyayinevi.com.tr\/index.php\/wp-json\/wp\/v2\/product"}],"about":[{"href":"https:\/\/roveyayinevi.com.tr\/index.php\/wp-json\/wp\/v2\/types\/product"}],"wp:attachment":[{"href":"https:\/\/roveyayinevi.com.tr\/index.php\/wp-json\/wp\/v2\/media?parent=728716"}],"wp:term":[{"taxonomy":"product_brand","embeddable":true,"href":"https:\/\/roveyayinevi.com.tr\/index.php\/wp-json\/wp\/v2\/product_brand?post=728716"},{"taxonomy":"product_cat","embeddable":true,"href":"https:\/\/roveyayinevi.com.tr\/index.php\/wp-json\/wp\/v2\/product_cat?post=728716"},{"taxonomy":"product_tag","embeddable":true,"href":"https:\/\/roveyayinevi.com.tr\/index.php\/wp-json\/wp\/v2\/product_tag?post=728716"}],"curies":[{"name":"wp","href":"https:\/\/api.w.org\/{rel}","templated":true}]}}