{"id":728715,"date":"2025-08-27T20:43:57","date_gmt":"2025-08-27T17:43:57","guid":{"rendered":"https:\/\/roveyayinevi.com.tr\/index.php\/urun\/goc-ve-kent\/"},"modified":"2026-04-16T02:36:36","modified_gmt":"2026-04-15T23:36:36","slug":"goc-ve-kent","status":"publish","type":"product","link":"https:\/\/roveyayinevi.com.tr\/index.php\/urun\/goc-ve-kent\/","title":{"rendered":"G\u00f6\u00e7 ve Kent"},"content":{"rendered":"<p>B\u00fct\u00fcn d\u00fcnya hareket halinde\u2026 Asya\u2019da, Afrika\u2019da, Latin Amerika\u2019da, Avrupa\u2019da ve pek tabii, insana dair pek \u00e7ok \u015feyin olduk\u00e7a y\u00fcksek h\u0131zda seyretti\u011fi Ortado\u011fu\u2019da\u2026 Bug\u00fcn d\u00fcnyada, g\u00f6\u00e7ten s\u00f6z edemeyece\u011fimiz, g\u00f6\u00e7\u00fcn bir bi\u00e7imde \u015fekillendirmedi\u011fi hi\u00e7bir toplum ve sosyal hayat kesiti yok. Ayr\u0131ca g\u00f6\u00e7 ve g\u00f6\u00e7menler olmadan kentleri ve uygarl\u0131\u011f\u0131 anlamam\u0131z imk\u00e2ns\u0131z. Uygarl\u0131\u011f\u0131n, g\u00f6\u00e7 ve g\u00f6\u00e7menle bi\u00e7imlenen uzun hik\u00e2yesi bir tarafa, kente dair hemen b\u00fct\u00fcn \u00e7al\u0131\u015fmalarda, kenti di\u011fer yerle\u015fimlerden ay\u0131ran, s\u00fcrekli ve kurumsal yabanc\u0131lar\u0131n yani g\u00f6\u00e7menlerin s\u00fcrekli varl\u0131\u011f\u0131n\u0131n \u00f6nemi vurgulan\u0131r. G\u00f6\u00e7men ya da yabanc\u0131, k\u0131sa veya uzun s\u00fcreli, g\u00fcnl\u00fck yahut mevsimsel, her ne \u015fekilde adland\u0131r\u0131l\u0131rsa adland\u0131r\u0131ls\u0131n, kentlerin g\u00f6\u00e7menleri olmasa bug\u00fcnk\u00fc uygarl\u0131k d\u00fczeyinin olmayaca\u011f\u0131 a\u015fik\u00e2r.Elinizdeki kitap, a\u011f\u0131rl\u0131kl\u0131 olarak T\u00fcrkiye\u2019de \u015fehirlerin, g\u00f6\u00e7\u00fcn, g\u00f6\u00e7menli\u011fin ve m\u00fcltecilerin ele al\u0131nd\u0131\u011f\u0131 yaz\u0131lar olsa da Almanya gibi, T\u00fcrkiye\u2019deki g\u00f6\u00e7 olgusunun \u00f6nemli mihenk ta\u015f\u0131 oldu\u011fu \u00fclkelerdeki kentlere ve deneyimlere dair yaz\u0131lar da i\u00e7eriyor.<\/p>\n","protected":false},"excerpt":{"rendered":"<p>B\u00fct\u00fcn d\u00fcnya hareket halinde\u2026 Asya\u2019da, Afrika\u2019da, Latin Amerika\u2019da, Avrupa\u2019da ve pek tabii, insana dair pek \u00e7ok \u015feyin olduk\u00e7a y\u00fcksek h\u0131zda seyretti\u011fi Ortado\u011fu\u2019da\u2026 Bug\u00fcn d\u00fcnyada, g\u00f6\u00e7ten s\u00f6z<span class=\"excerpt-hellip\"> [\u2026]<\/span><\/p>\n","protected":false},"featured_media":0,"template":"","meta":{"_monsterinsights_skip_tracking":false,"_monsterinsights_sitenote_active":false,"_monsterinsights_sitenote_note":"","_monsterinsights_sitenote_category":0},"product_brand":[],"product_cat":[12767,12324],"product_tag":[],"class_list":{"0":"post-728715","1":"product","2":"type-product","3":"status-publish","5":"product_cat-kentlesme-modernlesme","6":"product_cat-sosyoloji","7":"pa_cilt-ciltsiz","8":"pa_tur-kitap","9":"pa_yayinevi-nika-yayinevi","10":"pa_yazar-nika-kolektif","12":"first","13":"instock","14":"sale","15":"shipping-taxable","16":"purchasable","17":"product-type-simple"},"_links":{"self":[{"href":"https:\/\/roveyayinevi.com.tr\/index.php\/wp-json\/wp\/v2\/product\/728715","targetHints":{"allow":["GET"]}}],"collection":[{"href":"https:\/\/roveyayinevi.com.tr\/index.php\/wp-json\/wp\/v2\/product"}],"about":[{"href":"https:\/\/roveyayinevi.com.tr\/index.php\/wp-json\/wp\/v2\/types\/product"}],"wp:attachment":[{"href":"https:\/\/roveyayinevi.com.tr\/index.php\/wp-json\/wp\/v2\/media?parent=728715"}],"wp:term":[{"taxonomy":"product_brand","embeddable":true,"href":"https:\/\/roveyayinevi.com.tr\/index.php\/wp-json\/wp\/v2\/product_brand?post=728715"},{"taxonomy":"product_cat","embeddable":true,"href":"https:\/\/roveyayinevi.com.tr\/index.php\/wp-json\/wp\/v2\/product_cat?post=728715"},{"taxonomy":"product_tag","embeddable":true,"href":"https:\/\/roveyayinevi.com.tr\/index.php\/wp-json\/wp\/v2\/product_tag?post=728715"}],"curies":[{"name":"wp","href":"https:\/\/api.w.org\/{rel}","templated":true}]}}