{"id":728714,"date":"2025-08-27T20:43:56","date_gmt":"2025-08-27T17:43:56","guid":{"rendered":"https:\/\/roveyayinevi.com.tr\/index.php\/urun\/kapitalizm-ve-olum-durtusu\/"},"modified":"2025-11-21T06:34:22","modified_gmt":"2025-11-21T03:34:22","slug":"kapitalizm-ve-olum-durtusu","status":"publish","type":"product","link":"https:\/\/roveyayinevi.com.tr\/index.php\/urun\/kapitalizm-ve-olum-durtusu\/","title":{"rendered":"Kapitalizm ve \u00d6l\u00fcm D\u00fcrt\u00fcs\u00fc"},"content":{"rendered":"<p>\u201cNe var ki, kapitalizmi bu denli y\u0131k\u0131c\u0131 k\u0131lan ak\u0131ld\u0131\u015f\u0131 b\u00fcy\u00fcme zorlamas\u0131n\u0131 neyin a\u00e7\u0131\u011fa \u00e7\u0131kard\u0131\u011f\u0131 sorusu yan\u0131ts\u0131z kalmaktad\u0131r. Kapitalizmi k\u00f6r bir sermaye birikimine zorlayan \u015fey nedir? Burada \u00f6l\u00fcm g\u00fcndeme gelir. Kapitalizm \u00f6l\u00fcm\u00fcn olumsuzlanmas\u0131na dayan\u0131yor. Sermaye mutlak bir kay\u0131p olan \u00f6l\u00fcme kar\u015f\u0131 biriktirilmektedir. \u00dcretim ve b\u00fcy\u00fcme zorlamas\u0131n\u0131 meydana getiren \u015fey \u00f6l\u00fcmd\u00fcr.\u201d\u201cSermaye birikiminin mant\u0131\u011f\u0131 tam da tahakk\u00fcm\u00fcn arkaik ekonomisine uygun d\u00fc\u015fmektedir. Sermaye modern bir Mana gibi davranmaktad\u0131r. Mana \u00f6ld\u00fcrme eyleminin sonucunda elde edilen gizemli bir g\u00fc\u00e7\/iktidar t\u00f6z\u00fcd\u00fcr\u2026 \u00d6l\u00fcmden ka\u00e7mak i\u00e7in biriktirilmektedir sermaye.\u201d<\/p>\n","protected":false},"excerpt":{"rendered":"<p>\u201cNe var ki, kapitalizmi bu denli y\u0131k\u0131c\u0131 k\u0131lan ak\u0131ld\u0131\u015f\u0131 b\u00fcy\u00fcme zorlamas\u0131n\u0131 neyin a\u00e7\u0131\u011fa \u00e7\u0131kard\u0131\u011f\u0131 sorusu yan\u0131ts\u0131z kalmaktad\u0131r. Kapitalizmi k\u00f6r bir sermaye birikimine zorlayan \u015fey nedir? Burada<span class=\"excerpt-hellip\"> [\u2026]<\/span><\/p>\n","protected":false},"featured_media":0,"template":"","meta":{"_monsterinsights_skip_tracking":false,"_monsterinsights_sitenote_active":false,"_monsterinsights_sitenote_note":"","_monsterinsights_sitenote_category":0},"product_brand":[],"product_cat":[13059,12337],"product_tag":[],"class_list":{"0":"post-728714","1":"product","2":"type-product","3":"status-publish","5":"product_cat-diger-politika-siyaset","6":"product_cat-politika-siyaset","7":"pa_cilt-ciltsiz","8":"pa_tur-kitap","9":"pa_yayinevi-inka-yayinlari","10":"pa_yazar-byung-chul-han","12":"first","13":"instock","14":"sale","15":"shipping-taxable","16":"purchasable","17":"product-type-simple"},"_links":{"self":[{"href":"https:\/\/roveyayinevi.com.tr\/index.php\/wp-json\/wp\/v2\/product\/728714","targetHints":{"allow":["GET"]}}],"collection":[{"href":"https:\/\/roveyayinevi.com.tr\/index.php\/wp-json\/wp\/v2\/product"}],"about":[{"href":"https:\/\/roveyayinevi.com.tr\/index.php\/wp-json\/wp\/v2\/types\/product"}],"wp:attachment":[{"href":"https:\/\/roveyayinevi.com.tr\/index.php\/wp-json\/wp\/v2\/media?parent=728714"}],"wp:term":[{"taxonomy":"product_brand","embeddable":true,"href":"https:\/\/roveyayinevi.com.tr\/index.php\/wp-json\/wp\/v2\/product_brand?post=728714"},{"taxonomy":"product_cat","embeddable":true,"href":"https:\/\/roveyayinevi.com.tr\/index.php\/wp-json\/wp\/v2\/product_cat?post=728714"},{"taxonomy":"product_tag","embeddable":true,"href":"https:\/\/roveyayinevi.com.tr\/index.php\/wp-json\/wp\/v2\/product_tag?post=728714"}],"curies":[{"name":"wp","href":"https:\/\/api.w.org\/{rel}","templated":true}]}}