{"id":728713,"date":"2025-08-27T20:43:55","date_gmt":"2025-08-27T17:43:55","guid":{"rendered":"https:\/\/roveyayinevi.com.tr\/index.php\/urun\/balonla-bes-hafta-8\/"},"modified":"2026-04-16T02:36:36","modified_gmt":"2026-04-15T23:36:36","slug":"balonla-bes-hafta-8","status":"publish","type":"product","link":"https:\/\/roveyayinevi.com.tr\/index.php\/urun\/balonla-bes-hafta-8\/","title":{"rendered":"Balonla Be\u015f Hafta"},"content":{"rendered":"<p>Jules Verne, \u00e7\u0131lg\u0131n bir mucit ve k\u00e2\u015fif olan Doktor Fergusson\u2019\u0131n Afrika\u2019y\u0131 bir balonla ge\u00e7meye \u00e7al\u0131\u015ft\u0131\u011f\u0131 tehlikeli yolculu\u011funu anlat\u0131yor Balonla Be\u015f Hafta\u2019da. Afrika\u2019n\u0131n i\u00e7 b\u00f6lgelerinin du\u0308nya atlaslar\u0131nda eksik oldu\u011fu y\u0131llar. Bat\u0131 medeniyeti taraf\u0131ndan henu\u0308z ke\u015ffedilmemi\u015f gizemli topraklar; \u00e7\u00f6ller, da\u011flar, balta girmemi\u015f ormanlar&#8230;Oraya giden k\u00e2\u015fiflerin hastal\u0131klarla, a\u00e7l\u0131kla, kendilerine kar\u015f\u0131 gelen yerlilerle mu\u0308cadele etti\u011fi haberleri tu\u0308m \u0130ngiltere\u2019ye yay\u0131lm\u0131\u015ft\u0131r ve gidenlerden \u00e7ok az\u0131n\u0131n d\u00f6ndu\u0308\u011fu\u0308 bu yolculu\u011fa \u00e7\u0131kmak delilik olarak g\u00f6ru\u0308lu\u0308r. Bu i\u015fe kalk\u0131\u015fabilecek tek insan vard\u0131r: Fergusson. \u00dcstelik di\u011fer k\u00e2\u015fiflerden farkl\u0131 bir fikri de vard\u0131r. Afrika\u2019y\u0131 karadan de\u011fil, havadan ke\u015ffedecektir. Arkada\u015f\u0131 Dick Kennedy ve yard\u0131mc\u0131s\u0131 Joe\u2019yla birlikte, kendi icad\u0131 olan bir balonla at\u0131ld\u0131\u011f\u0131 bu macerada bakal\u0131m kahraman\u0131m\u0131z hedefine ula\u015fabilecek mi?<\/p>\n","protected":false},"excerpt":{"rendered":"<p>Jules Verne, \u00e7\u0131lg\u0131n bir mucit ve k\u00e2\u015fif olan Doktor Fergusson\u2019\u0131n Afrika\u2019y\u0131 bir balonla ge\u00e7meye \u00e7al\u0131\u015ft\u0131\u011f\u0131 tehlikeli yolculu\u011funu anlat\u0131yor Balonla Be\u015f Hafta\u2019da. Afrika\u2019n\u0131n i\u00e7 b\u00f6lgelerinin du\u0308nya atlaslar\u0131nda<span class=\"excerpt-hellip\"> [\u2026]<\/span><\/p>\n","protected":false},"featured_media":0,"template":"","meta":{"_monsterinsights_skip_tracking":false,"_monsterinsights_sitenote_active":false,"_monsterinsights_sitenote_note":"","_monsterinsights_sitenote_category":0},"product_brand":[],"product_cat":[12274,12467],"product_tag":[],"class_list":{"0":"post-728713","1":"product","2":"type-product","3":"status-publish","5":"product_cat-cocuk-ve-genclik-kitaplari","6":"product_cat-dunya-klasikleri","7":"pa_cilt-ciltsiz","8":"pa_tur-kitap","9":"pa_yayinevi-iletisim-yayinlari","10":"pa_yazar-jules-verne","12":"first","13":"instock","14":"sale","15":"shipping-taxable","16":"purchasable","17":"product-type-simple"},"_links":{"self":[{"href":"https:\/\/roveyayinevi.com.tr\/index.php\/wp-json\/wp\/v2\/product\/728713","targetHints":{"allow":["GET"]}}],"collection":[{"href":"https:\/\/roveyayinevi.com.tr\/index.php\/wp-json\/wp\/v2\/product"}],"about":[{"href":"https:\/\/roveyayinevi.com.tr\/index.php\/wp-json\/wp\/v2\/types\/product"}],"wp:attachment":[{"href":"https:\/\/roveyayinevi.com.tr\/index.php\/wp-json\/wp\/v2\/media?parent=728713"}],"wp:term":[{"taxonomy":"product_brand","embeddable":true,"href":"https:\/\/roveyayinevi.com.tr\/index.php\/wp-json\/wp\/v2\/product_brand?post=728713"},{"taxonomy":"product_cat","embeddable":true,"href":"https:\/\/roveyayinevi.com.tr\/index.php\/wp-json\/wp\/v2\/product_cat?post=728713"},{"taxonomy":"product_tag","embeddable":true,"href":"https:\/\/roveyayinevi.com.tr\/index.php\/wp-json\/wp\/v2\/product_tag?post=728713"}],"curies":[{"name":"wp","href":"https:\/\/api.w.org\/{rel}","templated":true}]}}