{"id":728710,"date":"2025-08-27T20:43:53","date_gmt":"2025-08-27T17:43:53","guid":{"rendered":"https:\/\/roveyayinevi.com.tr\/index.php\/urun\/sevgisiz-anneler\/"},"modified":"2026-04-16T02:36:35","modified_gmt":"2026-04-15T23:36:35","slug":"sevgisiz-anneler","status":"publish","type":"product","link":"https:\/\/roveyayinevi.com.tr\/index.php\/urun\/sevgisiz-anneler\/","title":{"rendered":"Sevgisiz Anneler"},"content":{"rendered":"<p>B\u00fcyu\u0308rken anneleriyle sevgi dolu bir ili\u015fkiden mahrum kalm\u0131\u015f k\u0131z \u00e7ocuklar, bu eksikli\u011fin bedelini hayatlar\u0131n\u0131n her alan\u0131nda ya\u015farlar. Annelerinin a\u00e7t\u0131\u011f\u0131 derin duygusal yaralar, seneler sonra bile ac\u0131, korku ve \u00e7alkant\u0131ya sebep olmaya devam eder. Bu kad\u0131nlar annelerinin duygusal y\u00f6ru\u0308ngesinden kurtulmaya \u00e7al\u0131\u015fsalar da, kayg\u0131, depresyon, \u00f6zgu\u0308ven eksikli\u011fi ve ili\u015fki sorunlar\u0131yla bo\u011fu\u015furlar.Sevme ve \u015fefkatle bir g\u00f6ru\u0308len annelik miti konuyu g\u00f6zlerden ka\u00e7\u0131rsa da, pek \u00e7ok k\u0131z bu\u0308yu\u0308rken annesinin k\u00f6tu\u0308 muamelesine maruz kal\u0131yor. Sistematik ele\u015ftiri, kontrol, zorbal\u0131k, duygusal ihmal, fiziksel taciz\u2026 Hepsi ku\u0308\u00e7u\u0308k bir k\u0131z \u00e7ocu\u011funu ezen ve etkileri yeti\u015fkinli\u011fe kadar uzanan y\u0131k\u0131c\u0131 davran\u0131\u015flar. Y\u0131llarca maruz kal\u0131nan bu k\u00f6tu\u0308 muameleyi telafi etmek mu\u0308mku\u0308n mu\u0308du\u0308r? Sorunlu anne k\u0131z ili\u015fkilerinde t\u0131kan\u0131kl\u0131\u011fa sebep olan davran\u0131\u015f \u00f6ru\u0308ntu\u0308leri nas\u0131l tespit edilir? Depresif, alkolik, rekabet\u00e7i veya narsisist annelerle nas\u0131l ba\u015f edilir? Bir kad\u0131n\u0131n annesine kar\u015f\u0131 sorumlulu\u011fu nerede ba\u015flay\u0131p, nerede biter? Kendi \u00e7ocuklar\u0131m\u0131zla ili\u015fkimizde, sa\u011fl\u0131kl\u0131 anneli\u011fin alma verme dengesi nas\u0131l kurulur?Deneyimli psikoterapist Susan Forward, Sevgisiz Anneler\u2019de k\u0131rk y\u0131ll\u0131k klinik \u00e7al\u0131\u015fmaya ve terapi birikimine dayanarak \u00e7ocuk ya\u015ftan itibaren annelerinin s\u00f6zlu\u0308, duygusal veya fiziksel \u015fiddetine u\u011fram\u0131\u015f kad\u0131nlar\u0131n elinden tutuyor. Bu yaral\u0131 yeti\u015fkin k\u0131zlara \u015fefkatle seslenerek, ac\u0131 an\u0131larla yu\u0308klu\u0308 ge\u00e7mi\u015fin su\u00e7luluk ve korkular\u0131ndan kurtulup yeni bir benlik in\u015fa etmeleri i\u00e7in somut ve etkin \u00f6nerilerde bulunuyor.<\/p>\n","protected":false},"excerpt":{"rendered":"<p>B\u00fcyu\u0308rken anneleriyle sevgi dolu bir ili\u015fkiden mahrum kalm\u0131\u015f k\u0131z \u00e7ocuklar, bu eksikli\u011fin bedelini hayatlar\u0131n\u0131n her alan\u0131nda ya\u015farlar. Annelerinin a\u00e7t\u0131\u011f\u0131 derin duygusal yaralar, seneler sonra bile ac\u0131,<span class=\"excerpt-hellip\"> [\u2026]<\/span><\/p>\n","protected":false},"featured_media":0,"template":"","meta":{"_monsterinsights_skip_tracking":false,"_monsterinsights_sitenote_active":false,"_monsterinsights_sitenote_note":"","_monsterinsights_sitenote_category":0},"product_brand":[],"product_cat":[12679,12357],"product_tag":[],"class_list":{"0":"post-728710","1":"product","2":"type-product","3":"status-publish","5":"product_cat-cocuk-psikolojisi","6":"product_cat-psikoloji","7":"pa_cilt-ciltsiz","8":"pa_tur-kitap","9":"pa_yayinevi-iletisim-yayinlari","10":"pa_yazar-susan-forward","12":"first","13":"instock","14":"sale","15":"shipping-taxable","16":"purchasable","17":"product-type-simple"},"_links":{"self":[{"href":"https:\/\/roveyayinevi.com.tr\/index.php\/wp-json\/wp\/v2\/product\/728710","targetHints":{"allow":["GET"]}}],"collection":[{"href":"https:\/\/roveyayinevi.com.tr\/index.php\/wp-json\/wp\/v2\/product"}],"about":[{"href":"https:\/\/roveyayinevi.com.tr\/index.php\/wp-json\/wp\/v2\/types\/product"}],"wp:attachment":[{"href":"https:\/\/roveyayinevi.com.tr\/index.php\/wp-json\/wp\/v2\/media?parent=728710"}],"wp:term":[{"taxonomy":"product_brand","embeddable":true,"href":"https:\/\/roveyayinevi.com.tr\/index.php\/wp-json\/wp\/v2\/product_brand?post=728710"},{"taxonomy":"product_cat","embeddable":true,"href":"https:\/\/roveyayinevi.com.tr\/index.php\/wp-json\/wp\/v2\/product_cat?post=728710"},{"taxonomy":"product_tag","embeddable":true,"href":"https:\/\/roveyayinevi.com.tr\/index.php\/wp-json\/wp\/v2\/product_tag?post=728710"}],"curies":[{"name":"wp","href":"https:\/\/api.w.org\/{rel}","templated":true}]}}