{"id":728708,"date":"2025-08-27T20:43:51","date_gmt":"2025-08-27T17:43:51","guid":{"rendered":"https:\/\/roveyayinevi.com.tr\/index.php\/urun\/kadinlar-sicak-erkekler-soguk-sever\/"},"modified":"2026-04-16T02:36:35","modified_gmt":"2026-04-15T23:36:35","slug":"kadinlar-sicak-erkekler-soguk-sever","status":"publish","type":"product","link":"https:\/\/roveyayinevi.com.tr\/index.php\/urun\/kadinlar-sicak-erkekler-soguk-sever\/","title":{"rendered":"Kad\u0131nlar S\u0131cak Erkekler So\u011fuk Sever"},"content":{"rendered":"<p>\u0130li\u015fkilerin do\u011fas\u0131 karma\u015f\u0131kt\u0131r. \u0130ni\u015fleri \u00e7\u0131k\u0131\u015flar\u0131 vard\u0131r. Kad\u0131nla erkek aras\u0131nda i\u015fler her zaman yolunda gitmeyebilir, t\u0131pk\u0131 hayat gibi&#8230; \u0130li\u015fkiler bazen s\u0131cakt\u0131r, i\u00e7inizi \u0131s\u0131t\u0131r, bazen so\u011fuktur \u00fcrpertir.Her ili\u015fkinin kendince bir ritmi vard\u0131r ve hep de\u011fi\u015fkendir. Kad\u0131nla erke\u011fin do\u011fas\u0131 birbirine hi\u00e7 benzemez. Problem \u00e7\u00f6zme becerileri, yaln\u0131zl\u0131kla ba\u015fa \u00e7\u0131kma yollar\u0131, ili\u015fkiden beklentileri, ileti\u015fim modelleri, cinselli\u011fe bak\u0131\u015flar\u0131 ve motivasyonlar\u0131 \u00e7ok farkl\u0131d\u0131r.Bir kad\u0131n\u0131 elde etmenin yolu ondan uzak durmak yerine ona ilgi g\u00f6stermekken, bir erke\u011fi elde etmek i\u00e7in dozu iyi ayarlanm\u0131\u015f mesafelere ihtiya\u00e7 vard\u0131r.\u00c7ok satan \u201cD\u00fc\u015ft\u00fc\u011f\u00fcnde Kalkarsan Hayat G\u00fczeldir\u201d, \u201cKarar\u0131 Ben Veririm\u201d ve \u201cS\u00fct Lekesi \u201c kitaplar\u0131n\u0131n yazar\u0131 Uzman Psikolog Esra Ezmeci, bu kez kad\u0131n erkek ili\u015fkilerinin do\u011fas\u0131n\u0131 ve dinamiklerini enine boyuna yat\u0131r\u0131yor masaya. Sundu\u011fu basit ve etkili \u00f6nermelerle kad\u0131n erkek ili\u015fkilerinde ya\u015fanan k\u0131s\u0131rd\u00f6ng\u00fcleri k\u0131rmak hi\u00e7 de zor de\u011fil&#8230;<\/p>\n","protected":false},"excerpt":{"rendered":"<p>\u0130li\u015fkilerin do\u011fas\u0131 karma\u015f\u0131kt\u0131r. \u0130ni\u015fleri \u00e7\u0131k\u0131\u015flar\u0131 vard\u0131r. Kad\u0131nla erkek aras\u0131nda i\u015fler her zaman yolunda gitmeyebilir, t\u0131pk\u0131 hayat gibi&#8230; \u0130li\u015fkiler bazen s\u0131cakt\u0131r, i\u00e7inizi \u0131s\u0131t\u0131r, bazen so\u011fuktur \u00fcrpertir.Her ili\u015fkinin<span class=\"excerpt-hellip\"> [\u2026]<\/span><\/p>\n","protected":false},"featured_media":0,"template":"","meta":{"_monsterinsights_skip_tracking":false,"_monsterinsights_sitenote_active":false,"_monsterinsights_sitenote_note":"","_monsterinsights_sitenote_category":0},"product_brand":[],"product_cat":[12358,12357],"product_tag":[],"class_list":{"0":"post-728708","1":"product","2":"type-product","3":"status-publish","5":"product_cat-genel-psikoloji","6":"product_cat-psikoloji","7":"pa_cilt-ciltsiz","8":"pa_tur-kitap","9":"pa_yayinevi-destek-yayinlari","10":"pa_yazar-esra-ezmeci","12":"first","13":"instock","14":"sale","15":"shipping-taxable","16":"purchasable","17":"product-type-simple"},"_links":{"self":[{"href":"https:\/\/roveyayinevi.com.tr\/index.php\/wp-json\/wp\/v2\/product\/728708","targetHints":{"allow":["GET"]}}],"collection":[{"href":"https:\/\/roveyayinevi.com.tr\/index.php\/wp-json\/wp\/v2\/product"}],"about":[{"href":"https:\/\/roveyayinevi.com.tr\/index.php\/wp-json\/wp\/v2\/types\/product"}],"wp:attachment":[{"href":"https:\/\/roveyayinevi.com.tr\/index.php\/wp-json\/wp\/v2\/media?parent=728708"}],"wp:term":[{"taxonomy":"product_brand","embeddable":true,"href":"https:\/\/roveyayinevi.com.tr\/index.php\/wp-json\/wp\/v2\/product_brand?post=728708"},{"taxonomy":"product_cat","embeddable":true,"href":"https:\/\/roveyayinevi.com.tr\/index.php\/wp-json\/wp\/v2\/product_cat?post=728708"},{"taxonomy":"product_tag","embeddable":true,"href":"https:\/\/roveyayinevi.com.tr\/index.php\/wp-json\/wp\/v2\/product_tag?post=728708"}],"curies":[{"name":"wp","href":"https:\/\/api.w.org\/{rel}","templated":true}]}}