{"id":728706,"date":"2025-08-27T20:43:50","date_gmt":"2025-08-27T17:43:50","guid":{"rendered":"https:\/\/roveyayinevi.com.tr\/index.php\/urun\/alice-harikalar-diyarinda-10\/"},"modified":"2026-04-16T02:36:35","modified_gmt":"2026-04-15T23:36:35","slug":"alice-harikalar-diyarinda-10","status":"publish","type":"product","link":"https:\/\/roveyayinevi.com.tr\/index.php\/urun\/alice-harikalar-diyarinda-10\/","title":{"rendered":"Alice Harikalar Diyar\u0131nda"},"content":{"rendered":"<p>\u201cNe tuhaf bir his!\u201d dedi Alice. \u201cGaliba, bir d\u00fcrb\u00fcn gibi k\u0131sal\u0131yorum.\u201d Alice\u2019in yolculu\u011fu, elindeki saate bakarak h\u0131zl\u0131 h\u0131zl\u0131 y\u00fcr\u00fcyen tuhaf giyimli Beyaz Tav\u015fan\u2019\u0131 g\u00f6rmesiyle ba\u015flad\u0131. Maceralar\u0131 \u00e7ok seven bu k\u00fc\u00e7\u00fck k\u0131z\u0131n, tav\u015fan\u0131n pe\u015finden gitmesi ve kendini her \u015feyin son derece ola\u011fan\u00fcst\u00fc oldu\u011fu bir d\u00fcnyada bulmas\u0131 ka\u00e7\u0131n\u0131lmazd\u0131. Yedi\u011fi ve i\u00e7ti\u011fi \u015feylerle birlikte boyunun bir k\u0131sal\u0131p bir uzad\u0131\u011f\u0131 yetmezmi\u015f gibi Alice bir de, hayat\u0131nda g\u00f6rd\u00fc\u011f\u00fc en s\u0131ra d\u0131\u015f\u0131 \u00e7ay partisine kat\u0131lacak, birbirinden ilgin\u00e7 ve ger\u00e7ek d\u0131\u015f\u0131 karakterlerle kar\u015f\u0131la\u015facakt\u0131. \u0130yi ama, her \u015fey ne zaman bu kadar tuhaf bir hal alm\u0131\u015ft\u0131? Y\u00fcz elli y\u0131l\u0131 a\u015fk\u0131n s\u00fcredir \u00e7ocuk edebiyat\u0131n\u0131n en \u00f6nemli yazarlar\u0131 aras\u0131nda yer alan Lewis Carroll, Alice Harikalar Diyar\u0131nda eseriyle t\u00fcm okurlar\u0131na, kusursuz d\u00fc\u015fler d\u00fcnyas\u0131nda unutulmaz bir okuma deneyimi sunuyor. <\/p>\n","protected":false},"excerpt":{"rendered":"<p>\u201cNe tuhaf bir his!\u201d dedi Alice. \u201cGaliba, bir d\u00fcrb\u00fcn gibi k\u0131sal\u0131yorum.\u201d Alice\u2019in yolculu\u011fu, elindeki saate bakarak h\u0131zl\u0131 h\u0131zl\u0131 y\u00fcr\u00fcyen tuhaf giyimli Beyaz Tav\u015fan\u2019\u0131 g\u00f6rmesiyle ba\u015flad\u0131. Maceralar\u0131<span class=\"excerpt-hellip\"> [\u2026]<\/span><\/p>\n","protected":false},"featured_media":0,"template":"","meta":{"_monsterinsights_skip_tracking":false,"_monsterinsights_sitenote_active":false,"_monsterinsights_sitenote_note":"","_monsterinsights_sitenote_category":0},"product_brand":[],"product_cat":[12274,12284],"product_tag":[],"class_list":{"0":"post-728706","1":"product","2":"type-product","3":"status-publish","5":"product_cat-cocuk-ve-genclik-kitaplari","6":"product_cat-hikayeler","7":"pa_cilt-ciltsiz","8":"pa_tur-kitap","9":"pa_yayinevi-ithaki-yayinlari","10":"pa_yazar-lewis-carroll","12":"first","13":"instock","14":"sale","15":"shipping-taxable","16":"purchasable","17":"product-type-simple"},"_links":{"self":[{"href":"https:\/\/roveyayinevi.com.tr\/index.php\/wp-json\/wp\/v2\/product\/728706","targetHints":{"allow":["GET"]}}],"collection":[{"href":"https:\/\/roveyayinevi.com.tr\/index.php\/wp-json\/wp\/v2\/product"}],"about":[{"href":"https:\/\/roveyayinevi.com.tr\/index.php\/wp-json\/wp\/v2\/types\/product"}],"wp:attachment":[{"href":"https:\/\/roveyayinevi.com.tr\/index.php\/wp-json\/wp\/v2\/media?parent=728706"}],"wp:term":[{"taxonomy":"product_brand","embeddable":true,"href":"https:\/\/roveyayinevi.com.tr\/index.php\/wp-json\/wp\/v2\/product_brand?post=728706"},{"taxonomy":"product_cat","embeddable":true,"href":"https:\/\/roveyayinevi.com.tr\/index.php\/wp-json\/wp\/v2\/product_cat?post=728706"},{"taxonomy":"product_tag","embeddable":true,"href":"https:\/\/roveyayinevi.com.tr\/index.php\/wp-json\/wp\/v2\/product_tag?post=728706"}],"curies":[{"name":"wp","href":"https:\/\/api.w.org\/{rel}","templated":true}]}}