{"id":728705,"date":"2025-08-27T20:43:48","date_gmt":"2025-08-27T17:43:48","guid":{"rendered":"https:\/\/roveyayinevi.com.tr\/index.php\/urun\/sakin-gozlerini-kapama\/"},"modified":"2026-04-16T02:36:35","modified_gmt":"2026-04-15T23:36:35","slug":"sakin-gozlerini-kapama","status":"publish","type":"product","link":"https:\/\/roveyayinevi.com.tr\/index.php\/urun\/sakin-gozlerini-kapama\/","title":{"rendered":"Sak\u0131n G\u00f6zlerini Kapama"},"content":{"rendered":"<p>\u0130K\u0130 KIZ KARDE\u015e\u00d6M\u00dcRL\u00dcK SIRLARKORKUN\u00c7 B\u0130R HESAPLA\u015eMAEski bir rock y\u0131ld\u0131z\u0131 olan Robin, turnedeyken ya\u015fad\u0131\u011f\u0131 panik atak sonras\u0131 kay\u0131plara kar\u0131\u015fm\u0131\u015ft\u0131. Kendini evine kapatm\u0131\u015f, herkesle ili\u015fi\u011fini kesmi\u015f ve g\u00fcnlerini tak\u0131nt\u0131l\u0131 bir \u015fekilde kar\u015f\u0131 apartman\u0131 izlemeye adam\u0131\u015ft\u0131. G\u00f6zlerini bir an bile k\u0131rparsa herkesin ba\u015f\u0131na felaketler \u00fc\u015f\u00fc\u015febilirdi.Sarah\u2019n\u0131n ise gidecek bir evi bile yoktu. Kocas\u0131 onu evden kovmu\u015f, bebeklerini de bir daha ona g\u00f6stermemeye yemin etmi\u015fti. Sarah ikizini sakland\u0131\u011f\u0131 delikte bulmal\u0131 ve k\u0131z\u0131n\u0131 geri almak i\u00e7in kendisine yard\u0131m etmesini sa\u011flamal\u0131yd\u0131, hem de yalanlar\u0131 ona yeti\u015fmeden \u00f6nce.Ama Robin\u2019i arayan tek ki\u015fi Sarah de\u011fildi. Ailelerine y\u0131llard\u0131r musallat olan s\u0131rlarla hesapla\u015fma vakti gelip \u00e7atm\u0131\u015ft\u0131. Ge\u00e7mi\u015f art\u0131k kap\u0131dayd\u0131.\u201c\u00c7ok ak\u0131ll\u0131ca kurgulanm\u0131\u015f bir psikolojik gerilim\u2026 Seddon birbirlerine yabanc\u0131la\u015fm\u0131\u015f ikizlerin hayat\u0131n\u0131 ustal\u0131kla \u00f6r\u00fcyor\u2026 Bir\u00e7ok son dakika bombas\u0131 sizi bekliyor.\u201d \u2014Publisher\u2019s Weekly\u201cSak\u0131n G\u00f6zlerini Kapama, iki aile i\u00e7inde yatan s\u0131rlar ve yalanlardan meydana gelen muhte\u015fem bir psikolojik \u015f\u00f6len. K\u0131\u015fk\u0131rt\u0131c\u0131, d\u00e2hiyane, \u015fa\u015f\u0131rt\u0131c\u0131 ve tamamen merak uyand\u0131r\u0131c\u0131. Bravo!\u201d \u2014Sam Carrington\u201cSak\u0131n G\u00f6zlerini Kapama, ola\u011fan\u00fcst\u00fc bir sonu olan, \u00e7ocukluk travmalar\u0131n\u0131n yeti\u015fkinlikteki etkilerine dair olduk\u00e7a duyarl\u0131 ve s\u00fcr\u00fckleyici bir ke\u015fif. Kesinlikle hayran kald\u0131m.\u201d \u2014Gillian McAllister\u201cTanr\u0131 a\u015fk\u0131na. Bu kitap \u00c7OK iyi\u2026 \u2018kalp s\u0131k\u0131\u015ft\u0131ran\u2019 ve \u2018dudak u\u00e7uklatan\u2019 deyi\u015flerinin kli\u015fe kald\u0131\u011f\u0131n\u0131 biliyorum ama bana olan \u015fey tam da buydu. O kadar heyecanland\u0131m ki uyuyamad\u0131m\u2026\u201d \u2014Deborah O\u2019 Connor\u201cSayfalar\u0131 \u00e7evirmekten kendimi alamad\u0131m. Kelimenin tam anlam\u0131yla b\u00fcy\u00fcleyici.\u201d \u2014Jane Fallon\u201cElimden b\u0131rakamad\u0131m!\u201d \u2014Sanjida Kay\u201cM\u00fckemmel bir gerilim\u2026 Ka\u00e7\u0131r\u0131lmayacak kadar harika!\u201d \u2014Sun on Sunday Fabulous Magazine <\/p>\n","protected":false},"excerpt":{"rendered":"<p>\u0130K\u0130 KIZ KARDE\u015e\u00d6M\u00dcRL\u00dcK SIRLARKORKUN\u00c7 B\u0130R HESAPLA\u015eMAEski bir rock y\u0131ld\u0131z\u0131 olan Robin, turnedeyken ya\u015fad\u0131\u011f\u0131 panik atak sonras\u0131 kay\u0131plara kar\u0131\u015fm\u0131\u015ft\u0131. Kendini evine kapatm\u0131\u015f, herkesle ili\u015fi\u011fini kesmi\u015f ve g\u00fcnlerini<span class=\"excerpt-hellip\"> [\u2026]<\/span><\/p>\n","protected":false},"featured_media":0,"template":"","meta":{"_monsterinsights_skip_tracking":false,"_monsterinsights_sitenote_active":false,"_monsterinsights_sitenote_note":"","_monsterinsights_sitenote_category":0},"product_brand":[],"product_cat":[12291,17033],"product_tag":[],"class_list":{"0":"post-728705","1":"product","2":"type-product","3":"status-publish","5":"product_cat-edebiyat","6":"product_cat-korku-gerilim","7":"pa_cilt-ciltsiz","8":"pa_tur-kitap","9":"pa_yayinevi-yabanci-yayinevi","10":"pa_yazar-holly-seddon","12":"first","13":"instock","14":"sale","15":"shipping-taxable","16":"purchasable","17":"product-type-simple"},"_links":{"self":[{"href":"https:\/\/roveyayinevi.com.tr\/index.php\/wp-json\/wp\/v2\/product\/728705","targetHints":{"allow":["GET"]}}],"collection":[{"href":"https:\/\/roveyayinevi.com.tr\/index.php\/wp-json\/wp\/v2\/product"}],"about":[{"href":"https:\/\/roveyayinevi.com.tr\/index.php\/wp-json\/wp\/v2\/types\/product"}],"wp:attachment":[{"href":"https:\/\/roveyayinevi.com.tr\/index.php\/wp-json\/wp\/v2\/media?parent=728705"}],"wp:term":[{"taxonomy":"product_brand","embeddable":true,"href":"https:\/\/roveyayinevi.com.tr\/index.php\/wp-json\/wp\/v2\/product_brand?post=728705"},{"taxonomy":"product_cat","embeddable":true,"href":"https:\/\/roveyayinevi.com.tr\/index.php\/wp-json\/wp\/v2\/product_cat?post=728705"},{"taxonomy":"product_tag","embeddable":true,"href":"https:\/\/roveyayinevi.com.tr\/index.php\/wp-json\/wp\/v2\/product_tag?post=728705"}],"curies":[{"name":"wp","href":"https:\/\/api.w.org\/{rel}","templated":true}]}}