{"id":728704,"date":"2025-08-27T20:43:47","date_gmt":"2025-08-27T17:43:47","guid":{"rendered":"https:\/\/roveyayinevi.com.tr\/index.php\/urun\/issiz-2\/"},"modified":"2026-04-16T02:36:35","modified_gmt":"2026-04-15T23:36:35","slug":"issiz-2","status":"publish","type":"product","link":"https:\/\/roveyayinevi.com.tr\/index.php\/urun\/issiz-2\/","title":{"rendered":"Iss\u0131z"},"content":{"rendered":"<p>E\u015eS\u0130Z ll Att\u0131\u011f\u0131 her ad\u0131mla \u00e7ukurun i\u00e7ine hapsolan \u00c7ak\u0131l, ka\u00e7\u0131p sakland\u0131\u011f\u0131 liman\u0131nda uzun zaman sonra t\u00f6kezlemeden y\u00fcr\u00fcmeye ba\u015flam\u0131\u015ft\u0131. \u0130\u00e7inde zincirledi\u011fi \u00e7ocuklu\u011fu, kahraman\u0131n\u0131n ona uzatt\u0131\u011f\u0131 elleri sayesinde teker teker \u00e7\u00f6z\u00fcl\u00fcyordu. \u0130\u015fler bu noktadayken, her defas\u0131nda \u00c7ak\u0131l\u2019a \u201cbizim geri d\u00f6n\u00fc\u015f\u00fcm\u00fcz yok\u201d diyen Kaan, Kendisine tutunan bu k\u0131z \u00e7ocu\u011funun sevgisine nas\u0131l leke d\u00fc\u015f\u00fcrebilirdi? Olaylar ger\u00e7ekte de d\u0131\u015far\u0131dan g\u00f6r\u00fcnd\u00fc\u011f\u00fc gibi miydi? Peki, intikam\u0131 i\u00e7in sava\u015fan Kaan\u2019\u0131n hayat\u0131nda \u00c7ak\u0131l\u2019\u0131n yeri neresiydi? Hayat\u0131n\u0131n odak noktas\u0131nda intikam varken kendini \u00c7ak\u0131l i\u00e7in de\u011fi\u015ftirebilir miydi? \u0130\u00e7inize kor gibi d\u00fc\u015fecek duygular\u0131n yan\u0131 s\u0131ra merak\u0131n her daim zirvede olaca\u011f\u0131, elinizden b\u0131rakamayaca\u011f\u0131n\u0131z bir kitap\u2026 Iss\u0131z, ge\u00e7mi\u015flerinden kurtulamayan iki sahipsiz y\u00fcre\u011fin birlikte b\u00fcy\u00fcd\u00fc\u011f\u00fc, s\u00fcr\u00fckleyici bir roman.   Aya\u011f\u0131 her tak\u0131ld\u0131\u011f\u0131nda y\u0131lmadan kalkanlar\u0131n, beraber yan\u0131p beraber yakanlar\u0131n hik\u00e2yesi. <\/p>\n","protected":false},"excerpt":{"rendered":"<p>E\u015eS\u0130Z ll Att\u0131\u011f\u0131 her ad\u0131mla \u00e7ukurun i\u00e7ine hapsolan \u00c7ak\u0131l, ka\u00e7\u0131p sakland\u0131\u011f\u0131 liman\u0131nda uzun zaman sonra t\u00f6kezlemeden y\u00fcr\u00fcmeye ba\u015flam\u0131\u015ft\u0131. \u0130\u00e7inde zincirledi\u011fi \u00e7ocuklu\u011fu, kahraman\u0131n\u0131n ona uzatt\u0131\u011f\u0131 elleri sayesinde<span class=\"excerpt-hellip\"> [\u2026]<\/span><\/p>\n","protected":false},"featured_media":0,"template":"","meta":{"_monsterinsights_skip_tracking":false,"_monsterinsights_sitenote_active":false,"_monsterinsights_sitenote_note":"","_monsterinsights_sitenote_category":0},"product_brand":[],"product_cat":[14643,12291],"product_tag":[],"class_list":{"0":"post-728704","1":"product","2":"type-product","3":"status-publish","5":"product_cat-ask","6":"product_cat-edebiyat","7":"pa_cilt-ciltsiz","8":"pa_tur-kitap","9":"pa_yayinevi-muptela-yayinevi","10":"pa_yazar-elcin-esin","12":"first","13":"instock","14":"sale","15":"shipping-taxable","16":"purchasable","17":"product-type-simple"},"_links":{"self":[{"href":"https:\/\/roveyayinevi.com.tr\/index.php\/wp-json\/wp\/v2\/product\/728704","targetHints":{"allow":["GET"]}}],"collection":[{"href":"https:\/\/roveyayinevi.com.tr\/index.php\/wp-json\/wp\/v2\/product"}],"about":[{"href":"https:\/\/roveyayinevi.com.tr\/index.php\/wp-json\/wp\/v2\/types\/product"}],"wp:attachment":[{"href":"https:\/\/roveyayinevi.com.tr\/index.php\/wp-json\/wp\/v2\/media?parent=728704"}],"wp:term":[{"taxonomy":"product_brand","embeddable":true,"href":"https:\/\/roveyayinevi.com.tr\/index.php\/wp-json\/wp\/v2\/product_brand?post=728704"},{"taxonomy":"product_cat","embeddable":true,"href":"https:\/\/roveyayinevi.com.tr\/index.php\/wp-json\/wp\/v2\/product_cat?post=728704"},{"taxonomy":"product_tag","embeddable":true,"href":"https:\/\/roveyayinevi.com.tr\/index.php\/wp-json\/wp\/v2\/product_tag?post=728704"}],"curies":[{"name":"wp","href":"https:\/\/api.w.org\/{rel}","templated":true}]}}