{"id":728703,"date":"2025-08-27T20:43:46","date_gmt":"2025-08-27T17:43:46","guid":{"rendered":"https:\/\/roveyayinevi.com.tr\/index.php\/urun\/kara-dortleme-kutu-set-4-kitap-ciltli\/"},"modified":"2026-04-16T02:36:35","modified_gmt":"2026-04-15T23:36:35","slug":"kara-dortleme-kutu-set-4-kitap-ciltli","status":"publish","type":"product","link":"https:\/\/roveyayinevi.com.tr\/index.php\/urun\/kara-dortleme-kutu-set-4-kitap-ciltli\/","title":{"rendered":"Kara D\u00f6rtleme Kutu Set &#8211; 4 Kitap (Ciltli)"},"content":{"rendered":"<p>Distopya edebiyat\u0131n\u0131n en \u00f6nemli klasikleri bu setle bir araya geliyor. Zamyatin\u2019in Tek Devlet\u2019\u00e7i Biz\u2019i, Huxley\u2019nin mutlulu\u011fu zorunlu tutan Cesur Yeni D\u00fcnya\u2019s\u0131, Orwell\u2019in totaliter 1984\u2019\u00fc ve Bradbury\u2019nin kitap yak\u0131lan anlat\u0131s\u0131 Fahrenheit 451\u2019i bu yeni setle birlikte distopyan\u0131n kare as\u0131n\u0131 tamaml\u0131yor. <\/p>\n","protected":false},"excerpt":{"rendered":"<p>Distopya edebiyat\u0131n\u0131n en \u00f6nemli klasikleri bu setle bir araya geliyor. Zamyatin\u2019in Tek Devlet\u2019\u00e7i Biz\u2019i, Huxley\u2019nin mutlulu\u011fu zorunlu tutan Cesur Yeni D\u00fcnya\u2019s\u0131, Orwell\u2019in totaliter 1984\u2019\u00fc ve Bradbury\u2019nin<span class=\"excerpt-hellip\"> [\u2026]<\/span><\/p>\n","protected":false},"featured_media":0,"template":"","meta":{"_monsterinsights_skip_tracking":false,"_monsterinsights_sitenote_active":false,"_monsterinsights_sitenote_note":"","_monsterinsights_sitenote_category":0},"product_brand":[],"product_cat":[12540,12291],"product_tag":[],"class_list":{"0":"post-728703","1":"product","2":"type-product","3":"status-publish","5":"product_cat-bilim-kurgu","6":"product_cat-edebiyat","7":"pa_cilt-ciltli","8":"pa_tur-kitap","9":"pa_yayinevi-ithaki-yayinlari","10":"pa_yazar-ithaki-yayinlari-kolektif","12":"first","13":"instock","14":"sale","15":"shipping-taxable","16":"purchasable","17":"product-type-simple"},"_links":{"self":[{"href":"https:\/\/roveyayinevi.com.tr\/index.php\/wp-json\/wp\/v2\/product\/728703","targetHints":{"allow":["GET"]}}],"collection":[{"href":"https:\/\/roveyayinevi.com.tr\/index.php\/wp-json\/wp\/v2\/product"}],"about":[{"href":"https:\/\/roveyayinevi.com.tr\/index.php\/wp-json\/wp\/v2\/types\/product"}],"wp:attachment":[{"href":"https:\/\/roveyayinevi.com.tr\/index.php\/wp-json\/wp\/v2\/media?parent=728703"}],"wp:term":[{"taxonomy":"product_brand","embeddable":true,"href":"https:\/\/roveyayinevi.com.tr\/index.php\/wp-json\/wp\/v2\/product_brand?post=728703"},{"taxonomy":"product_cat","embeddable":true,"href":"https:\/\/roveyayinevi.com.tr\/index.php\/wp-json\/wp\/v2\/product_cat?post=728703"},{"taxonomy":"product_tag","embeddable":true,"href":"https:\/\/roveyayinevi.com.tr\/index.php\/wp-json\/wp\/v2\/product_tag?post=728703"}],"curies":[{"name":"wp","href":"https:\/\/api.w.org\/{rel}","templated":true}]}}