{"id":728701,"date":"2025-08-27T20:43:44","date_gmt":"2025-08-27T17:43:44","guid":{"rendered":"https:\/\/roveyayinevi.com.tr\/index.php\/urun\/anna-freud-bakire-olen-bir-anne\/"},"modified":"2026-04-13T02:45:31","modified_gmt":"2026-04-12T23:45:31","slug":"anna-freud-bakire-olen-bir-anne","status":"publish","type":"product","link":"https:\/\/roveyayinevi.com.tr\/index.php\/urun\/anna-freud-bakire-olen-bir-anne\/","title":{"rendered":"Anna Freud &#8211; Bakire \u00d6len Bir Anne"},"content":{"rendered":"<p>\u201cHareketlerimize h\u00fckmeden \u015fey, ke\u015fif ruhunun verdi\u011fi ne\u015fe ve canl\u0131l\u0131kt\u0131.\u201dPsikanalizin kurucusu Sigmund Freud\u2019un alt\u0131 \u00e7ocu\u011funun aras\u0131ndan taht\u0131n\u0131 devredece\u011fi tek v\u00e2risiolarak g\u00f6rd\u00fc\u011f\u00fc ki\u015fiydi Anna Freud, \u00f6yle de oldu.Anna Freud, babas\u0131ndan devrald\u0131\u011f\u0131 tac\u0131n hakk\u0131n\u0131 sonuna kadar verdi. Hayat\u0131n\u0131 babas\u0131 Freud\u2019a veonun \u00f6\u011fretilerine adad\u0131. Psikanalizi \u00f6l\u00fcms\u00fczle\u015ftirmeye adeta ant i\u00e7mi\u015f bu gen\u00e7 kad\u0131n \u00c7ocukPsikanalizi ve Benlik Psikolojisi ekollerini geli\u015ftirdi, psikanalitik ilkelerin \u00e7ocuk terapisineuygulanmas\u0131na \u00f6nc\u00fcl\u00fck etti.Hi\u00e7 evlenmedi ama hem \u00e7ok sevdi hem de \u00e7ok sevildi. Hayat arkada\u015f\u0131 Dorothy ile beraberkurucusu oldu\u011fu okullar ve enstit\u00fcler sayesinde say\u0131s\u0131z \u00e7ocu\u011fa ev verdi, onlar\u0131 korudu, her birineannelik yapt\u0131.Psikanaliz d\u00fcnyas\u0131ndaki paha bi\u00e7ilemez katk\u0131lar\u0131na ra\u011fmen hep g\u00f6lgede kalmay\u0131 tercih etti.\u015e\u00f6hreti ve \u015fovu hayat\u0131 boyunca reddetti. Bu y\u00fczden ismi \u00e7ok an\u0131lmad\u0131\u011f\u0131 halde g\u00fcn\u00fcm\u00fczde bilehalen \u00e7ocuk ruh sa\u011fl\u0131\u011f\u0131na dair yap\u0131lan t\u00fcm \u00e7al\u0131\u015fmalarda onun dokunu\u015flar\u0131 vard\u0131r. D\u00fcnyaya geldi\u011finden beri ba\u015fkalar\u0131n\u0131n sevgisini kazanmak i\u00e7in u\u011fra\u015fan, babas\u0131na \u00e2\u015f\u0131k, \u00e7ocuklardan ve hayvanlardan hi\u00e7 vazge\u00e7meyen bir bilim kad\u0131n\u0131n\u0131n hik\u00e2yesini okuyacaks\u0131n\u0131z bu kitapta\u2026<\/p>\n","protected":false},"excerpt":{"rendered":"<p>\u201cHareketlerimize h\u00fckmeden \u015fey, ke\u015fif ruhunun verdi\u011fi ne\u015fe ve canl\u0131l\u0131kt\u0131.\u201dPsikanalizin kurucusu Sigmund Freud\u2019un alt\u0131 \u00e7ocu\u011funun aras\u0131ndan taht\u0131n\u0131 devredece\u011fi tek v\u00e2risiolarak g\u00f6rd\u00fc\u011f\u00fc ki\u015fiydi Anna Freud, \u00f6yle de oldu.Anna<span class=\"excerpt-hellip\"> [\u2026]<\/span><\/p>\n","protected":false},"featured_media":0,"template":"","meta":{"_monsterinsights_skip_tracking":false,"_monsterinsights_sitenote_active":false,"_monsterinsights_sitenote_note":"","_monsterinsights_sitenote_category":0},"product_brand":[],"product_cat":[14009,12291],"product_tag":[],"class_list":{"0":"post-728701","1":"product","2":"type-product","3":"status-publish","5":"product_cat-biyografi-otobiyografi-edebiyat","6":"product_cat-edebiyat","7":"pa_cilt-ciltsiz","8":"pa_tur-kitap","9":"pa_yayinevi-destek-yayinlari","10":"pa_yazar-sehnaz-tuna","12":"first","13":"instock","14":"sale","15":"shipping-taxable","16":"purchasable","17":"product-type-simple"},"_links":{"self":[{"href":"https:\/\/roveyayinevi.com.tr\/index.php\/wp-json\/wp\/v2\/product\/728701","targetHints":{"allow":["GET"]}}],"collection":[{"href":"https:\/\/roveyayinevi.com.tr\/index.php\/wp-json\/wp\/v2\/product"}],"about":[{"href":"https:\/\/roveyayinevi.com.tr\/index.php\/wp-json\/wp\/v2\/types\/product"}],"wp:attachment":[{"href":"https:\/\/roveyayinevi.com.tr\/index.php\/wp-json\/wp\/v2\/media?parent=728701"}],"wp:term":[{"taxonomy":"product_brand","embeddable":true,"href":"https:\/\/roveyayinevi.com.tr\/index.php\/wp-json\/wp\/v2\/product_brand?post=728701"},{"taxonomy":"product_cat","embeddable":true,"href":"https:\/\/roveyayinevi.com.tr\/index.php\/wp-json\/wp\/v2\/product_cat?post=728701"},{"taxonomy":"product_tag","embeddable":true,"href":"https:\/\/roveyayinevi.com.tr\/index.php\/wp-json\/wp\/v2\/product_tag?post=728701"}],"curies":[{"name":"wp","href":"https:\/\/api.w.org\/{rel}","templated":true}]}}