{"id":728700,"date":"2025-08-27T20:43:43","date_gmt":"2025-08-27T17:43:43","guid":{"rendered":"https:\/\/roveyayinevi.com.tr\/index.php\/urun\/tip-ve-din\/"},"modified":"2026-04-16T02:36:35","modified_gmt":"2026-04-15T23:36:35","slug":"tip-ve-din","status":"publish","type":"product","link":"https:\/\/roveyayinevi.com.tr\/index.php\/urun\/tip-ve-din\/","title":{"rendered":"T\u0131p ve Din"},"content":{"rendered":"<p>T\u0131bbi meselelere dinin nas\u0131l bakt\u0131\u011f\u0131n\u0131 \u00e7o\u011fumuz merak ederiz. Basit bir estetik operasyondan tutun, \u00f6tanazi gibi \u201chayati\u201d kararlara kadar pek \u00e7ok yerde i\u015fin manevi boyutu girer devreye. Organ nakli gibi b\u0131\u00e7ak s\u0131rt\u0131 konularda karar vermek gerekti\u011finde \u201ctarafs\u0131z bilgi\u201dye ihtiya\u00e7 duyar\u0131z. Kimi zaman da, t\u00fcm toplumu ilgilendiren s\u00fct bankalar\u0131n\u0131 millet\u00e7e, enine boyuna tart\u0131\u015f\u0131r\u0131z, sorular sorar\u0131z. K\u00fcrtaj, sperm bankas\u0131, t\u00fcp bebek, do\u011fum kontrol\u00fc, hastal\u0131k durumunda ibadet, alkol kullan\u0131m\u0131, \u00e7ift cinsiyetlilik, di\u015f tedavileri, sa\u00e7 ektirme, t\u00fcp mide ameliyatlar\u0131, v\u00fccuda d\u00f6vme yapt\u0131rma dinimizce nas\u0131l de\u011ferlendirilir? Bula\u015f\u0131c\u0131 ve salg\u0131n hastal\u0131klarda neler \u00f6\u011f\u00fctlenir?Bu Sorular Adam\u0131 Dinden \u00c7\u0131kar\u0131r kitab\u0131yla \u201cT\u00fcrkiye Kristal K\u00fcre \u00d6d\u00fclleri 2020 Y\u0131l\u0131n\u0131n En \u0130yi Kitab\u0131\u201d \u00f6d\u00fcl\u00fcn\u00fc kazanan ilahiyat\u00e7\u0131 yazar \u00dcmit \u00d6zdemir, elinizdeki T\u0131p ve Din kitab\u0131nda t\u00fcm bu sorular\u0131  akademik kaynaklar \u0131\u015f\u0131\u011f\u0131nda cevapl\u0131yor.Bu sorular\u0131n cevab\u0131 sadece evet veya hay\u0131r de\u011fil. Siyah beyaz de\u011fil\u2026 Hayat gibi\u2026 Ayet ve hadislerde nas\u0131l yer al\u0131yor, konu hakk\u0131nda yaz\u0131lm\u0131\u015f eserlerde ne deniyor, hepsini aktararak hangi ko\u015fullarda nas\u0131l de\u011ferlendirme yapabilece\u011fimizi anlat\u0131yor. Farkl\u0131 g\u00f6r\u00fc\u015fleri dile getiriyor.Kulaktan dolma rivayete de\u011fil, kan\u0131ta, belgeye dayal\u0131 bilgiye itibar edenler i\u00e7in \u00f6nemli bir rehber!<\/p>\n","protected":false},"excerpt":{"rendered":"<p>T\u0131bbi meselelere dinin nas\u0131l bakt\u0131\u011f\u0131n\u0131 \u00e7o\u011fumuz merak ederiz. Basit bir estetik operasyondan tutun, \u00f6tanazi gibi \u201chayati\u201d kararlara kadar pek \u00e7ok yerde i\u015fin manevi boyutu girer devreye.<span class=\"excerpt-hellip\"> [\u2026]<\/span><\/p>\n","protected":false},"featured_media":0,"template":"","meta":{"_monsterinsights_skip_tracking":false,"_monsterinsights_sitenote_active":false,"_monsterinsights_sitenote_note":"","_monsterinsights_sitenote_category":0},"product_brand":[],"product_cat":[12718,12858],"product_tag":[],"class_list":{"0":"post-728700","1":"product","2":"type-product","3":"status-publish","5":"product_cat-din","6":"product_cat-mitolojiler","7":"pa_cilt-ciltsiz","8":"pa_tur-kitap","9":"pa_yayinevi-hayykitap","10":"pa_yazar-umit-ozdemir","12":"first","13":"instock","14":"sale","15":"shipping-taxable","16":"purchasable","17":"product-type-simple"},"_links":{"self":[{"href":"https:\/\/roveyayinevi.com.tr\/index.php\/wp-json\/wp\/v2\/product\/728700","targetHints":{"allow":["GET"]}}],"collection":[{"href":"https:\/\/roveyayinevi.com.tr\/index.php\/wp-json\/wp\/v2\/product"}],"about":[{"href":"https:\/\/roveyayinevi.com.tr\/index.php\/wp-json\/wp\/v2\/types\/product"}],"wp:attachment":[{"href":"https:\/\/roveyayinevi.com.tr\/index.php\/wp-json\/wp\/v2\/media?parent=728700"}],"wp:term":[{"taxonomy":"product_brand","embeddable":true,"href":"https:\/\/roveyayinevi.com.tr\/index.php\/wp-json\/wp\/v2\/product_brand?post=728700"},{"taxonomy":"product_cat","embeddable":true,"href":"https:\/\/roveyayinevi.com.tr\/index.php\/wp-json\/wp\/v2\/product_cat?post=728700"},{"taxonomy":"product_tag","embeddable":true,"href":"https:\/\/roveyayinevi.com.tr\/index.php\/wp-json\/wp\/v2\/product_tag?post=728700"}],"curies":[{"name":"wp","href":"https:\/\/api.w.org\/{rel}","templated":true}]}}