{"id":728699,"date":"2025-08-27T20:43:42","date_gmt":"2025-08-27T17:43:42","guid":{"rendered":"https:\/\/roveyayinevi.com.tr\/index.php\/urun\/turkiyede-hanehalki-tasarruf-egilimi-mikroekonometrik-analiz\/"},"modified":"2026-04-16T02:36:35","modified_gmt":"2026-04-15T23:36:35","slug":"turkiyede-hanehalki-tasarruf-egilimi-mikroekonometrik-analiz","status":"publish","type":"product","link":"https:\/\/roveyayinevi.com.tr\/index.php\/urun\/turkiyede-hanehalki-tasarruf-egilimi-mikroekonometrik-analiz\/","title":{"rendered":"T\u00fcrkiye&#8217;de Hanehalk\u0131 Tasarruf E\u011filimi &#8211; Mikroekonometrik Analiz"},"content":{"rendered":"<p>B\u0130R\u0130NC\u0130 B\u00d6L\u00dcM \u2013 Tasarruf E\u011filimi Ve Hanehalk\u0131 Tasarruflar\u0131 1.1.Tasarruf, T\u00fcketim ve Gelir \u0130li\u015fkisi 1.2.Tasarruf E\u011filimi A\u00e7\u0131klamaya Y\u00f6nelik Geleneksel Yakla\u015f\u0131mlar 1.3.T\u00fcrkiye Ekonomisinde Hanehalk\u0131 Tasarruflar\u0131 \u0130K\u0130NC\u0130 B\u00d6L\u00dcM \u2013 Ekonometrik Teori       2.1.Kantil Regresyon Y\u00f6ntemi ve Kavramlar 2.2.Sans\u00fcrl\u00fc Regresyon Modelleri \u00dc\u00c7\u00dcNC\u00dc B\u00d6L\u00dcM \u2013 Kantil Regresyon ve Sans\u00fcrl\u00fc Modellerle T\u00fcrkiye\u2019de Hanehalk\u0131 Tasarruflar\u0131n\u0131n Mikroekonometrik Analizi 3.1.Literat\u00fcr Taramas\u0131 3.2.Ara\u015ft\u0131rman\u0131n Konusu ve Amac\u0131 3.3.Kullan\u0131lan De\u011fi\u015fkenler Ve Tan\u0131mlay\u0131c\u0131 \u0130statistikler 3.4.Uygulama 3.5.Ekonometrik Modeller <\/p>\n","protected":false},"excerpt":{"rendered":"<p>B\u0130R\u0130NC\u0130 B\u00d6L\u00dcM \u2013 Tasarruf E\u011filimi Ve Hanehalk\u0131 Tasarruflar\u0131 1.1.Tasarruf, T\u00fcketim ve Gelir \u0130li\u015fkisi 1.2.Tasarruf E\u011filimi A\u00e7\u0131klamaya Y\u00f6nelik Geleneksel Yakla\u015f\u0131mlar 1.3.T\u00fcrkiye Ekonomisinde Hanehalk\u0131 Tasarruflar\u0131 \u0130K\u0130NC\u0130 B\u00d6L\u00dcM \u2013<span class=\"excerpt-hellip\"> [\u2026]<\/span><\/p>\n","protected":false},"featured_media":0,"template":"","meta":{"_monsterinsights_skip_tracking":false,"_monsterinsights_sitenote_active":false,"_monsterinsights_sitenote_note":"","_monsterinsights_sitenote_category":0},"product_brand":[],"product_cat":[14841,13043],"product_tag":[],"class_list":{"0":"post-728699","1":"product","2":"type-product","3":"status-publish","5":"product_cat-arastirma-inceleme-kuram","6":"product_cat-ekonomi","7":"pa_cilt-ciltsiz","8":"pa_tur-kitap","9":"pa_yayinevi-gazi-kitabevi","10":"pa_yazar-zerife-yildirim","12":"first","13":"instock","14":"sale","15":"shipping-taxable","16":"purchasable","17":"product-type-simple"},"_links":{"self":[{"href":"https:\/\/roveyayinevi.com.tr\/index.php\/wp-json\/wp\/v2\/product\/728699","targetHints":{"allow":["GET"]}}],"collection":[{"href":"https:\/\/roveyayinevi.com.tr\/index.php\/wp-json\/wp\/v2\/product"}],"about":[{"href":"https:\/\/roveyayinevi.com.tr\/index.php\/wp-json\/wp\/v2\/types\/product"}],"wp:attachment":[{"href":"https:\/\/roveyayinevi.com.tr\/index.php\/wp-json\/wp\/v2\/media?parent=728699"}],"wp:term":[{"taxonomy":"product_brand","embeddable":true,"href":"https:\/\/roveyayinevi.com.tr\/index.php\/wp-json\/wp\/v2\/product_brand?post=728699"},{"taxonomy":"product_cat","embeddable":true,"href":"https:\/\/roveyayinevi.com.tr\/index.php\/wp-json\/wp\/v2\/product_cat?post=728699"},{"taxonomy":"product_tag","embeddable":true,"href":"https:\/\/roveyayinevi.com.tr\/index.php\/wp-json\/wp\/v2\/product_tag?post=728699"}],"curies":[{"name":"wp","href":"https:\/\/api.w.org\/{rel}","templated":true}]}}