{"id":728698,"date":"2025-08-27T20:43:42","date_gmt":"2025-08-27T17:43:42","guid":{"rendered":"https:\/\/roveyayinevi.com.tr\/index.php\/urun\/suriyeli-gocmenlerin-isgucu-piyasasina-entegrasyonunda-kurumsal-etkiler-undp-ornegi\/"},"modified":"2026-04-16T02:36:35","modified_gmt":"2026-04-15T23:36:35","slug":"suriyeli-gocmenlerin-isgucu-piyasasina-entegrasyonunda-kurumsal-etkiler-undp-ornegi","status":"publish","type":"product","link":"https:\/\/roveyayinevi.com.tr\/index.php\/urun\/suriyeli-gocmenlerin-isgucu-piyasasina-entegrasyonunda-kurumsal-etkiler-undp-ornegi\/","title":{"rendered":"Suriyeli G\u00f6\u00e7menlerin \u0130\u015fg\u00fcc\u00fc Piyasas\u0131na Entegrasyonunda Kurumsal Etkiler &#8211; UNDP \u00d6rne\u011fi"},"content":{"rendered":"<p>Birinci B\u00f6l\u00fcm \u2013 Giri\u015f \u0130kinci B\u00f6l\u00fcm \u2013 G\u00f6\u00e7 ve Mesleki E\u011fitim \u00dc\u00e7\u00fcnc\u00fc B\u00f6l\u00fcm \u2013 Mevcut DurumAnalizi: Suriyeli G\u00f6\u00e7menlerin \u015eanl\u0131urfa \u0130lindeki Genel Durumlar\u0131 D\u00f6rd\u00fcnc\u00fc B\u00f6l\u00fcm \u2013 Hizmetler Sekt\u00f6r\u00fcne Y\u00f6nelik  Mesleki E\u011fitimler Sonucunda Elde Edilen \u0130statistiklerin De\u011ferlendirilmesi Be\u015finci B\u00f6l\u00fcm \u2013 Tar\u0131m Sekt\u00f6r\u00fcne Y\u00f6nelik Mesleki E\u011fitimler Sonucunda Elde Edilen \u0130statistiklerin De\u011ferlendirilmesi Alt\u0131nc\u0131 B\u00f6l\u00fcm \u2013 Sanayi ve \u0130malat Sekt\u00f6r\u00fcn\u00fcn Genel G\u00f6r\u00fcn\u00fcm\u00fc ve Sekt\u00f6re Y\u00f6nelik Mesleki E\u011fitimlerin Sonucunun De\u011ferlendirilmesi Yedinci B\u00f6l\u00fcm &#8211; Sonu\u00e7 <\/p>\n","protected":false},"excerpt":{"rendered":"<p>Birinci B\u00f6l\u00fcm \u2013 Giri\u015f \u0130kinci B\u00f6l\u00fcm \u2013 G\u00f6\u00e7 ve Mesleki E\u011fitim \u00dc\u00e7\u00fcnc\u00fc B\u00f6l\u00fcm \u2013 Mevcut DurumAnalizi: Suriyeli G\u00f6\u00e7menlerin \u015eanl\u0131urfa \u0130lindeki Genel Durumlar\u0131 D\u00f6rd\u00fcnc\u00fc B\u00f6l\u00fcm \u2013 Hizmetler<span class=\"excerpt-hellip\"> [\u2026]<\/span><\/p>\n","protected":false},"featured_media":0,"template":"","meta":{"_monsterinsights_skip_tracking":false,"_monsterinsights_sitenote_active":false,"_monsterinsights_sitenote_note":"","_monsterinsights_sitenote_category":0},"product_brand":[],"product_cat":[14841,13043],"product_tag":[],"class_list":{"0":"post-728698","1":"product","2":"type-product","3":"status-publish","5":"product_cat-arastirma-inceleme-kuram","6":"product_cat-ekonomi","7":"pa_cilt-ciltsiz","8":"pa_tur-kitap","9":"pa_yayinevi-gazi-kitabevi","10":"pa_yazar-ayse-cebeci-zerife-yildirim","12":"first","13":"instock","14":"sale","15":"shipping-taxable","16":"purchasable","17":"product-type-simple"},"_links":{"self":[{"href":"https:\/\/roveyayinevi.com.tr\/index.php\/wp-json\/wp\/v2\/product\/728698","targetHints":{"allow":["GET"]}}],"collection":[{"href":"https:\/\/roveyayinevi.com.tr\/index.php\/wp-json\/wp\/v2\/product"}],"about":[{"href":"https:\/\/roveyayinevi.com.tr\/index.php\/wp-json\/wp\/v2\/types\/product"}],"wp:attachment":[{"href":"https:\/\/roveyayinevi.com.tr\/index.php\/wp-json\/wp\/v2\/media?parent=728698"}],"wp:term":[{"taxonomy":"product_brand","embeddable":true,"href":"https:\/\/roveyayinevi.com.tr\/index.php\/wp-json\/wp\/v2\/product_brand?post=728698"},{"taxonomy":"product_cat","embeddable":true,"href":"https:\/\/roveyayinevi.com.tr\/index.php\/wp-json\/wp\/v2\/product_cat?post=728698"},{"taxonomy":"product_tag","embeddable":true,"href":"https:\/\/roveyayinevi.com.tr\/index.php\/wp-json\/wp\/v2\/product_tag?post=728698"}],"curies":[{"name":"wp","href":"https:\/\/api.w.org\/{rel}","templated":true}]}}