{"id":728697,"date":"2025-08-27T20:43:41","date_gmt":"2025-08-27T17:43:41","guid":{"rendered":"https:\/\/roveyayinevi.com.tr\/index.php\/urun\/bos-zaman-tuketicilerinin-yasam-kalitesi-ve-mutluluk-duzeyleri-arasindaki-iliskinin-incelenmesi-olimpik-kis-festivali-ornegi\/"},"modified":"2026-04-16T02:36:35","modified_gmt":"2026-04-15T23:36:35","slug":"bos-zaman-tuketicilerinin-yasam-kalitesi-ve-mutluluk-duzeyleri-arasindaki-iliskinin-incelenmesi-olimpik-kis-festivali-ornegi","status":"publish","type":"product","link":"https:\/\/roveyayinevi.com.tr\/index.php\/urun\/bos-zaman-tuketicilerinin-yasam-kalitesi-ve-mutluluk-duzeyleri-arasindaki-iliskinin-incelenmesi-olimpik-kis-festivali-ornegi\/","title":{"rendered":"Bo\u015f Zaman T\u00fcketicilerinin Ya\u015fam Kalitesi ve Mutluluk D\u00fczeyleri Aras\u0131ndaki \u0130li\u015fkinin \u0130ncelenmesi: Olimpik K\u0131\u015f Festivali \u00d6rne\u011fi"},"content":{"rendered":"<p>GENEL B\u0130LG\u0130LER Zaman Kavram\u0131 Bo\u015f Zaman Kavram\u0131 Rekreasyon Kavram\u0131 Bo\u015f Zaman T\u00fcketicisi Kavram\u0131 Hedonizm Kavram\u0131 Ya\u015fam Kalitesi Kavram\u0131 Mutluluk Kavram\u0131 GERE\u00c7 VE Y\u00d6NTEM Ara\u015ft\u0131rman\u0131n Konusu Ara\u015ft\u0131rman\u0131n \u00d6nemi Ara\u015ft\u0131rman\u0131n Kapsam\u0131 ve S\u0131n\u0131rl\u0131l\u0131klar\u0131 Ara\u015ft\u0131rman\u0131n Amac\u0131 Ara\u015ft\u0131rma Problemi Ara\u015ft\u0131rman\u0131n Y\u00f6ntemi Ara\u015ft\u0131rman\u0131n Modeli Veri Toplama Ara\u00e7lar\u0131 Ara\u015ft\u0131rman\u0131n Evren ve \u00d6rneklemi Veri Analiz Teknikleri G\u00fcvenirlilik <\/p>\n","protected":false},"excerpt":{"rendered":"<p>GENEL B\u0130LG\u0130LER Zaman Kavram\u0131 Bo\u015f Zaman Kavram\u0131 Rekreasyon Kavram\u0131 Bo\u015f Zaman T\u00fcketicisi Kavram\u0131 Hedonizm Kavram\u0131 Ya\u015fam Kalitesi Kavram\u0131 Mutluluk Kavram\u0131 GERE\u00c7 VE Y\u00d6NTEM Ara\u015ft\u0131rman\u0131n Konusu Ara\u015ft\u0131rman\u0131n<span class=\"excerpt-hellip\"> [\u2026]<\/span><\/p>\n","protected":false},"featured_media":0,"template":"","meta":{"_monsterinsights_skip_tracking":false,"_monsterinsights_sitenote_active":false,"_monsterinsights_sitenote_note":"","_monsterinsights_sitenote_category":0},"product_brand":[],"product_cat":[13005,37328],"product_tag":[],"class_list":{"0":"post-728697","1":"product","2":"type-product","3":"status-publish","5":"product_cat-bilim-muhendislik","6":"product_cat-diger-bilim-muhendislik","7":"pa_cilt-ciltsiz","8":"pa_tur-kitap","9":"pa_yayinevi-gazi-kitabevi","10":"pa_yazar-gazi-kitabevi-kolektif","12":"first","13":"instock","14":"sale","15":"shipping-taxable","16":"purchasable","17":"product-type-simple"},"_links":{"self":[{"href":"https:\/\/roveyayinevi.com.tr\/index.php\/wp-json\/wp\/v2\/product\/728697","targetHints":{"allow":["GET"]}}],"collection":[{"href":"https:\/\/roveyayinevi.com.tr\/index.php\/wp-json\/wp\/v2\/product"}],"about":[{"href":"https:\/\/roveyayinevi.com.tr\/index.php\/wp-json\/wp\/v2\/types\/product"}],"wp:attachment":[{"href":"https:\/\/roveyayinevi.com.tr\/index.php\/wp-json\/wp\/v2\/media?parent=728697"}],"wp:term":[{"taxonomy":"product_brand","embeddable":true,"href":"https:\/\/roveyayinevi.com.tr\/index.php\/wp-json\/wp\/v2\/product_brand?post=728697"},{"taxonomy":"product_cat","embeddable":true,"href":"https:\/\/roveyayinevi.com.tr\/index.php\/wp-json\/wp\/v2\/product_cat?post=728697"},{"taxonomy":"product_tag","embeddable":true,"href":"https:\/\/roveyayinevi.com.tr\/index.php\/wp-json\/wp\/v2\/product_tag?post=728697"}],"curies":[{"name":"wp","href":"https:\/\/api.w.org\/{rel}","templated":true}]}}