{"id":728694,"date":"2025-08-27T20:43:38","date_gmt":"2025-08-27T17:43:38","guid":{"rendered":"https:\/\/roveyayinevi.com.tr\/index.php\/urun\/pisi-pisine-gelmis-gecmis-en-buyuk-hesap-hatalari\/"},"modified":"2026-04-16T02:36:35","modified_gmt":"2026-04-15T23:36:35","slug":"pisi-pisine-gelmis-gecmis-en-buyuk-hesap-hatalari","status":"publish","type":"product","link":"https:\/\/roveyayinevi.com.tr\/index.php\/urun\/pisi-pisine-gelmis-gecmis-en-buyuk-hesap-hatalari\/","title":{"rendered":"Pi\u2019si Pi\u2019sine &#8211; Gelmi\u015f Ge\u00e7mi\u015f En B\u00fcy\u00fck Hesap Hatalar\u0131"},"content":{"rendered":"<p>Bir k\u00f6pr\u00fc neden durduk yere yalpalar? Milyarlarca dolar nas\u0131l buhar olup u\u00e7ar? 1990\u2019lar\u0131n hit par\u00e7as\u0131 \u201cI\u2019ve Got The Power\u201d dinleyerek dans edenler bir binay\u0131 nas\u0131l be\u015fik gibi sallayabilir? Cevab\u0131 matematikte. Daha do\u011frusu, ger\u00e7ek hayatta hesaplar tutmad\u0131\u011f\u0131nda ya\u015fananlarda. Modern d\u00fcnyam\u0131z matematik \u00fcst\u00fcne kurulu: bilgisayar programlar\u0131, finans, m\u00fchendislik\u2026 Ve rakamlar\u0131n d\u00fcnyas\u0131 genellikle perde arkas\u0131nda sessiz sedas\u0131z i\u015fliyor\u2026 g\u00fcn gelip de i\u015flemez olana kadar. Matematik \u201cinsanlarla iyi ge\u00e7inmiyor\u201d olabilir ama onu becerikli bir dost olarak g\u00f6rmedi\u011fimiz takdirde i\u015fimiz zor. Pi\u2019si Pi\u2019sine, bize matematikle iyi ge\u00e7inerek gizli tuzaklar\u0131ndan nas\u0131l ders \u00e7\u0131karabilece\u011fimizi g\u00f6steriyor. \u00dcstelik i\u00e7inde \u00e7ok say\u0131da bulmaca, bilmece, kod \u015fakalar\u0131 ve geometrik \u00e7orap var. Matematik, ger\u00e7ek hayatta ger\u00e7ekten de i\u015fimize yar\u0131yor!\u201cMatt Parker harika bir i\u015f \u00e7\u0131karm\u0131\u015f\u2026 Anlatt\u0131\u011f\u0131 hik\u00e2yeler m\u00fcthi\u015f.\u201d Marcus Berkmann, The Daily Mail\u201cParker her hik\u00e2yesinde g\u00fcld\u00fcr\u00fcyor\u2026 \u00e7ok e\u011flenceli.\u201dThe Guardian  U\u011fruna \u00f6l\u00fcnen say\u0131lar. Tam puan. Simon Griffith, The Mail on Sunda  \u201cTarihte ve g\u00fcn\u00fcm\u00fczde yap\u0131lm\u0131\u015f say\u0131sal hatalara dair e\u011flenceli ve bir o kadar \u015fa\u015f\u0131rt\u0131c\u0131 bir macera.\u201d The Big Issue \u201cMatemati\u011fi e\u011flenceli hale getiren s\u00fcrpriz bir \u00e7oksatar.\u201d The Sunday Times Magazine<\/p>\n","protected":false},"excerpt":{"rendered":"<p>Bir k\u00f6pr\u00fc neden durduk yere yalpalar? Milyarlarca dolar nas\u0131l buhar olup u\u00e7ar? 1990\u2019lar\u0131n hit par\u00e7as\u0131 \u201cI\u2019ve Got The Power\u201d dinleyerek dans edenler bir binay\u0131 nas\u0131l be\u015fik<span class=\"excerpt-hellip\"> [\u2026]<\/span><\/p>\n","protected":false},"featured_media":0,"template":"","meta":{"_monsterinsights_skip_tracking":false,"_monsterinsights_sitenote_active":false,"_monsterinsights_sitenote_note":"","_monsterinsights_sitenote_category":0},"product_brand":[],"product_cat":[12291,14825],"product_tag":[],"class_list":{"0":"post-728694","1":"product","2":"type-product","3":"status-publish","5":"product_cat-edebiyat","6":"product_cat-mizah","7":"pa_cilt-ciltsiz","8":"pa_tur-kitap","9":"pa_yayinevi-mundi","10":"pa_yazar-matt-parker","12":"first","13":"instock","14":"sale","15":"shipping-taxable","16":"purchasable","17":"product-type-simple"},"_links":{"self":[{"href":"https:\/\/roveyayinevi.com.tr\/index.php\/wp-json\/wp\/v2\/product\/728694","targetHints":{"allow":["GET"]}}],"collection":[{"href":"https:\/\/roveyayinevi.com.tr\/index.php\/wp-json\/wp\/v2\/product"}],"about":[{"href":"https:\/\/roveyayinevi.com.tr\/index.php\/wp-json\/wp\/v2\/types\/product"}],"wp:attachment":[{"href":"https:\/\/roveyayinevi.com.tr\/index.php\/wp-json\/wp\/v2\/media?parent=728694"}],"wp:term":[{"taxonomy":"product_brand","embeddable":true,"href":"https:\/\/roveyayinevi.com.tr\/index.php\/wp-json\/wp\/v2\/product_brand?post=728694"},{"taxonomy":"product_cat","embeddable":true,"href":"https:\/\/roveyayinevi.com.tr\/index.php\/wp-json\/wp\/v2\/product_cat?post=728694"},{"taxonomy":"product_tag","embeddable":true,"href":"https:\/\/roveyayinevi.com.tr\/index.php\/wp-json\/wp\/v2\/product_tag?post=728694"}],"curies":[{"name":"wp","href":"https:\/\/api.w.org\/{rel}","templated":true}]}}