{"id":728693,"date":"2025-08-27T20:43:37","date_gmt":"2025-08-27T17:43:37","guid":{"rendered":"https:\/\/roveyayinevi.com.tr\/index.php\/urun\/paranin-icadi-finans-italyanca-konusurken\/"},"modified":"2026-04-16T02:36:35","modified_gmt":"2026-04-15T23:36:35","slug":"paranin-icadi-finans-italyanca-konusurken","status":"publish","type":"product","link":"https:\/\/roveyayinevi.com.tr\/index.php\/urun\/paranin-icadi-finans-italyanca-konusurken\/","title":{"rendered":"Paran\u0131n \u0130cad\u0131 &#8211; Finans \u0130talyanca Konu\u015furken"},"content":{"rendered":"<p>Alessandro Marzo Magno, okurlar\u0131 g\u00fcn\u00fcm\u00fcz finans sisteminin k\u00f6kenlerine do\u011fru, paran\u0131n kalbinin att\u0131\u011f\u0131 Orta\u00e7a\u011f ve R\u00f6nesans \u0130talya\u2019s\u0131n\u0131 oda\u011f\u0131na alarak bir ke\u015fif gezisine \u00e7\u0131kar\u0131yor: T\u00fcccar ve zanaatk\u00e2rlar\u0131n tarih sahnesinde belirmesiyle ger\u00e7ekle\u015fen de\u011fi\u015fim; maden\u00ee paran\u0131n ticari bir mala d\u00f6n\u00fc\u015fmesiyle t\u00fcccar\u0131n bankere evrili\u015fi; darphanelerin, bankalar\u0131n, sigorta ve kredi kurulu\u015flar\u0131n\u0131n, kalpazanl\u0131\u011f\u0131n ve tefecili\u011fin ser\u00fcveni; y\u00fckseli\u015fler ve iflaslar; iflaslar\u0131n beraberinde getirdi\u011fi kamu bankac\u0131l\u0131\u011f\u0131yla devletin bankere, bankan\u0131n ise devlete d\u00f6n\u00fc\u015f\u00fcm s\u00fcreci gibi finans evrenine dair temel izlekler&#8230; \u0130mparatorlar, kilise liderleri ve finans d\u00fcnyas\u0131n\u0131n iplerini ellerinde bulunduran zengin ailelerin yan\u0131 s\u0131ra tarih kitaplar\u0131nda pek rastlanmayan renkli ki\u015filiklerin boy g\u00f6sterdi\u011fi ve ilgin\u00e7 anekdotlar\u0131n yer ald\u0131\u011f\u0131 Paran\u0131n \u0130cad\u0131, doyurucu ve keyifli bir okuma ser\u00fcveni vaat ediyor. <\/p>\n","protected":false},"excerpt":{"rendered":"<p>Alessandro Marzo Magno, okurlar\u0131 g\u00fcn\u00fcm\u00fcz finans sisteminin k\u00f6kenlerine do\u011fru, paran\u0131n kalbinin att\u0131\u011f\u0131 Orta\u00e7a\u011f ve R\u00f6nesans \u0130talya\u2019s\u0131n\u0131 oda\u011f\u0131na alarak bir ke\u015fif gezisine \u00e7\u0131kar\u0131yor: T\u00fcccar ve zanaatk\u00e2rlar\u0131n tarih<span class=\"excerpt-hellip\"> [\u2026]<\/span><\/p>\n","protected":false},"featured_media":0,"template":"","meta":{"_monsterinsights_skip_tracking":false,"_monsterinsights_sitenote_active":false,"_monsterinsights_sitenote_note":"","_monsterinsights_sitenote_category":0},"product_brand":[],"product_cat":[14841,13043],"product_tag":[],"class_list":{"0":"post-728693","1":"product","2":"type-product","3":"status-publish","5":"product_cat-arastirma-inceleme-kuram","6":"product_cat-ekonomi","7":"pa_cilt-ciltsiz","8":"pa_tur-kitap","9":"pa_yayinevi-tellekt","10":"pa_yazar-alessandro-marzo-magno","12":"first","13":"instock","14":"sale","15":"shipping-taxable","16":"purchasable","17":"product-type-simple"},"_links":{"self":[{"href":"https:\/\/roveyayinevi.com.tr\/index.php\/wp-json\/wp\/v2\/product\/728693","targetHints":{"allow":["GET"]}}],"collection":[{"href":"https:\/\/roveyayinevi.com.tr\/index.php\/wp-json\/wp\/v2\/product"}],"about":[{"href":"https:\/\/roveyayinevi.com.tr\/index.php\/wp-json\/wp\/v2\/types\/product"}],"wp:attachment":[{"href":"https:\/\/roveyayinevi.com.tr\/index.php\/wp-json\/wp\/v2\/media?parent=728693"}],"wp:term":[{"taxonomy":"product_brand","embeddable":true,"href":"https:\/\/roveyayinevi.com.tr\/index.php\/wp-json\/wp\/v2\/product_brand?post=728693"},{"taxonomy":"product_cat","embeddable":true,"href":"https:\/\/roveyayinevi.com.tr\/index.php\/wp-json\/wp\/v2\/product_cat?post=728693"},{"taxonomy":"product_tag","embeddable":true,"href":"https:\/\/roveyayinevi.com.tr\/index.php\/wp-json\/wp\/v2\/product_tag?post=728693"}],"curies":[{"name":"wp","href":"https:\/\/api.w.org\/{rel}","templated":true}]}}