{"id":728692,"date":"2025-08-27T20:43:36","date_gmt":"2025-08-27T17:43:36","guid":{"rendered":"https:\/\/roveyayinevi.com.tr\/index.php\/urun\/eglenceli-egitimin-basucu-kitabi\/"},"modified":"2026-04-16T02:36:35","modified_gmt":"2026-04-15T23:36:35","slug":"eglenceli-egitimin-basucu-kitabi","status":"publish","type":"product","link":"https:\/\/roveyayinevi.com.tr\/index.php\/urun\/eglenceli-egitimin-basucu-kitabi\/","title":{"rendered":"E\u011flenceli E\u011fitimin Ba\u015fucu Kitab\u0131"},"content":{"rendered":"<p>Duru Ve Miko \u0130le E\u011fitim Hayat\u0131na De\u011fer Katan Ko\u00e7luk Hik\u00e2yeleri\u00d6\u011frenci:Eyvah Okul!Ders \u00c7al\u0131\u015fmak \u0130stemiyorum.Yapamam-Ba\u015faramam-Olmuyor.S\u0131navlardan Korkuyorum.Ebeveyn:\u00c7ocu\u011fum Sorumluluk Alm\u0131yor.Problemlerinin \u00dcstesinden Ben Nas\u0131l Gelirim?\u00d6\u011fretmen:\u00d6\u011frencinin D\u00fczenli Ders \u00c7al\u0131\u015fma Bilinci Yok.Gayret G\u00f6stermiyor.Hedefi Yok.\u00d6\u011frenmek \u0130stemiyor.Bu Kitap T\u00fcm Bu Sorunlar\u0131 \u00c7\u00f6zme \u0130ddias\u0131yla Geliyor!15 Ayr\u0131 Hik\u00e2ye \u0130le Anlat\u0131lan 15 Pratik Teknik Sayesinde:\u00d6\u011frenciler \u00d6zel Hayatlar\u0131nda Mutlu, E\u011fitim Hayatlar\u0131nda Ba\u015far\u0131l\u0131 Bir Birey Olacak.Ebeveynler \u00c7ocu\u011fuyla Empati Kuracak. Problemlerine \u00c7\u00f6z\u00fcm Yollar\u0131 Bulacak.E\u011fitimciler \u00d6\u011frenme Ve \u00d6\u011fretme Yollar\u0131n\u0131 Anlatan Bu Kitapla E\u011fitim Ser\u00fcveninde \u00c7ok Daha Etkin Olacak.15 Hik\u00e2ye, 15 Teknik, Qr Kodlu 15 Video!1. Verimli Ders \u00c7al\u0131\u015fma2. \u00d6\u011frenme Modelleri3. Haf\u0131za Teknikleri4. Sorumluluk Bilinci5. H\u0131zl\u0131 Okuma6. Ters El Al\u0131\u015ft\u0131rmas\u01317. Zihin Haritalar\u01318. Oto- Kontrol9. Fark\u0131ndal\u0131k Uygulamalar\u013110. \u00d6zg\u00fcven11. Nlp Teknikleri12. Ayna \u00c7al\u0131\u015fmas\u013113. \u00c7ivileme14. \u00d6zde\u011fer15. Konfor Alan\u0131<\/p>\n","protected":false},"excerpt":{"rendered":"<p>Duru Ve Miko \u0130le E\u011fitim Hayat\u0131na De\u011fer Katan Ko\u00e7luk Hik\u00e2yeleri\u00d6\u011frenci:Eyvah Okul!Ders \u00c7al\u0131\u015fmak \u0130stemiyorum.Yapamam-Ba\u015faramam-Olmuyor.S\u0131navlardan Korkuyorum.Ebeveyn:\u00c7ocu\u011fum Sorumluluk Alm\u0131yor.Problemlerinin \u00dcstesinden Ben Nas\u0131l Gelirim?\u00d6\u011fretmen:\u00d6\u011frencinin D\u00fczenli Ders \u00c7al\u0131\u015fma Bilinci Yok.Gayret G\u00f6stermiyor.Hedefi<span class=\"excerpt-hellip\"> [\u2026]<\/span><\/p>\n","protected":false},"featured_media":0,"template":"","meta":{"_monsterinsights_skip_tracking":false,"_monsterinsights_sitenote_active":false,"_monsterinsights_sitenote_note":"","_monsterinsights_sitenote_category":0},"product_brand":[],"product_cat":[12274,15842],"product_tag":[],"class_list":{"0":"post-728692","1":"product","2":"type-product","3":"status-publish","5":"product_cat-cocuk-ve-genclik-kitaplari","6":"product_cat-egitici-kitaplar","7":"pa_cilt-ciltsiz","8":"pa_tur-kitap","9":"pa_yayinevi-hayykitap","10":"pa_yazar-nur-eda-kasap-suslu","12":"first","13":"instock","14":"sale","15":"shipping-taxable","16":"purchasable","17":"product-type-simple"},"_links":{"self":[{"href":"https:\/\/roveyayinevi.com.tr\/index.php\/wp-json\/wp\/v2\/product\/728692","targetHints":{"allow":["GET"]}}],"collection":[{"href":"https:\/\/roveyayinevi.com.tr\/index.php\/wp-json\/wp\/v2\/product"}],"about":[{"href":"https:\/\/roveyayinevi.com.tr\/index.php\/wp-json\/wp\/v2\/types\/product"}],"wp:attachment":[{"href":"https:\/\/roveyayinevi.com.tr\/index.php\/wp-json\/wp\/v2\/media?parent=728692"}],"wp:term":[{"taxonomy":"product_brand","embeddable":true,"href":"https:\/\/roveyayinevi.com.tr\/index.php\/wp-json\/wp\/v2\/product_brand?post=728692"},{"taxonomy":"product_cat","embeddable":true,"href":"https:\/\/roveyayinevi.com.tr\/index.php\/wp-json\/wp\/v2\/product_cat?post=728692"},{"taxonomy":"product_tag","embeddable":true,"href":"https:\/\/roveyayinevi.com.tr\/index.php\/wp-json\/wp\/v2\/product_tag?post=728692"}],"curies":[{"name":"wp","href":"https:\/\/api.w.org\/{rel}","templated":true}]}}