{"id":728691,"date":"2025-08-27T20:43:35","date_gmt":"2025-08-27T17:43:35","guid":{"rendered":"https:\/\/roveyayinevi.com.tr\/index.php\/urun\/ciplaklari-giydir\/"},"modified":"2026-04-03T02:44:03","modified_gmt":"2026-04-02T23:44:03","slug":"ciplaklari-giydir","status":"publish","type":"product","link":"https:\/\/roveyayinevi.com.tr\/index.php\/urun\/ciplaklari-giydir\/","title":{"rendered":"\u00c7\u0131plaklar\u0131 Giydir"},"content":{"rendered":"<p>Ma\u011frurlar\u0131 ters k\u00f6\u015feye yat\u0131ran \u00f6yk\u00fcler&#8230; Sivri dili ve esprili tarz\u0131yla Caz \u00c7a\u011f\u0131&#8217;n\u0131n ad\u0131ndan en \u00e7ok s\u00f6z ettiren yazarlar\u0131ndan Dorothy Parker, T\u00fcrk\u00e7eye ilk kez \u00e7evrilen toplu \u00f6yk\u00fclerinin ikinci cildi \u00c7\u0131plaklar\u0131 Giydir&#8217;de, varolu\u015fun dramatik yanlar\u0131n\u0131, insani a\u00e7mazlar\u0131 yine kendine \u00f6zg\u00fc, diyaloglar\u0131n a\u011f\u0131rl\u0131kta oldu\u011fu ironik anlat\u0131m\u0131yla sergiliyor.  &#8221;\u0130nsanlar\u0131n ba\u015f\u0131na b\u00f6yle inan\u0131lmaz \u015feyler geldi\u011fini hi\u00e7 bilmezdim.&#8221; Amerikal\u0131 yazar\u0131n yirmi bir \u00f6yk\u00fcs\u00fcne yer veren \u00c7\u0131plaklar\u0131 Giydir; d\u00fc\u015fledi\u011fi romantizmi bulamayanlar\u0131n, sinsice planlarla evlili\u011fini bitirmeye \u00e7al\u0131\u015fanlar\u0131n, hayat\u0131 partilere gitmekten ibaret sananlar\u0131n, hi\u00e7bir ac\u0131 ger\u00e7e\u011fi g\u00f6rmeye dayanamayanlar\u0131n, ba\u015f\u0131na gelen en korkun\u00e7 \u015feyin t\u0131rna\u011f\u0131n\u0131n k\u0131r\u0131lmas\u0131 oldu\u011funu varsayanlar\u0131n, zorbalar\u0131n, korkaklar\u0131n, yalanc\u0131lar\u0131n, intikam pe\u015finde ko\u015fanlar\u0131n ve daha nicelerinin ya\u015fam\u0131na ayna tutuyor. 1920&#8217;ler ve 30&#8217;lar\u0131n ruhunu g\u00f6z kama\u015ft\u0131ran yanlar\u0131 ve karanl\u0131\u011f\u0131yla zekice yans\u0131tan, &#8221;trajikomik&#8221; olaylar\u0131 sivri u\u00e7lu kalemine dolayan Dorothy Parker, bu \u00f6yk\u00fclerinde sadece kendi d\u00f6nemini de\u011fil, insan\u0131n de\u011fi\u015fmeyen ger\u00e7ekli\u011fini de yakalamay\u0131 ba\u015far\u0131yor. &#8221;Zira k\u0131rm\u0131z\u0131 yas i\u00e7indir, malum. \u00d6lm\u00fc\u015f bir a\u015fk i\u00e7in parlak k\u0131rm\u0131z\u0131. Bunu biliyor muydun?&#8221; Pek \u00e7ok Hollywood filminin senaryo ve diyaloglar\u0131na da katk\u0131da bulunmu\u015f olan Parker; insan ili\u015fkilerindeki sorunlar\u0131, yaln\u0131zl\u0131\u011f\u0131, ileti\u015fimsizli\u011fi, a\u015fk ve k\u0131skan\u00e7l\u0131k krizlerini, kar\u015f\u0131l\u0131kl\u0131 oynanan rolleri, kimi zaman ac\u0131mas\u0131zl\u0131\u011fa varan samimiyetsiz oyunlar\u0131 komik diyaloglar e\u015fli\u011finde nak\u015fetti\u011fi bu \u00f6yk\u00fclerde, hi\u00e7bir karakterine ayr\u0131cal\u0131k tan\u0131m\u0131yor. Kendi hata ve zaaflar\u0131na kar\u015f\u0131 k\u00f6r olanlar, benmerkezciler, hesap\u00e7\u0131lar i\u00e7in t\u00fcm ka\u00e7\u0131\u015f yollar\u0131n\u0131 kapatan yazar, alayc\u0131l\u0131\u011f\u0131 bir an olsun elden b\u0131rakmadan okuruna da kendisiyle y\u00fczle\u015fme f\u0131rsat\u0131 veriyor. &#8221;Erkekler tats\u0131zl\u0131klar\u0131 yoluna koymaktan nefret eder. Meseleler \u00fczerine konu\u015fmaktan tiksinirler. Ge\u00e7mi\u015fi ard\u0131na g\u00f6m \u00e7ocu\u011fum ve onun ta\u015fs\u0131z, isimsiz mezar\u0131n\u0131n ba\u015f\u0131ndan ayr\u0131l\u0131p ne\u015feyle yoluna devam et.&#8221;<\/p>\n","protected":false},"excerpt":{"rendered":"<p>Ma\u011frurlar\u0131 ters k\u00f6\u015feye yat\u0131ran \u00f6yk\u00fcler&#8230; Sivri dili ve esprili tarz\u0131yla Caz \u00c7a\u011f\u0131&#8217;n\u0131n ad\u0131ndan en \u00e7ok s\u00f6z ettiren yazarlar\u0131ndan Dorothy Parker, T\u00fcrk\u00e7eye ilk kez \u00e7evrilen toplu \u00f6yk\u00fclerinin<span class=\"excerpt-hellip\"> [\u2026]<\/span><\/p>\n","protected":false},"featured_media":0,"template":"","meta":{"_monsterinsights_skip_tracking":false,"_monsterinsights_sitenote_active":false,"_monsterinsights_sitenote_note":"","_monsterinsights_sitenote_category":0},"product_brand":[],"product_cat":[12291,12711],"product_tag":[],"class_list":{"0":"post-728691","1":"product","2":"type-product","3":"status-publish","5":"product_cat-edebiyat","6":"product_cat-roman-oyku","7":"pa_cilt-ciltsiz","8":"pa_tur-kitap","9":"pa_yayinevi-delidolu","10":"pa_yazar-dorothy-parker","12":"first","13":"instock","14":"sale","15":"shipping-taxable","16":"purchasable","17":"product-type-simple"},"_links":{"self":[{"href":"https:\/\/roveyayinevi.com.tr\/index.php\/wp-json\/wp\/v2\/product\/728691","targetHints":{"allow":["GET"]}}],"collection":[{"href":"https:\/\/roveyayinevi.com.tr\/index.php\/wp-json\/wp\/v2\/product"}],"about":[{"href":"https:\/\/roveyayinevi.com.tr\/index.php\/wp-json\/wp\/v2\/types\/product"}],"wp:attachment":[{"href":"https:\/\/roveyayinevi.com.tr\/index.php\/wp-json\/wp\/v2\/media?parent=728691"}],"wp:term":[{"taxonomy":"product_brand","embeddable":true,"href":"https:\/\/roveyayinevi.com.tr\/index.php\/wp-json\/wp\/v2\/product_brand?post=728691"},{"taxonomy":"product_cat","embeddable":true,"href":"https:\/\/roveyayinevi.com.tr\/index.php\/wp-json\/wp\/v2\/product_cat?post=728691"},{"taxonomy":"product_tag","embeddable":true,"href":"https:\/\/roveyayinevi.com.tr\/index.php\/wp-json\/wp\/v2\/product_tag?post=728691"}],"curies":[{"name":"wp","href":"https:\/\/api.w.org\/{rel}","templated":true}]}}