{"id":728690,"date":"2025-08-27T20:43:34","date_gmt":"2025-08-27T17:43:34","guid":{"rendered":"https:\/\/roveyayinevi.com.tr\/index.php\/urun\/sanal-asklarin-sonu\/"},"modified":"2026-04-16T02:36:35","modified_gmt":"2026-04-15T23:36:35","slug":"sanal-asklarin-sonu","status":"publish","type":"product","link":"https:\/\/roveyayinevi.com.tr\/index.php\/urun\/sanal-asklarin-sonu\/","title":{"rendered":"Sanal A\u015fklar\u0131n Sonu"},"content":{"rendered":"<p>\u00c7ocuklukta eksik ya\u015fad\u0131\u011f\u0131m\u0131z, \u201cg\u00fcven\u201d, \u201csevgi\u201d gibi duygular, daha sonraki s\u00fcre\u00e7lerde bizi aray\u0131\u015flar i\u00e7ine sokabilir. \u0130\u00e7te neler varsa, bunlar\u0131 d\u0131\u015fta bulmaya \u00e7al\u0131\u015f\u0131r\u0131z. Bunu yaparken, i\u00e7 sesimizin rehberli\u011fi ile s\u00fcrekli \u00e7at\u0131\u015f\u0131r\u0131z ve ayn\u0131 d\u00f6ng\u00fc i\u00e7inde \u00e7\u0131rp\u0131n\u0131r\u0131z. Bunun en belirgin nedeni; b\u00fcy\u00fcd\u00fck\u00e7e i\u00e7 sesimizi, yani \u00f6nsezimizi, duyumuzu ve i\u00e7g\u00f6r\u00fcm\u00fcz\u00fc dinlemek yerine, zihnimizin sesine kulak vermemizdir. Ayr\u0131ca, ya\u015fam\u0131m\u0131z boyunca, itaatk\u00e2r olmam\u0131z konusunda verilen telkinlerin de, i\u00e7 sesimizin yok edilmeye \u00e7al\u0131\u015f\u0131lmas\u0131ndaki \u00f6nemi b\u00fcy\u00fckt\u00fcr. Oysa b\u00fct\u00fcn \u00f6\u011fretiler bize, \u201cD\u0131\u015fta ne ararsan i\u00e7te bulabilirsin.\u201d d\u00fc\u015f\u00fcncesini vermeye \u00e7al\u0131\u015f\u0131r. Ak\u0131l, ruh ve kalp aras\u0131ndaki e\u015fg\u00fcd\u00fcm ve denge bozuldu\u011funda, \u00e7ocukluktan beri i\u00e7imizde eksik olan duygular\u0131, kar\u015f\u0131m\u0131za \u00e7\u0131kan g\u00f6lgelerde arar\u0131z. \u00c7o\u011funlukla da bunu neden yapt\u0131\u011f\u0131m\u0131z\u0131 bilmeyiz \u00e7\u00fcnk\u00fc art\u0131k duygular\u0131m\u0131z\u0131 i\u00e7inde ya\u015fad\u0131\u011f\u0131m\u0131z sistem y\u00f6netmeye ba\u015flar. Kurdu\u011fumuz ili\u015fkiler, \u201cRisk tehlikesi var!\u201d sinyali verse de, bunlar\u0131 kulak ard\u0131 ederiz ve sanal \u00e2lemin g\u00f6n\u00fcll\u00fc k\u00f6leli\u011fine ikna oluruz! Dijital ya\u015fam ba\u011f\u0131ml\u0131l\u0131\u011f\u0131m\u0131z artt\u0131k\u00e7a da kendimize yabanc\u0131la\u015f\u0131r\u0131z. Elinizdeki bu yap\u0131t, sanal d\u00fcnyan\u0131n birbirine benzeyen tehlikeli taktiklerine inanarak, tuzaklara d\u00fc\u015fm\u00fc\u015f kad\u0131nlar\u0131n, bir karakter \u00fczerinden anlat\u0131ld\u0131\u011f\u0131 ortak ya\u015fam \u00f6yk\u00fcleridir. Etraf\u0131m\u0131z\u0131 \u00e7epe\u00e7evre sarm\u0131\u015f olan sanal ba\u011f\u0131ml\u0131l\u0131\u011f\u0131n, \u201cA\u015fk ad\u0131na,\u201d baz\u0131 hayatlar\u0131 nas\u0131l peri\u015fan etti\u011fini okuyarak, gerekli dersleri \u00e7\u0131karabilece\u011finizi umuyorum. Nagihan ANDUG<\/p>\n","protected":false},"excerpt":{"rendered":"<p>\u00c7ocuklukta eksik ya\u015fad\u0131\u011f\u0131m\u0131z, \u201cg\u00fcven\u201d, \u201csevgi\u201d gibi duygular, daha sonraki s\u00fcre\u00e7lerde bizi aray\u0131\u015flar i\u00e7ine sokabilir. \u0130\u00e7te neler varsa, bunlar\u0131 d\u0131\u015fta bulmaya \u00e7al\u0131\u015f\u0131r\u0131z. Bunu yaparken, i\u00e7 sesimizin rehberli\u011fi<span class=\"excerpt-hellip\"> [\u2026]<\/span><\/p>\n","protected":false},"featured_media":0,"template":"","meta":{"_monsterinsights_skip_tracking":false,"_monsterinsights_sitenote_active":false,"_monsterinsights_sitenote_note":"","_monsterinsights_sitenote_category":0},"product_brand":[],"product_cat":[12364,12376],"product_tag":[],"class_list":{"0":"post-728690","1":"product","2":"type-product","3":"status-publish","5":"product_cat-genel-konular","6":"product_cat-kisisel-gelisim","7":"pa_cilt-ciltsiz","8":"pa_tur-kitap","9":"pa_yayinevi-ayata-kitap","10":"pa_yazar-nagihan-andug","12":"first","13":"instock","14":"sale","15":"shipping-taxable","16":"purchasable","17":"product-type-simple"},"_links":{"self":[{"href":"https:\/\/roveyayinevi.com.tr\/index.php\/wp-json\/wp\/v2\/product\/728690","targetHints":{"allow":["GET"]}}],"collection":[{"href":"https:\/\/roveyayinevi.com.tr\/index.php\/wp-json\/wp\/v2\/product"}],"about":[{"href":"https:\/\/roveyayinevi.com.tr\/index.php\/wp-json\/wp\/v2\/types\/product"}],"wp:attachment":[{"href":"https:\/\/roveyayinevi.com.tr\/index.php\/wp-json\/wp\/v2\/media?parent=728690"}],"wp:term":[{"taxonomy":"product_brand","embeddable":true,"href":"https:\/\/roveyayinevi.com.tr\/index.php\/wp-json\/wp\/v2\/product_brand?post=728690"},{"taxonomy":"product_cat","embeddable":true,"href":"https:\/\/roveyayinevi.com.tr\/index.php\/wp-json\/wp\/v2\/product_cat?post=728690"},{"taxonomy":"product_tag","embeddable":true,"href":"https:\/\/roveyayinevi.com.tr\/index.php\/wp-json\/wp\/v2\/product_tag?post=728690"}],"curies":[{"name":"wp","href":"https:\/\/api.w.org\/{rel}","templated":true}]}}