{"id":728687,"date":"2025-08-27T20:43:31","date_gmt":"2025-08-27T17:43:31","guid":{"rendered":"https:\/\/roveyayinevi.com.tr\/index.php\/urun\/55-nesnede-bir-din-tarihcesi\/"},"modified":"2026-04-16T02:36:35","modified_gmt":"2026-04-15T23:36:35","slug":"55-nesnede-bir-din-tarihcesi","status":"publish","type":"product","link":"https:\/\/roveyayinevi.com.tr\/index.php\/urun\/55-nesnede-bir-din-tarihcesi\/","title":{"rendered":"5,5 Nesnede Bir Din Tarih\u00e7esi"},"content":{"rendered":"<p>\u0130nan\u00e7 alan\u0131ndaki k\u00fclt\u00fcrel \u00e7al\u0131\u015fmalara taze ve \u00f6zg\u00fcn bir bak\u0131\u015f a\u00e7\u0131s\u0131 getiren 5\u00bd Nesnede Bir Din Tarih\u00e7esi, din-insan etkile\u015fimini farkl\u0131 bir \u015fekilde anlamam\u0131za olanak tan\u0131yor. \u201cDin\u201d deyince akl\u0131m\u0131za ilk a\u015famada soyut fikirler, mistik varl\u0131klar ve inan\u00e7 problemleri gelir. S. Brent Plate ise bunlar\u0131 bir anl\u0131\u011f\u0131na kenara b\u0131rak\u0131p temel insani deneyimlere, ete kemi\u011fe b\u00fcr\u00fcnm\u00fc\u015f pratiklere ve nesnelere odaklanmam\u0131z\u0131 \u00f6neriyor. \u0130nsan k\u00fclt\u00fcr\u00fcn\u00fcn en k\u00f6kl\u00fc ve tart\u0131\u015fmal\u0131 fenomenlerinden biri olan dini, be\u015f temel nesne \u00fczerine d\u00fc\u015f\u00fcnmemizi teklif ediyor: ta\u015f, t\u00fcts\u00fc, davul, ha\u00e7 ve ekmek. Bunlara bir de her \u015feyin tamamlay\u0131c\u0131s\u0131 olan \u00bd ekleniyor: insan bedeni. Plate, bu be\u015f kutsal obje \u00fczerinden bin y\u0131llar boyunca din\u00ee geleneklerin nas\u0131l \u015fekillendi\u011fini irdeliyor. Teolojinin karma\u015f\u0131k ve ruhani d\u00fcnyas\u0131na duyusal bir pencere a\u00e7\u0131yor. Dinin asl\u0131nda en az inan\u00e7lar\u0131m\u0131z kadar bedenlerimizle ve fiziksel nesnelerle de ilgili oldu\u011funu ustal\u0131kl\u0131 bir anlat\u0131yla a\u00e7\u0131\u011fa \u00e7\u0131kar\u0131yor.<\/p>\n","protected":false},"excerpt":{"rendered":"<p>\u0130nan\u00e7 alan\u0131ndaki k\u00fclt\u00fcrel \u00e7al\u0131\u015fmalara taze ve \u00f6zg\u00fcn bir bak\u0131\u015f a\u00e7\u0131s\u0131 getiren 5\u00bd Nesnede Bir Din Tarih\u00e7esi, din-insan etkile\u015fimini farkl\u0131 bir \u015fekilde anlamam\u0131za olanak tan\u0131yor. \u201cDin\u201d deyince<span class=\"excerpt-hellip\"> [\u2026]<\/span><\/p>\n","protected":false},"featured_media":0,"template":"","meta":{"_monsterinsights_skip_tracking":false,"_monsterinsights_sitenote_active":false,"_monsterinsights_sitenote_note":"","_monsterinsights_sitenote_category":0},"product_brand":[],"product_cat":[12718,12858],"product_tag":[],"class_list":{"0":"post-728687","1":"product","2":"type-product","3":"status-publish","5":"product_cat-din","6":"product_cat-mitolojiler","7":"pa_cilt-ciltsiz","8":"pa_tur-kitap","9":"pa_yayinevi-babil-kitap","10":"pa_yazar-s-brent-palate","12":"first","13":"instock","14":"sale","15":"shipping-taxable","16":"purchasable","17":"product-type-simple"},"_links":{"self":[{"href":"https:\/\/roveyayinevi.com.tr\/index.php\/wp-json\/wp\/v2\/product\/728687","targetHints":{"allow":["GET"]}}],"collection":[{"href":"https:\/\/roveyayinevi.com.tr\/index.php\/wp-json\/wp\/v2\/product"}],"about":[{"href":"https:\/\/roveyayinevi.com.tr\/index.php\/wp-json\/wp\/v2\/types\/product"}],"wp:attachment":[{"href":"https:\/\/roveyayinevi.com.tr\/index.php\/wp-json\/wp\/v2\/media?parent=728687"}],"wp:term":[{"taxonomy":"product_brand","embeddable":true,"href":"https:\/\/roveyayinevi.com.tr\/index.php\/wp-json\/wp\/v2\/product_brand?post=728687"},{"taxonomy":"product_cat","embeddable":true,"href":"https:\/\/roveyayinevi.com.tr\/index.php\/wp-json\/wp\/v2\/product_cat?post=728687"},{"taxonomy":"product_tag","embeddable":true,"href":"https:\/\/roveyayinevi.com.tr\/index.php\/wp-json\/wp\/v2\/product_tag?post=728687"}],"curies":[{"name":"wp","href":"https:\/\/api.w.org\/{rel}","templated":true}]}}