{"id":728684,"date":"2025-08-27T20:43:28","date_gmt":"2025-08-27T17:43:28","guid":{"rendered":"https:\/\/roveyayinevi.com.tr\/index.php\/urun\/korkusuz-kaptanlar-3\/"},"modified":"2026-04-16T02:36:35","modified_gmt":"2026-04-15T23:36:35","slug":"korkusuz-kaptanlar-3","status":"publish","type":"product","link":"https:\/\/roveyayinevi.com.tr\/index.php\/urun\/korkusuz-kaptanlar-3\/","title":{"rendered":"Korkusuz Kaptanlar"},"content":{"rendered":"<p>Son derece varl\u0131kl\u0131 bir ailenin \u015f\u0131mar\u0131k \u00e7ocu\u011fu olan Harvey, bir okyanus yolculu\u011fu s\u0131ras\u0131nda denize d\u00fc\u015fer ve bu \u00e7aresiz durumdan bir bal\u0131k\u00e7\u0131 teknesi taraf\u0131ndan kurtar\u0131l\u0131r. Kendisini aniden paran\u0131n hi\u00e7bir \u015fey ifade etmedi\u011fi ve herkesin ortak bir ideal do\u011frultusunda emek vermeye mecbur oldu\u011fu bir ortamda bulan bu gen\u00e7 adam, hayat\u0131nda ilk kez \u00e7al\u0131\u015fmak zorundad\u0131r. Ki\u015finin de\u011ferinin sahip olduklar\u0131yla de\u011fil yapt\u0131klar\u0131yla \u00f6l\u00e7\u00fcld\u00fc\u011f\u00fc bu gemide ya\u015fad\u0131klar\u0131 Harvey\u2019yi tamamen de\u011fi\u015ftirecek ve gen\u00e7 adam bir yeti\u015fkin olma yolunda ad\u0131mlar atarak bamba\u015fka bir insana d\u00f6n\u00fc\u015fecektir. <\/p>\n","protected":false},"excerpt":{"rendered":"<p>Son derece varl\u0131kl\u0131 bir ailenin \u015f\u0131mar\u0131k \u00e7ocu\u011fu olan Harvey, bir okyanus yolculu\u011fu s\u0131ras\u0131nda denize d\u00fc\u015fer ve bu \u00e7aresiz durumdan bir bal\u0131k\u00e7\u0131 teknesi taraf\u0131ndan kurtar\u0131l\u0131r. Kendisini aniden<span class=\"excerpt-hellip\"> [\u2026]<\/span><\/p>\n","protected":false},"featured_media":0,"template":"","meta":{"_monsterinsights_skip_tracking":false,"_monsterinsights_sitenote_active":false,"_monsterinsights_sitenote_note":"","_monsterinsights_sitenote_category":0},"product_brand":[],"product_cat":[12275,12274],"product_tag":[],"class_list":{"0":"post-728684","1":"product","2":"type-product","3":"status-publish","5":"product_cat-6-12-yas-kitaplari","6":"product_cat-cocuk-ve-genclik-kitaplari","7":"pa_cilt-ciltsiz","8":"pa_tur-kitap","9":"pa_yayinevi-arkadas-yayinlari","10":"pa_yazar-rudyard-kipling","12":"first","13":"instock","14":"sale","15":"shipping-taxable","16":"purchasable","17":"product-type-simple"},"_links":{"self":[{"href":"https:\/\/roveyayinevi.com.tr\/index.php\/wp-json\/wp\/v2\/product\/728684","targetHints":{"allow":["GET"]}}],"collection":[{"href":"https:\/\/roveyayinevi.com.tr\/index.php\/wp-json\/wp\/v2\/product"}],"about":[{"href":"https:\/\/roveyayinevi.com.tr\/index.php\/wp-json\/wp\/v2\/types\/product"}],"wp:attachment":[{"href":"https:\/\/roveyayinevi.com.tr\/index.php\/wp-json\/wp\/v2\/media?parent=728684"}],"wp:term":[{"taxonomy":"product_brand","embeddable":true,"href":"https:\/\/roveyayinevi.com.tr\/index.php\/wp-json\/wp\/v2\/product_brand?post=728684"},{"taxonomy":"product_cat","embeddable":true,"href":"https:\/\/roveyayinevi.com.tr\/index.php\/wp-json\/wp\/v2\/product_cat?post=728684"},{"taxonomy":"product_tag","embeddable":true,"href":"https:\/\/roveyayinevi.com.tr\/index.php\/wp-json\/wp\/v2\/product_tag?post=728684"}],"curies":[{"name":"wp","href":"https:\/\/api.w.org\/{rel}","templated":true}]}}