{"id":728683,"date":"2025-08-27T20:43:27","date_gmt":"2025-08-27T17:43:27","guid":{"rendered":"https:\/\/roveyayinevi.com.tr\/index.php\/urun\/beyaz-dis-20\/"},"modified":"2026-04-16T02:36:35","modified_gmt":"2026-04-15T23:36:35","slug":"beyaz-dis-20","status":"publish","type":"product","link":"https:\/\/roveyayinevi.com.tr\/index.php\/urun\/beyaz-dis-20\/","title":{"rendered":"Beyaz Di\u015f"},"content":{"rendered":"<p>Yabandan gelen yavru bir kurt, daha vah\u015fi do\u011fayla i\u00e7 i\u00e7e ya\u015faman\u0131n zorluklar\u0131na al\u0131\u015famadan, insanlar\u0131n aras\u0131na kar\u0131\u015f\u0131yor: \u00d6nce K\u0131z\u0131lderililerin hayat\u0131na d\u00e2hil oluyor, sonra beyaz insanlar\u0131n\u2026 \u201cBeyaz Di\u015f\u201d ad\u0131 verilen bu kurt, ad\u0131m ad\u0131m do\u011fadaki insan\u0131 ve insanlar\u0131n do\u011fas\u0131n\u0131 ke\u015ffetmeye ba\u015fl\u0131yor. Merhametsizli\u011fi ve ac\u0131mas\u0131zl\u0131\u011f\u0131 \u00f6\u011frendi\u011fi kadar, sevgiyi ve dostlu\u011fu da bizzat ya\u015fayarak, kendi g\u00f6zleriyle g\u00f6rerek, hissederek \u00f6\u011freniyor\u2026Usta yazar Jack London\u2019\u0131n kaleme ald\u0131\u011f\u0131 Beyaz Di\u015f t\u00fcm d\u00fcnyada her ya\u015ftan okurun hayat\u0131na dokunmay\u0131 ba\u015farabilen, muhte\u015fem bir ba\u015fyap\u0131t.<\/p>\n","protected":false},"excerpt":{"rendered":"<p>Yabandan gelen yavru bir kurt, daha vah\u015fi do\u011fayla i\u00e7 i\u00e7e ya\u015faman\u0131n zorluklar\u0131na al\u0131\u015famadan, insanlar\u0131n aras\u0131na kar\u0131\u015f\u0131yor: \u00d6nce K\u0131z\u0131lderililerin hayat\u0131na d\u00e2hil oluyor, sonra beyaz insanlar\u0131n\u2026 \u201cBeyaz Di\u015f\u201d<span class=\"excerpt-hellip\"> [\u2026]<\/span><\/p>\n","protected":false},"featured_media":0,"template":"","meta":{"_monsterinsights_skip_tracking":false,"_monsterinsights_sitenote_active":false,"_monsterinsights_sitenote_note":"","_monsterinsights_sitenote_category":0},"product_brand":[],"product_cat":[12274,12467],"product_tag":[],"class_list":{"0":"post-728683","1":"product","2":"type-product","3":"status-publish","5":"product_cat-cocuk-ve-genclik-kitaplari","6":"product_cat-dunya-klasikleri","7":"pa_cilt-ciltsiz","8":"pa_tur-kitap","9":"pa_yayinevi-turkuvaz-kitap","10":"pa_yazar-jack-london","12":"first","13":"instock","14":"sale","15":"shipping-taxable","16":"purchasable","17":"product-type-simple"},"_links":{"self":[{"href":"https:\/\/roveyayinevi.com.tr\/index.php\/wp-json\/wp\/v2\/product\/728683","targetHints":{"allow":["GET"]}}],"collection":[{"href":"https:\/\/roveyayinevi.com.tr\/index.php\/wp-json\/wp\/v2\/product"}],"about":[{"href":"https:\/\/roveyayinevi.com.tr\/index.php\/wp-json\/wp\/v2\/types\/product"}],"wp:attachment":[{"href":"https:\/\/roveyayinevi.com.tr\/index.php\/wp-json\/wp\/v2\/media?parent=728683"}],"wp:term":[{"taxonomy":"product_brand","embeddable":true,"href":"https:\/\/roveyayinevi.com.tr\/index.php\/wp-json\/wp\/v2\/product_brand?post=728683"},{"taxonomy":"product_cat","embeddable":true,"href":"https:\/\/roveyayinevi.com.tr\/index.php\/wp-json\/wp\/v2\/product_cat?post=728683"},{"taxonomy":"product_tag","embeddable":true,"href":"https:\/\/roveyayinevi.com.tr\/index.php\/wp-json\/wp\/v2\/product_tag?post=728683"}],"curies":[{"name":"wp","href":"https:\/\/api.w.org\/{rel}","templated":true}]}}