{"id":728682,"date":"2025-08-27T20:43:26","date_gmt":"2025-08-27T17:43:26","guid":{"rendered":"https:\/\/roveyayinevi.com.tr\/index.php\/urun\/pembe-incili-kaftan-3\/"},"modified":"2026-04-16T02:36:35","modified_gmt":"2026-04-15T23:36:35","slug":"pembe-incili-kaftan-3","status":"publish","type":"product","link":"https:\/\/roveyayinevi.com.tr\/index.php\/urun\/pembe-incili-kaftan-3\/","title":{"rendered":"Pembe \u0130ncili Kaftan"},"content":{"rendered":"<p>Muhsin \u00c7elebi s\u00f6z\u00fcn\u00fc bitirince izin filan istemedi, kalkt\u0131. Kap\u0131ya do\u011fru y\u00fcr\u00fcd\u00fc. \u015eah \u0130smail donmu\u015f, ta\u015f kesilmi\u015fti. \u00c7ald\u0131ran\u2019da k\u0131r\u0131lacak gururu, bug\u00fcn T\u00fcrk\u2019\u00fcn ate\u015f bak\u0131\u015flar\u0131 alt\u0131nda erimi\u015fti. Muhsin \u00c7elebi d\u0131\u015far\u0131 \u00e7\u0131karken, kendi gibi hayretten donan nedimlerine, \u201c\u015eunun kaftan\u0131n\u0131 veriniz,\u201d dedi. Sava\u015f\u00e7\u0131lardan biri ko\u015ftu. Taht\u0131n \u00f6n\u00fcnde serili kaftan\u0131 toplad\u0131.\u201cBuyurun. Kaftan\u0131n\u0131z\u0131 unutuyorsunuz.Muhsin \u00c7elebi durdu. G\u00fcld\u00fc. \u00c7\u0131kt\u0131\u011f\u0131 kap\u0131ya do\u011fru d\u00f6nerek \u015eah\u0131n i\u015fitece\u011fi y\u00fcksek bir sesle: \u201cHay\u0131r,unutmuyorum. Onu size b\u0131rak\u0131yorum. Saray\u0131n\u0131zda b\u00fcy\u00fck bir padi\u015fah el\u00e7isini oturtacak seccadeniz, minderiniz yok\u2026 Hem bir T\u00fcrk, yere serdi\u011fi \u015feyi bir daha arkas\u0131na koymaz\u2026 Bunu bilmiyor musunuz?\u201d dedi.T\u00fcrk edebiyat\u0131n\u0131n en g\u00fc\u00e7l\u00fc kalemlerinden biri olan \u00d6mer Seyfettin, yerlilik bilinciyle kaleme ald\u0131\u011f\u0131, milli ve manevi de\u011ferlerimizi \u00f6ne \u00e7\u0131karan \u00f6yk\u00fcleriyle her zaman okunmay\u0131 hak ediyor&#8230;<\/p>\n","protected":false},"excerpt":{"rendered":"<p>Muhsin \u00c7elebi s\u00f6z\u00fcn\u00fc bitirince izin filan istemedi, kalkt\u0131. Kap\u0131ya do\u011fru y\u00fcr\u00fcd\u00fc. \u015eah \u0130smail donmu\u015f, ta\u015f kesilmi\u015fti. \u00c7ald\u0131ran\u2019da k\u0131r\u0131lacak gururu, bug\u00fcn T\u00fcrk\u2019\u00fcn ate\u015f bak\u0131\u015flar\u0131 alt\u0131nda erimi\u015fti. Muhsin<span class=\"excerpt-hellip\"> [\u2026]<\/span><\/p>\n","protected":false},"featured_media":0,"template":"","meta":{"_monsterinsights_skip_tracking":false,"_monsterinsights_sitenote_active":false,"_monsterinsights_sitenote_note":"","_monsterinsights_sitenote_category":0},"product_brand":[],"product_cat":[12274,20117],"product_tag":[],"class_list":{"0":"post-728682","1":"product","2":"type-product","3":"status-publish","5":"product_cat-cocuk-ve-genclik-kitaplari","6":"product_cat-turk-klasikleri","7":"pa_cilt-ciltsiz","8":"pa_tur-kitap","9":"pa_yayinevi-turkuvaz-kitap","10":"pa_yazar-omer-seyfettin","12":"first","13":"instock","14":"sale","15":"shipping-taxable","16":"purchasable","17":"product-type-simple"},"_links":{"self":[{"href":"https:\/\/roveyayinevi.com.tr\/index.php\/wp-json\/wp\/v2\/product\/728682","targetHints":{"allow":["GET"]}}],"collection":[{"href":"https:\/\/roveyayinevi.com.tr\/index.php\/wp-json\/wp\/v2\/product"}],"about":[{"href":"https:\/\/roveyayinevi.com.tr\/index.php\/wp-json\/wp\/v2\/types\/product"}],"wp:attachment":[{"href":"https:\/\/roveyayinevi.com.tr\/index.php\/wp-json\/wp\/v2\/media?parent=728682"}],"wp:term":[{"taxonomy":"product_brand","embeddable":true,"href":"https:\/\/roveyayinevi.com.tr\/index.php\/wp-json\/wp\/v2\/product_brand?post=728682"},{"taxonomy":"product_cat","embeddable":true,"href":"https:\/\/roveyayinevi.com.tr\/index.php\/wp-json\/wp\/v2\/product_cat?post=728682"},{"taxonomy":"product_tag","embeddable":true,"href":"https:\/\/roveyayinevi.com.tr\/index.php\/wp-json\/wp\/v2\/product_tag?post=728682"}],"curies":[{"name":"wp","href":"https:\/\/api.w.org\/{rel}","templated":true}]}}