{"id":728679,"date":"2025-08-27T20:43:22","date_gmt":"2025-08-27T17:43:22","guid":{"rendered":"https:\/\/roveyayinevi.com.tr\/index.php\/urun\/ingilizce-dil-bilgisi-alistirmalari\/"},"modified":"2026-04-16T02:36:35","modified_gmt":"2026-04-15T23:36:35","slug":"ingilizce-dil-bilgisi-alistirmalari","status":"publish","type":"product","link":"https:\/\/roveyayinevi.com.tr\/index.php\/urun\/ingilizce-dil-bilgisi-alistirmalari\/","title":{"rendered":"\u0130ngilizce &#8211; Dil Bilgisi Al\u0131\u015ft\u0131rmalar\u0131"},"content":{"rendered":"<p>Ba\u015flang\u0131\u00e7 ve ileri d\u00fczeye y\u00f6nelik \u00e7e\u015fitli al\u0131\u015ft\u0131rmalarBilgileri peki\u015ftirmeye ve tazelemeye y\u00f6nelik al\u0131\u015ft\u0131rmalar\u00dc\u00e7 farkl\u0131 zorluk seviyesinde al\u0131\u015ft\u0131rmalarkolayortaileriKitaba entegre cevap anahtar\u0131A\u00e7\u0131k ve anla\u015f\u0131l\u0131r kitap d\u00fczeniDil kursunuza veya dil bilginize ideal destek<\/p>\n","protected":false},"excerpt":{"rendered":"<p>Ba\u015flang\u0131\u00e7 ve ileri d\u00fczeye y\u00f6nelik \u00e7e\u015fitli al\u0131\u015ft\u0131rmalarBilgileri peki\u015ftirmeye ve tazelemeye y\u00f6nelik al\u0131\u015ft\u0131rmalar\u00dc\u00e7 farkl\u0131 zorluk seviyesinde al\u0131\u015ft\u0131rmalarkolayortaileriKitaba entegre cevap anahtar\u0131A\u00e7\u0131k ve anla\u015f\u0131l\u0131r kitap d\u00fczeniDil kursunuza veya dil<span class=\"excerpt-hellip\"> [\u2026]<\/span><\/p>\n","protected":false},"featured_media":0,"template":"","meta":{"_monsterinsights_skip_tracking":false,"_monsterinsights_sitenote_active":false,"_monsterinsights_sitenote_note":"","_monsterinsights_sitenote_category":0},"product_brand":[],"product_cat":[20225,12291],"product_tag":[],"class_list":{"0":"post-728679","1":"product","2":"type-product","3":"status-publish","5":"product_cat-dil-bilim","6":"product_cat-edebiyat","7":"pa_cilt-ciltsiz","8":"pa_tur-kitap","9":"pa_yayinevi-bilge-kultur-sanat","10":"pa_yazar-gabi-galster-sigrid-brugger","12":"first","13":"instock","14":"sale","15":"shipping-taxable","16":"purchasable","17":"product-type-simple"},"_links":{"self":[{"href":"https:\/\/roveyayinevi.com.tr\/index.php\/wp-json\/wp\/v2\/product\/728679","targetHints":{"allow":["GET"]}}],"collection":[{"href":"https:\/\/roveyayinevi.com.tr\/index.php\/wp-json\/wp\/v2\/product"}],"about":[{"href":"https:\/\/roveyayinevi.com.tr\/index.php\/wp-json\/wp\/v2\/types\/product"}],"wp:attachment":[{"href":"https:\/\/roveyayinevi.com.tr\/index.php\/wp-json\/wp\/v2\/media?parent=728679"}],"wp:term":[{"taxonomy":"product_brand","embeddable":true,"href":"https:\/\/roveyayinevi.com.tr\/index.php\/wp-json\/wp\/v2\/product_brand?post=728679"},{"taxonomy":"product_cat","embeddable":true,"href":"https:\/\/roveyayinevi.com.tr\/index.php\/wp-json\/wp\/v2\/product_cat?post=728679"},{"taxonomy":"product_tag","embeddable":true,"href":"https:\/\/roveyayinevi.com.tr\/index.php\/wp-json\/wp\/v2\/product_tag?post=728679"}],"curies":[{"name":"wp","href":"https:\/\/api.w.org\/{rel}","templated":true}]}}