{"id":728678,"date":"2025-08-27T20:43:22","date_gmt":"2025-08-27T17:43:22","guid":{"rendered":"https:\/\/roveyayinevi.com.tr\/index.php\/urun\/ne-yiyecegimi-sasirdim\/"},"modified":"2026-02-03T02:52:25","modified_gmt":"2026-02-02T23:52:25","slug":"ne-yiyecegimi-sasirdim","status":"publish","type":"product","link":"https:\/\/roveyayinevi.com.tr\/index.php\/urun\/ne-yiyecegimi-sasirdim\/","title":{"rendered":"Ne Yiyece\u011fimi \u015ea\u015f\u0131rd\u0131m"},"content":{"rendered":"<p>Dr. Banu Ta\u015fc\u0131 Fresko bu kitapta besinlerin temel \u00f6zelliklerini, beyin sa\u011fl\u0131\u011f\u0131 ve kronik enflamasyondaki rollerini anlatt\u0131. Esra Kaftan bu bilgilerden yola \u00e7\u0131karak birbirinden lezzetli tarifler haz\u0131rlad\u0131.Fibromiyaljisi \/ ge\u00e7meyen a\u011fr\u0131s\u0131 olanlarHer g\u00fcn ba\u015f a\u011fr\u0131s\u0131 \/ migren a\u011fr\u0131s\u0131 \u00e7ekenlerHer yemekten sonra karn\u0131 \u015fi\u015fenler\u0130rritabl ba\u011f\u0131rsak sendromu olanlarGluten t\u00fcketince hastalananlarHistamin entolerans\u0131 y\u00fcz\u00fcnden her yemekten sonra ka\u015f\u0131nanlarNikel alerjisi ve egzamas\u0131 ge\u00e7meyenlerAilesinde Alzheimer hastal\u0131\u011f\u0131 olanlarGelecekte beynim sa\u011fl\u0131kl\u0131 kals\u0131n diyenlerKafam eskisi gibi \u00e7al\u0131\u015fm\u0131yor diye yak\u0131nanlarMitokondrilerimi nas\u0131l beslerim diye merak edenlerK\u0131saca bu kitap&#8230;Ne yiyece\u011fini \u015fa\u015f\u0131ranlar ve ne yiyece\u011fini bilemeyenler\u201cRafine \u015feker, gluten ve inek s\u00fct\u00fc neden zarar veriyor; yerine ne koyabiliriz?\u201d diye soranlarNe yiyece\u011fini bilen ama a\u011f\u0131z tad\u0131na uygun tarif bulamayanlar i\u00e7in\u2026<\/p>\n","protected":false},"excerpt":{"rendered":"<p>Dr. Banu Ta\u015fc\u0131 Fresko bu kitapta besinlerin temel \u00f6zelliklerini, beyin sa\u011fl\u0131\u011f\u0131 ve kronik enflamasyondaki rollerini anlatt\u0131. Esra Kaftan bu bilgilerden yola \u00e7\u0131karak birbirinden lezzetli tarifler haz\u0131rlad\u0131.Fibromiyaljisi<span class=\"excerpt-hellip\"> [\u2026]<\/span><\/p>\n","protected":false},"featured_media":0,"template":"","meta":{"_monsterinsights_skip_tracking":false,"_monsterinsights_sitenote_active":false,"_monsterinsights_sitenote_note":"","_monsterinsights_sitenote_category":0},"product_brand":[],"product_cat":[13402,13365],"product_tag":[],"class_list":{"0":"post-728678","1":"product","2":"type-product","3":"status-publish","5":"product_cat-beslenme-ve-diyet","6":"product_cat-saglik","7":"pa_cilt-ciltsiz","8":"pa_tur-kitap","9":"pa_yayinevi-dogan-kitap","10":"pa_yazar-banu-tasci-fresko-esra-kaftan","12":"first","13":"instock","14":"sale","15":"shipping-taxable","16":"purchasable","17":"product-type-simple"},"_links":{"self":[{"href":"https:\/\/roveyayinevi.com.tr\/index.php\/wp-json\/wp\/v2\/product\/728678","targetHints":{"allow":["GET"]}}],"collection":[{"href":"https:\/\/roveyayinevi.com.tr\/index.php\/wp-json\/wp\/v2\/product"}],"about":[{"href":"https:\/\/roveyayinevi.com.tr\/index.php\/wp-json\/wp\/v2\/types\/product"}],"wp:attachment":[{"href":"https:\/\/roveyayinevi.com.tr\/index.php\/wp-json\/wp\/v2\/media?parent=728678"}],"wp:term":[{"taxonomy":"product_brand","embeddable":true,"href":"https:\/\/roveyayinevi.com.tr\/index.php\/wp-json\/wp\/v2\/product_brand?post=728678"},{"taxonomy":"product_cat","embeddable":true,"href":"https:\/\/roveyayinevi.com.tr\/index.php\/wp-json\/wp\/v2\/product_cat?post=728678"},{"taxonomy":"product_tag","embeddable":true,"href":"https:\/\/roveyayinevi.com.tr\/index.php\/wp-json\/wp\/v2\/product_tag?post=728678"}],"curies":[{"name":"wp","href":"https:\/\/api.w.org\/{rel}","templated":true}]}}