{"id":728677,"date":"2025-08-27T20:43:21","date_gmt":"2025-08-27T17:43:21","guid":{"rendered":"https:\/\/roveyayinevi.com.tr\/index.php\/urun\/bizden-dunyaya-kafasi-karisiklar-2\/"},"modified":"2026-04-03T02:44:03","modified_gmt":"2026-04-02T23:44:03","slug":"bizden-dunyaya-kafasi-karisiklar-2","status":"publish","type":"product","link":"https:\/\/roveyayinevi.com.tr\/index.php\/urun\/bizden-dunyaya-kafasi-karisiklar-2\/","title":{"rendered":"Bizden D\u00fcnyaya &#8211; Kafas\u0131 Kar\u0131\u015f\u0131klar 2"},"content":{"rendered":"<p>Felsefe yoluyla d\u00fcnyay\u0131 de\u011fi\u015ftirebiliriz!Gen\u00e7li\u011fin nabz\u0131n\u0131 tutan eserleriyle okuru kalbinden yakalayan Seran Demiral&#8217;\u0131n yazd\u0131\u011f\u0131 Bizden D\u00fcnyaya, b\u00fcy\u00fcme, ki\u015filik olu\u015fturma ve d\u00fcnyay\u0131 ke\u015ffetme s\u00fcrecinde sorular\u0131na yan\u0131t arayanlar\u0131n d\u00fc\u015f\u00fcnsel yolculuklar\u0131na rehberlik eden &#8220;Kafas\u0131 Kar\u0131\u015f\u0131klar&#8221; serisinin ikinci halkas\u0131.Kendi tart\u0131\u015fma ortamlar\u0131n\u0131 yaratarak, zihinlerinde u\u00e7u\u015fup duran soru balonlar\u0131n\u0131 teker teker patlatan Kafas\u0131 Kar\u0131\u015f\u0131klar, hayat\u0131 yeni ba\u015ftan ke\u015ffe \u00e7a\u011f\u0131r\u0131yor; d\u00fcnyaya, evrene, varolu\u015fa ve toplumsal ili\u015fkilere dair ete\u011findeki b\u00fct\u00fcn ta\u015flar\u0131 d\u00f6k\u00fcyor.Okurlar\u0131n\u0131, g\u00fcndelik hayat\u0131n seyrine etki eden derin konular \u00fczerine &#8220;tart\u0131\u015fmaya&#8221; davet eden bu merak uyand\u0131r\u0131c\u0131 roman, felsefe kitaplar\u0131nda olmayan hareketli temposu ve macera kitaplar\u0131nda yer almayan d\u00fc\u015f\u00fcnsel arka plan\u0131yla fark yarat\u0131yor.Serinin devam\u0131nda, &#8220;Tart\u0131\u015fmac\u0131lar Kul\u00fcb\u00fc&#8221;n\u00fcn g\u00fcndeme getirdi\u011fi sorular &#8220;bizden d\u00fcnyaya&#8221; do\u011fru evriliyor; bilimin, sanat\u0131n ve felsefenin \u00e7ok daha derinlerine dal\u0131yor. Sevim, &#8220;Nas\u0131l Yapal\u0131m?&#8221; sorusuyla t\u00fcketim al\u0131\u015fkanl\u0131klar\u0131m\u0131z\u0131 ve do\u011fayla ili\u015fkimizi sorgularken alternatif ya\u015famlar\u0131n m\u00fcmk\u00fcn olabildi\u011fi bir d\u00fcnya hayalini tart\u0131\u015fmaya a\u00e7\u0131yor. Bar\u0131\u015f ise, &#8220;D\u00fcnyay\u0131 neden de\u011fi\u015ftirmeliyiz?&#8221; diyerek olumsuzluklar kar\u015f\u0131s\u0131nda yak\u0131nmak yerine eyleme ge\u00e7menin gereklili\u011fini vurguluyor. &#8220;Karanl\u0131ktan \u015fik\u00e2yet edece\u011fine bir mum yak,&#8221; \u00f6zdeyi\u015finin \u00e2deta manifestosunu sunuyor.Felsefenin zihni geli\u015ftiren bir d\u00fc\u015f\u00fcnme prati\u011fi oldu\u011funu hat\u0131rlatan Bizden D\u00fcnyaya, belgesel sinemadan edebiyata, televizyon dizilerinden d\u00fcnyaca \u00fcnl\u00fc ressamlar\u0131n yap\u0131tlar\u0131na uzanarak, bilimin ve sanat\u0131n ayr\u0131lmaz bir b\u00fct\u00fcn oldu\u011funun alt\u0131n\u0131 \u00e7iziyor.Ak\u0131llar\u0131nda milyonlarca soruyla etraf\u0131m\u0131zda dola\u015fan b\u00fct\u00fcn gen\u00e7lerin g\u00f6n\u00fcll\u00fc s\u00f6zc\u00fcl\u00fc\u011f\u00fcn\u00fc \u00fcstlenen Seran Demiral, bu kitab\u0131yla, konu\u015farak payla\u015fman\u0131n insan ruhunu nas\u0131l da iyile\u015ftirebilece\u011fini g\u00f6zler \u00f6n\u00fcne seriyor.Unutmay\u0131n, &#8220;d\u00fc\u015f\u00fcnmek ile hayal kurman\u0131n kesi\u015fti\u011fi yerde, felsefe d\u00fcnyay\u0131 de\u011fi\u015ftirebilir.&#8221;<\/p>\n","protected":false},"excerpt":{"rendered":"<p>Felsefe yoluyla d\u00fcnyay\u0131 de\u011fi\u015ftirebiliriz!Gen\u00e7li\u011fin nabz\u0131n\u0131 tutan eserleriyle okuru kalbinden yakalayan Seran Demiral&#8217;\u0131n yazd\u0131\u011f\u0131 Bizden D\u00fcnyaya, b\u00fcy\u00fcme, ki\u015filik olu\u015fturma ve d\u00fcnyay\u0131 ke\u015ffetme s\u00fcrecinde sorular\u0131na yan\u0131t arayanlar\u0131n d\u00fc\u015f\u00fcnsel<span class=\"excerpt-hellip\"> [\u2026]<\/span><\/p>\n","protected":false},"featured_media":0,"template":"","meta":{"_monsterinsights_skip_tracking":false,"_monsterinsights_sitenote_active":false,"_monsterinsights_sitenote_note":"","_monsterinsights_sitenote_category":0},"product_brand":[],"product_cat":[12275,12274],"product_tag":[],"class_list":{"0":"post-728677","1":"product","2":"type-product","3":"status-publish","5":"product_cat-6-12-yas-kitaplari","6":"product_cat-cocuk-ve-genclik-kitaplari","7":"pa_cilt-ciltsiz","8":"pa_tur-kitap","9":"pa_yayinevi-tudem-yayinlari","10":"pa_yazar-seran-demiral","12":"first","13":"instock","14":"sale","15":"shipping-taxable","16":"purchasable","17":"product-type-simple"},"_links":{"self":[{"href":"https:\/\/roveyayinevi.com.tr\/index.php\/wp-json\/wp\/v2\/product\/728677","targetHints":{"allow":["GET"]}}],"collection":[{"href":"https:\/\/roveyayinevi.com.tr\/index.php\/wp-json\/wp\/v2\/product"}],"about":[{"href":"https:\/\/roveyayinevi.com.tr\/index.php\/wp-json\/wp\/v2\/types\/product"}],"wp:attachment":[{"href":"https:\/\/roveyayinevi.com.tr\/index.php\/wp-json\/wp\/v2\/media?parent=728677"}],"wp:term":[{"taxonomy":"product_brand","embeddable":true,"href":"https:\/\/roveyayinevi.com.tr\/index.php\/wp-json\/wp\/v2\/product_brand?post=728677"},{"taxonomy":"product_cat","embeddable":true,"href":"https:\/\/roveyayinevi.com.tr\/index.php\/wp-json\/wp\/v2\/product_cat?post=728677"},{"taxonomy":"product_tag","embeddable":true,"href":"https:\/\/roveyayinevi.com.tr\/index.php\/wp-json\/wp\/v2\/product_tag?post=728677"}],"curies":[{"name":"wp","href":"https:\/\/api.w.org\/{rel}","templated":true}]}}