{"id":728676,"date":"2025-08-27T20:43:19","date_gmt":"2025-08-27T17:43:19","guid":{"rendered":"https:\/\/roveyayinevi.com.tr\/index.php\/urun\/agabeyim-orhan-veli\/"},"modified":"2026-04-16T02:36:35","modified_gmt":"2026-04-15T23:36:35","slug":"agabeyim-orhan-veli","status":"publish","type":"product","link":"https:\/\/roveyayinevi.com.tr\/index.php\/urun\/agabeyim-orhan-veli\/","title":{"rendered":"A\u011fabeyim Orhan Veli"},"content":{"rendered":"<p>\u201cAnnemi, babam\u0131, Adnan A\u011fabeyimi, e\u015fimi, arkada\u015flar\u0131m\u0131 kaybettim. Ama hi\u00e7biri Orhan A\u011fabeyimin \u00f6l\u00fcm\u00fc kadar \u015fu kalbimi ac\u0131tmad\u0131\u2026\u201d\u201cD\u00fcnyalar vard\u0131r, d\u00fc\u015f\u00fcnemezsiniz\u201d diyordu otuz alt\u0131 y\u0131ll\u0131k k\u0131sac\u0131k \u00f6mr\u00fcne d\u00fcnyalar\u0131 s\u0131\u011fd\u0131ran Orhan Veli&#8230;\u00d6l\u00fcm\u00fcn\u00fcn \u00fczerinden onlarca sene ge\u00e7mesine kar\u015f\u0131n bug\u00fcn dizeleri en \u00e7ok bilinen \u015fairlerden.\u201cOtuz alt\u0131 y\u0131la neler s\u0131\u011fd\u0131r\u0131l\u0131r?\u201d sorusunun cevab\u0131n\u0131 ya\u015fad\u0131klar\u0131yla ve engin hayal d\u00fcnyas\u0131yla verir Orhan Veli. Onun g\u00fcc\u00fc naifli\u011finde, iddias\u0131 iddias\u0131zl\u0131\u011f\u0131nda ve derinli\u011fi sadeli\u011finde gizlidir. Son g\u00fcne dek hayat\u0131n\u0131 dolu dolu ya\u015fam\u0131\u015f, kendi deyimiyle istedi\u011fi her \u015feyi yapm\u0131\u015f ve hi\u00e7bir \u015feyden pi\u015fman olmam\u0131\u015ft\u0131r.Gazeteci Seray \u015eahinler, hayat\u0131 boyunca a\u011fabeyine karde\u015flikten \u00f6te yolda\u015fl\u0131k, dostluk, s\u0131rda\u015fl\u0131k etmi\u015f F\u00fcruzan Yolyapan\u2019\u0131n tan\u0131kl\u0131\u011f\u0131yla \u00e7\u0131kt\u0131\u011f\u0131 benzersiz yolculukta, usta \u015fairin ilk \u015fiirlerine, aile ili\u015fkilerine, bilinmeyen meraklar\u0131na, yazar ve \u015fairlerle at\u0131\u015fmalar\u0131na, omuz omuza verdi\u011fi dostlar\u0131yla s\u00fcrd\u00fcrd\u00fc\u011f\u00fc ya\u015fam m\u00fccadelesine, maddi s\u0131k\u0131nt\u0131lara ra\u011fmen b\u00fcy\u00fck bir diren\u00e7le hayata tutundu\u011fu \u201cyaln\u0131z\u201d zamanlar\u0131na, kitaplar\u0131na, Yaprak y\u0131llar\u0131na \u0131\u015f\u0131k tutarak ola\u011fan\u00fcst\u00fc bir \u201cOrhan Veli portresi\u201d sunuyor.<\/p>\n","protected":false},"excerpt":{"rendered":"<p>\u201cAnnemi, babam\u0131, Adnan A\u011fabeyimi, e\u015fimi, arkada\u015flar\u0131m\u0131 kaybettim. Ama hi\u00e7biri Orhan A\u011fabeyimin \u00f6l\u00fcm\u00fc kadar \u015fu kalbimi ac\u0131tmad\u0131\u2026\u201d\u201cD\u00fcnyalar vard\u0131r, d\u00fc\u015f\u00fcnemezsiniz\u201d diyordu otuz alt\u0131 y\u0131ll\u0131k k\u0131sac\u0131k \u00f6mr\u00fcne d\u00fcnyalar\u0131 s\u0131\u011fd\u0131ran<span class=\"excerpt-hellip\"> [\u2026]<\/span><\/p>\n","protected":false},"featured_media":0,"template":"","meta":{"_monsterinsights_skip_tracking":false,"_monsterinsights_sitenote_active":false,"_monsterinsights_sitenote_note":"","_monsterinsights_sitenote_category":0},"product_brand":[],"product_cat":[13701,12291],"product_tag":[],"class_list":{"0":"post-728676","1":"product","2":"type-product","3":"status-publish","5":"product_cat-ani-mektup-gunluk","6":"product_cat-edebiyat","7":"pa_cilt-ciltsiz","8":"pa_tur-kitap","9":"pa_yayinevi-dogan-kitap","10":"pa_yazar-seray-sahiner","12":"first","13":"instock","14":"sale","15":"shipping-taxable","16":"purchasable","17":"product-type-simple"},"_links":{"self":[{"href":"https:\/\/roveyayinevi.com.tr\/index.php\/wp-json\/wp\/v2\/product\/728676","targetHints":{"allow":["GET"]}}],"collection":[{"href":"https:\/\/roveyayinevi.com.tr\/index.php\/wp-json\/wp\/v2\/product"}],"about":[{"href":"https:\/\/roveyayinevi.com.tr\/index.php\/wp-json\/wp\/v2\/types\/product"}],"wp:attachment":[{"href":"https:\/\/roveyayinevi.com.tr\/index.php\/wp-json\/wp\/v2\/media?parent=728676"}],"wp:term":[{"taxonomy":"product_brand","embeddable":true,"href":"https:\/\/roveyayinevi.com.tr\/index.php\/wp-json\/wp\/v2\/product_brand?post=728676"},{"taxonomy":"product_cat","embeddable":true,"href":"https:\/\/roveyayinevi.com.tr\/index.php\/wp-json\/wp\/v2\/product_cat?post=728676"},{"taxonomy":"product_tag","embeddable":true,"href":"https:\/\/roveyayinevi.com.tr\/index.php\/wp-json\/wp\/v2\/product_tag?post=728676"}],"curies":[{"name":"wp","href":"https:\/\/api.w.org\/{rel}","templated":true}]}}