{"id":728675,"date":"2025-08-27T20:43:18","date_gmt":"2025-08-27T17:43:18","guid":{"rendered":"https:\/\/roveyayinevi.com.tr\/index.php\/urun\/agitlarin-tanrisi\/"},"modified":"2026-04-16T02:36:35","modified_gmt":"2026-04-15T23:36:35","slug":"agitlarin-tanrisi","status":"publish","type":"product","link":"https:\/\/roveyayinevi.com.tr\/index.php\/urun\/agitlarin-tanrisi\/","title":{"rendered":"A\u011f\u0131tlar\u0131n Tanr\u0131s\u0131"},"content":{"rendered":"<p>Vah\u015fi \u015feylere dair evcil bir dil kullanmak yok art\u0131k.-Martin ShawOkan, \u00f6l\u00fc, yatakta yat\u0131yordu. Per\u015fembe gecesi beraber yatt\u0131\u011f\u0131m\u0131z yatakta. Sa\u011fd\u0131k ikimiz de, daha per\u015fembe gecesi sa\u011fd\u0131k. N\u2019oldu da pazartesi gecesi \u00f6l\u00fc \u00f6l\u00fc yatt\u0131k o yata\u011fa? \u00d6l\u00fc olmak yetmedi, bir de sal\u0131 denen o lanet g\u00fcnde, \u00f6l\u00fclerin bir tanesini topra\u011fa m\u0131 koyacakt\u0131k?Art\u0131k verebilirim demi\u015ftim, o sabah. Art\u0131k verebilirim. Benim verebilmem \u00f6nemli miydi? \u00d6l\u00fcm al\u0131rken bana sormu\u015f muydu ki, toprak, verirken soracakt\u0131? Benim fikrim sorulmuyordu ki. \u00c2\u015f\u0131k olurken de sorulmam\u0131\u015ft\u0131. Bana sadece, al bu adam\u0131, \u00e7ok sev, tamam m\u0131, denmi\u015fti, sevmek ne kelime, tapm\u0131\u015ft\u0131m adama, tapm\u0131\u015ft\u0131m. A\u015fk fikir sormaz. A\u015fk sadece hakk\u0131n\u0131 ver der, tamam m\u0131, der. Hakk\u0131n\u0131 vermezsen hakk\u0131m\u0131 vermem der.A\u011f\u0131tlar\u0131n Tanr\u0131s\u0131 bir a\u015fk mektubu&#8230; Yazar, e\u011fitmen Sepin \u0130nceer\u2019in \u00f6len e\u015fi, sevgilisi, \u00e7ocuklar\u0131n\u0131n babas\u0131 Okan\u2019a yazd\u0131\u011f\u0131 bir a\u015fk mektubu. Bir a\u011f\u0131t. Bir kad\u0131n\u0131n sevdi\u011finin \u00f6l\u00fcm\u00fcne ve bu \u00fclkede \u00f6mr\u00fc kelebeklerden daha k\u0131sa s\u00fcren, b\u00fcy\u00fckler tepi\u015firken \u00f6len b\u00fct\u00fcn \u00e7ocuklara yakt\u0131\u011f\u0131, kalbi par\u00e7alayan bir a\u011f\u0131t. Ve bir manifesto. Bu topraklarda ya\u015fanm\u0131\u015f b\u00fct\u00fcn ac\u0131larla y\u00fczle\u015fmeden, bir hi\u00e7 u\u011fruna \u00f6len b\u00fct\u00fcn \u00e7ocuklar\u0131m\u0131z\u0131n yas\u0131n\u0131 tutmadan yola devam etmenin m\u00fcmk\u00fcn olmayaca\u011f\u0131n\u0131 hayk\u0131rarak ilan eden bir manifesto.<\/p>\n","protected":false},"excerpt":{"rendered":"<p>Vah\u015fi \u015feylere dair evcil bir dil kullanmak yok art\u0131k.-Martin ShawOkan, \u00f6l\u00fc, yatakta yat\u0131yordu. Per\u015fembe gecesi beraber yatt\u0131\u011f\u0131m\u0131z yatakta. Sa\u011fd\u0131k ikimiz de, daha per\u015fembe gecesi sa\u011fd\u0131k. N\u2019oldu<span class=\"excerpt-hellip\"> [\u2026]<\/span><\/p>\n","protected":false},"featured_media":0,"template":"","meta":{"_monsterinsights_skip_tracking":false,"_monsterinsights_sitenote_active":false,"_monsterinsights_sitenote_note":"","_monsterinsights_sitenote_category":0},"product_brand":[],"product_cat":[18545,12291],"product_tag":[],"class_list":{"0":"post-728675","1":"product","2":"type-product","3":"status-publish","5":"product_cat-anlati","6":"product_cat-edebiyat","7":"pa_cilt-ciltsiz","8":"pa_tur-kitap","9":"pa_yayinevi-dogan-novus","10":"pa_yazar-sepin-inceer","12":"first","13":"instock","14":"sale","15":"shipping-taxable","16":"purchasable","17":"product-type-simple"},"_links":{"self":[{"href":"https:\/\/roveyayinevi.com.tr\/index.php\/wp-json\/wp\/v2\/product\/728675","targetHints":{"allow":["GET"]}}],"collection":[{"href":"https:\/\/roveyayinevi.com.tr\/index.php\/wp-json\/wp\/v2\/product"}],"about":[{"href":"https:\/\/roveyayinevi.com.tr\/index.php\/wp-json\/wp\/v2\/types\/product"}],"wp:attachment":[{"href":"https:\/\/roveyayinevi.com.tr\/index.php\/wp-json\/wp\/v2\/media?parent=728675"}],"wp:term":[{"taxonomy":"product_brand","embeddable":true,"href":"https:\/\/roveyayinevi.com.tr\/index.php\/wp-json\/wp\/v2\/product_brand?post=728675"},{"taxonomy":"product_cat","embeddable":true,"href":"https:\/\/roveyayinevi.com.tr\/index.php\/wp-json\/wp\/v2\/product_cat?post=728675"},{"taxonomy":"product_tag","embeddable":true,"href":"https:\/\/roveyayinevi.com.tr\/index.php\/wp-json\/wp\/v2\/product_tag?post=728675"}],"curies":[{"name":"wp","href":"https:\/\/api.w.org\/{rel}","templated":true}]}}