{"id":728673,"date":"2025-08-27T20:43:16","date_gmt":"2025-08-27T17:43:16","guid":{"rendered":"https:\/\/roveyayinevi.com.tr\/index.php\/urun\/isgucu-verimliligi-etkileyen-faktorler\/"},"modified":"2026-04-16T02:36:35","modified_gmt":"2026-04-15T23:36:35","slug":"isgucu-verimliligi-etkileyen-faktorler","status":"publish","type":"product","link":"https:\/\/roveyayinevi.com.tr\/index.php\/urun\/isgucu-verimliligi-etkileyen-faktorler\/","title":{"rendered":"\u0130\u015fg\u00fcc\u00fc Verimlili\u011fi Etkileyen Fakt\u00f6rler"},"content":{"rendered":"<p>\u0130\u00e7indekiler B\u0130R\u0130NC\u0130 B\u00d6L\u00dcM Verimlilik, Verimlili\u011fin  \u00d6l\u00e7\u00fclmesi Ve Yakla\u015f\u0131mlar Kavramsal \u00c7er\u00e7eve ve Verimlilik T\u00fcrleri Verimlili\u011fin \u00d6l\u00e7\u00fclmesi \u0130K\u0130NC\u0130 B\u00d6L\u00dcM \u0130\u015fg\u00fcc\u00fc Verimlili\u011finin Artt\u0131r\u0131lmas\u0131na Y\u00f6nelik Yakla\u015f\u0131mlar \u00dc\u00c7\u00dcNC\u00dc B\u00d6L\u00dcM \u0130\u015f G\u00fcc\u00fc Verimlili\u011fini Etkileyen Fakt\u00f6rler Ekonomik Fakt\u00f6rlerin \u0130\u015fg\u00fcc\u00fc Verimlili\u011fine Etkileri Y\u00f6netimsel Fakt\u00f6rlerin \u0130\u015fg\u00fcc\u00fc Verimlili\u011fine Etkileri Psiko-Sosyal Fakt\u00f6rlerin \u0130\u015fg\u00fcc\u00fc Verimlili\u011fine Etkileri Fiziki Fakt\u00f6rlerin \u0130\u015fg\u00fcc\u00fc Verimlili\u011fine Etkileri Verimlili\u011fi Etkileyen Di\u011fer Fakt\u00f6rlerin \u0130\u015fg\u00fcc\u00fc Verimlili\u011fine Etkileri <\/p>\n","protected":false},"excerpt":{"rendered":"<p>\u0130\u00e7indekiler B\u0130R\u0130NC\u0130 B\u00d6L\u00dcM Verimlilik, Verimlili\u011fin \u00d6l\u00e7\u00fclmesi Ve Yakla\u015f\u0131mlar Kavramsal \u00c7er\u00e7eve ve Verimlilik T\u00fcrleri Verimlili\u011fin \u00d6l\u00e7\u00fclmesi \u0130K\u0130NC\u0130 B\u00d6L\u00dcM \u0130\u015fg\u00fcc\u00fc Verimlili\u011finin Artt\u0131r\u0131lmas\u0131na Y\u00f6nelik Yakla\u015f\u0131mlar \u00dc\u00c7\u00dcNC\u00dc B\u00d6L\u00dcM \u0130\u015f G\u00fcc\u00fc<span class=\"excerpt-hellip\"> [\u2026]<\/span><\/p>\n","protected":false},"featured_media":0,"template":"","meta":{"_monsterinsights_skip_tracking":false,"_monsterinsights_sitenote_active":false,"_monsterinsights_sitenote_note":"","_monsterinsights_sitenote_category":0},"product_brand":[],"product_cat":[12573,12566],"product_tag":[],"class_list":{"0":"post-728673","1":"product","2":"type-product","3":"status-publish","5":"product_cat-akademik-kitaplar","6":"product_cat-egitim","7":"pa_cilt-ciltsiz","8":"pa_tur-kitap","9":"pa_yayinevi-gazi-kitabevi","10":"pa_yazar-yasin-yilmaz","12":"first","13":"instock","14":"sale","15":"shipping-taxable","16":"purchasable","17":"product-type-simple"},"_links":{"self":[{"href":"https:\/\/roveyayinevi.com.tr\/index.php\/wp-json\/wp\/v2\/product\/728673","targetHints":{"allow":["GET"]}}],"collection":[{"href":"https:\/\/roveyayinevi.com.tr\/index.php\/wp-json\/wp\/v2\/product"}],"about":[{"href":"https:\/\/roveyayinevi.com.tr\/index.php\/wp-json\/wp\/v2\/types\/product"}],"wp:attachment":[{"href":"https:\/\/roveyayinevi.com.tr\/index.php\/wp-json\/wp\/v2\/media?parent=728673"}],"wp:term":[{"taxonomy":"product_brand","embeddable":true,"href":"https:\/\/roveyayinevi.com.tr\/index.php\/wp-json\/wp\/v2\/product_brand?post=728673"},{"taxonomy":"product_cat","embeddable":true,"href":"https:\/\/roveyayinevi.com.tr\/index.php\/wp-json\/wp\/v2\/product_cat?post=728673"},{"taxonomy":"product_tag","embeddable":true,"href":"https:\/\/roveyayinevi.com.tr\/index.php\/wp-json\/wp\/v2\/product_tag?post=728673"}],"curies":[{"name":"wp","href":"https:\/\/api.w.org\/{rel}","templated":true}]}}