{"id":728666,"date":"2025-08-27T20:43:10","date_gmt":"2025-08-27T17:43:10","guid":{"rendered":"https:\/\/roveyayinevi.com.tr\/index.php\/urun\/gecmisin-golgesinde\/"},"modified":"2026-04-16T02:36:34","modified_gmt":"2026-04-15T23:36:34","slug":"gecmisin-golgesinde","status":"publish","type":"product","link":"https:\/\/roveyayinevi.com.tr\/index.php\/urun\/gecmisin-golgesinde\/","title":{"rendered":"Ge\u00e7mi\u015fin G\u00f6lgesinde"},"content":{"rendered":"<p>Y\u0131l 1942. Rusya-Nazi Almanyas\u0131 sava\u015f\u0131 k\u0131z\u0131\u015f\u0131rken Nina ve Andrey evlilik a\u015famas\u0131ndad\u0131r. \u00d6\u011fretmen olan Nina ve doktor olan Andrey evlendikten sadece \u00fc\u00e7 ay sonra \u015fehirlerine Nazi sald\u0131r\u0131s\u0131 ba\u015flar. U\u00e7aklar \u015fehre bombalar ya\u011fd\u0131r\u0131rken insanlar \u00f6l\u00fcr, binalar y\u0131k\u0131l\u0131r ve t\u00fcm hayatlar alt\u00fcst olur. S\u0131\u011f\u0131nakta ge\u00e7irdikleri g\u00fcnlerde s\u0131\u011f\u0131na\u011fa getirilen yaral\u0131lara destek olmaya \u00e7al\u0131\u015fan Nina ve Andrey bir yandan da hen\u00fcz do\u011fmam\u0131\u015f olan bebeklerini de korumaya \u00e7al\u0131\u015fmaktad\u0131rlar. Sava\u015f\u0131n y\u0131k\u0131c\u0131l\u0131\u011f\u0131, insanlar\u0131n ac\u0131mas\u0131zl\u0131\u011f\u0131 ve hayatta kalma i\u00e7g\u00fcd\u00fclerini okuyaca\u011f\u0131n\u0131z bu kitapta Nina&#8217;n\u0131n an\u0131lar\u0131 i\u00e7inde s\u00fcr\u00fckleneceksiniz.<\/p>\n","protected":false},"excerpt":{"rendered":"<p>Y\u0131l 1942. Rusya-Nazi Almanyas\u0131 sava\u015f\u0131 k\u0131z\u0131\u015f\u0131rken Nina ve Andrey evlilik a\u015famas\u0131ndad\u0131r. \u00d6\u011fretmen olan Nina ve doktor olan Andrey evlendikten sadece \u00fc\u00e7 ay sonra \u015fehirlerine Nazi sald\u0131r\u0131s\u0131<span class=\"excerpt-hellip\"> [\u2026]<\/span><\/p>\n","protected":false},"featured_media":0,"template":"","meta":{"_monsterinsights_skip_tracking":false,"_monsterinsights_sitenote_active":false,"_monsterinsights_sitenote_note":"","_monsterinsights_sitenote_category":0},"product_brand":[],"product_cat":[12291,12711],"product_tag":[],"class_list":{"0":"post-728666","1":"product","2":"type-product","3":"status-publish","5":"product_cat-edebiyat","6":"product_cat-roman-oyku","7":"pa_cilt-ciltsiz","8":"pa_tur-kitap","9":"pa_yayinevi-perseus","10":"pa_yazar-eda-oznur-tapac","12":"first","13":"instock","14":"sale","15":"shipping-taxable","16":"purchasable","17":"product-type-simple"},"_links":{"self":[{"href":"https:\/\/roveyayinevi.com.tr\/index.php\/wp-json\/wp\/v2\/product\/728666","targetHints":{"allow":["GET"]}}],"collection":[{"href":"https:\/\/roveyayinevi.com.tr\/index.php\/wp-json\/wp\/v2\/product"}],"about":[{"href":"https:\/\/roveyayinevi.com.tr\/index.php\/wp-json\/wp\/v2\/types\/product"}],"wp:attachment":[{"href":"https:\/\/roveyayinevi.com.tr\/index.php\/wp-json\/wp\/v2\/media?parent=728666"}],"wp:term":[{"taxonomy":"product_brand","embeddable":true,"href":"https:\/\/roveyayinevi.com.tr\/index.php\/wp-json\/wp\/v2\/product_brand?post=728666"},{"taxonomy":"product_cat","embeddable":true,"href":"https:\/\/roveyayinevi.com.tr\/index.php\/wp-json\/wp\/v2\/product_cat?post=728666"},{"taxonomy":"product_tag","embeddable":true,"href":"https:\/\/roveyayinevi.com.tr\/index.php\/wp-json\/wp\/v2\/product_tag?post=728666"}],"curies":[{"name":"wp","href":"https:\/\/api.w.org\/{rel}","templated":true}]}}