{"id":728663,"date":"2025-08-27T20:43:07","date_gmt":"2025-08-27T17:43:07","guid":{"rendered":"https:\/\/roveyayinevi.com.tr\/index.php\/urun\/kucuk-seyler-5\/"},"modified":"2026-04-16T02:36:34","modified_gmt":"2026-04-15T23:36:34","slug":"kucuk-seyler-5","status":"publish","type":"product","link":"https:\/\/roveyayinevi.com.tr\/index.php\/urun\/kucuk-seyler-5\/","title":{"rendered":"K\u00fc\u00e7\u00fck \u015eeyler"},"content":{"rendered":"<p>&#8220;Yaz\u0131n uzun g\u00fcnlerinde daha fazla \u00e7al\u0131\u015ft\u0131\u011f\u0131 halde ak\u015famlar\u0131 evine eskisi gibi bitkin ve takatsiz de\u011fil, b\u00fcy\u00fck bir co\u015fku ve ne\u015feyle gelirdi. Y\u00fcr\u00fcrken ko\u015far, s\u00f6ylerken g\u00fcler, \u00f6nceleri, geldi\u011fi zaman bir par\u00e7a dinlenmek i\u00e7in \u00fczerine d\u00fc\u015ft\u00fc\u011f\u00fc sandalyelerin hi\u00e7birinde oturamaz, evin i\u00e7inde s\u00fcrekli dola\u015f\u0131r dururdu. Y\u00fcz\u00fcnde, par\u0131ldamak i\u00e7in zaman\u0131n en k\u00fc\u00e7\u00fck m\u00fcsaadesini bekleyen gen\u00e7li\u011fin canl\u0131 rengi g\u00f6r\u00fcnmeye ba\u015flad\u0131. Yirmi ya\u015f\u0131ndayken, insan\u0131 aciz b\u0131rakma kudreti olan b\u00f6yle bir tebess\u00fcm\u00fcn kar\u015f\u0131s\u0131nda hi\u00e7 bulunmad\u0131n\u0131z m\u0131?&#8221; Samipa\u015fazade Sezai, edebiyat\u0131m\u0131z\u0131n modern anlamda ilk hik\u00e2yesi olarak kabul edilen, hem romantizm hem realizmden izler ta\u015f\u0131yan bu \u00f6nemli eserinde, yaln\u0131zca bir edebi t\u00fcr\u00fc modernle\u015ftirmekle kalmam\u0131\u015f, hik\u00e2yenin g\u00fcc\u00fcn\u00fcn ayr\u0131nt\u0131dan beslendi\u011fini, s\u0131radan gibi g\u00f6r\u00fcnen hayatlar\u0131n basit hik\u00e2yelerinin bile anlat\u0131lmaya de\u011fer oldu\u011funu g\u00f6stermi\u015f, o hayatlar\u0131n i\u00e7indeki meraklar\u0131, ac\u0131lar\u0131, korkular\u0131, sevin\u00e7leri, hayal k\u0131r\u0131kl\u0131klar\u0131n\u0131 abart\u0131s\u0131z ger\u00e7eklikleriyle g\u00f6zler \u00f6n\u00fcne sererek kendi zaman\u0131n\u0131 a\u015fm\u0131\u015f, edebiyat tarihimiz i\u00e7indeki e\u015fsiz yerini alm\u0131\u015ft\u0131r<\/p>\n","protected":false},"excerpt":{"rendered":"<p>&#8220;Yaz\u0131n uzun g\u00fcnlerinde daha fazla \u00e7al\u0131\u015ft\u0131\u011f\u0131 halde ak\u015famlar\u0131 evine eskisi gibi bitkin ve takatsiz de\u011fil, b\u00fcy\u00fck bir co\u015fku ve ne\u015feyle gelirdi. Y\u00fcr\u00fcrken ko\u015far, s\u00f6ylerken g\u00fcler, \u00f6nceleri,<span class=\"excerpt-hellip\"> [\u2026]<\/span><\/p>\n","protected":false},"featured_media":0,"template":"","meta":{"_monsterinsights_skip_tracking":false,"_monsterinsights_sitenote_active":false,"_monsterinsights_sitenote_note":"","_monsterinsights_sitenote_category":0},"product_brand":[],"product_cat":[12291,12711],"product_tag":[],"class_list":{"0":"post-728663","1":"product","2":"type-product","3":"status-publish","5":"product_cat-edebiyat","6":"product_cat-roman-oyku","7":"pa_cilt-ciltsiz","8":"pa_tur-kitap","9":"pa_yayinevi-telgrafhane-yayinlari","10":"pa_yazar-samipasazade-sezai","12":"first","13":"instock","14":"sale","15":"shipping-taxable","16":"purchasable","17":"product-type-simple"},"_links":{"self":[{"href":"https:\/\/roveyayinevi.com.tr\/index.php\/wp-json\/wp\/v2\/product\/728663","targetHints":{"allow":["GET"]}}],"collection":[{"href":"https:\/\/roveyayinevi.com.tr\/index.php\/wp-json\/wp\/v2\/product"}],"about":[{"href":"https:\/\/roveyayinevi.com.tr\/index.php\/wp-json\/wp\/v2\/types\/product"}],"wp:attachment":[{"href":"https:\/\/roveyayinevi.com.tr\/index.php\/wp-json\/wp\/v2\/media?parent=728663"}],"wp:term":[{"taxonomy":"product_brand","embeddable":true,"href":"https:\/\/roveyayinevi.com.tr\/index.php\/wp-json\/wp\/v2\/product_brand?post=728663"},{"taxonomy":"product_cat","embeddable":true,"href":"https:\/\/roveyayinevi.com.tr\/index.php\/wp-json\/wp\/v2\/product_cat?post=728663"},{"taxonomy":"product_tag","embeddable":true,"href":"https:\/\/roveyayinevi.com.tr\/index.php\/wp-json\/wp\/v2\/product_tag?post=728663"}],"curies":[{"name":"wp","href":"https:\/\/api.w.org\/{rel}","templated":true}]}}