{"id":728662,"date":"2025-08-27T20:43:06","date_gmt":"2025-08-27T17:43:06","guid":{"rendered":"https:\/\/roveyayinevi.com.tr\/index.php\/urun\/misafir-oykuler\/"},"modified":"2026-04-13T02:45:31","modified_gmt":"2026-04-12T23:45:31","slug":"misafir-oykuler","status":"publish","type":"product","link":"https:\/\/roveyayinevi.com.tr\/index.php\/urun\/misafir-oykuler\/","title":{"rendered":"Misafir \u00d6yk\u00fcler"},"content":{"rendered":"<p>Oysa ne \u00e7ok yan\u0131l\u0131r insanSevilmedi\u011fini zannederekKimi g\u00f6zleKimi y\u00fczleKimi de g\u00f6n\u00fclle sevilirKimi g\u00f6ky\u00fcz\u00fcn\u00fcn mavili\u011findeKimi ummanlar\u0131n derinli\u011findeKimi parmaktaki tek ta\u015f ileKimi bardaktaki \u00e7ay ileKimi batan g\u00fcn\u00fcn k\u0131z\u0131ll\u0131\u011f\u0131Kimi do\u011fan ay\u0131n h\u00fczn\u00fc ile sevilirKimi bir ninni gibi sessiz ve derindenKimi de bir bozlak gibi garibin ci\u011ferindenKimi \u00fc\u00e7 telli ile Ege&#8217;denKimi Dalal gibi Mardin&#8217;den sevilirKimi paras\u0131 bitene kadarKimi be\u015f paras\u0131zd\u0131r ama muhabbet ehlidir, sevilirKimi g\u00fcl\u00fc\u015fteki esrar ileKimi yanaktan s\u00fcz\u00fclen ya\u015f ile\u00d6m\u00fcr boyu sevilir. <\/p>\n","protected":false},"excerpt":{"rendered":"<p>Oysa ne \u00e7ok yan\u0131l\u0131r insanSevilmedi\u011fini zannederekKimi g\u00f6zleKimi y\u00fczleKimi de g\u00f6n\u00fclle sevilirKimi g\u00f6ky\u00fcz\u00fcn\u00fcn mavili\u011findeKimi ummanlar\u0131n derinli\u011findeKimi parmaktaki tek ta\u015f ileKimi bardaktaki \u00e7ay ileKimi batan g\u00fcn\u00fcn k\u0131z\u0131ll\u0131\u011f\u0131Kimi do\u011fan<span class=\"excerpt-hellip\"> [\u2026]<\/span><\/p>\n","protected":false},"featured_media":0,"template":"","meta":{"_monsterinsights_skip_tracking":false,"_monsterinsights_sitenote_active":false,"_monsterinsights_sitenote_note":"","_monsterinsights_sitenote_category":0},"product_brand":[],"product_cat":[12291,12711],"product_tag":[],"class_list":{"0":"post-728662","1":"product","2":"type-product","3":"status-publish","5":"product_cat-edebiyat","6":"product_cat-roman-oyku","7":"pa_cilt-ciltsiz","8":"pa_tur-kitap","9":"pa_yayinevi-karina-yayinevi","10":"pa_yazar-aykut-karli","12":"first","13":"instock","14":"sale","15":"shipping-taxable","16":"purchasable","17":"product-type-simple"},"_links":{"self":[{"href":"https:\/\/roveyayinevi.com.tr\/index.php\/wp-json\/wp\/v2\/product\/728662","targetHints":{"allow":["GET"]}}],"collection":[{"href":"https:\/\/roveyayinevi.com.tr\/index.php\/wp-json\/wp\/v2\/product"}],"about":[{"href":"https:\/\/roveyayinevi.com.tr\/index.php\/wp-json\/wp\/v2\/types\/product"}],"wp:attachment":[{"href":"https:\/\/roveyayinevi.com.tr\/index.php\/wp-json\/wp\/v2\/media?parent=728662"}],"wp:term":[{"taxonomy":"product_brand","embeddable":true,"href":"https:\/\/roveyayinevi.com.tr\/index.php\/wp-json\/wp\/v2\/product_brand?post=728662"},{"taxonomy":"product_cat","embeddable":true,"href":"https:\/\/roveyayinevi.com.tr\/index.php\/wp-json\/wp\/v2\/product_cat?post=728662"},{"taxonomy":"product_tag","embeddable":true,"href":"https:\/\/roveyayinevi.com.tr\/index.php\/wp-json\/wp\/v2\/product_tag?post=728662"}],"curies":[{"name":"wp","href":"https:\/\/api.w.org\/{rel}","templated":true}]}}