{"id":728661,"date":"2025-08-27T20:43:05","date_gmt":"2025-08-27T17:43:05","guid":{"rendered":"https:\/\/roveyayinevi.com.tr\/index.php\/urun\/akarsular-ciltli\/"},"modified":"2026-04-16T02:36:34","modified_gmt":"2026-04-15T23:36:34","slug":"akarsular-ciltli","status":"publish","type":"product","link":"https:\/\/roveyayinevi.com.tr\/index.php\/urun\/akarsular-ciltli\/","title":{"rendered":"Akarsular (Ciltli)"},"content":{"rendered":"<p>D\u00fcnyan\u0131n her yerinde farkl\u0131 uzunluklarda \u0131rmaklara rastlar\u0131z, derelere kollara b\u00f6l\u00fcnerek d\u00fcnyan\u0131n her k\u00f6\u015fesine yay\u0131l\u0131rlar. G\u00fc\u00e7l\u00fc ak\u0131nt\u0131lar\u0131yla d\u00fcnyay\u0131 \u015fekillendirirler. Nehirler, k\u00e2\u015fifler i\u00e7in yol, ordular i\u00e7in engel olur. Bazen i\u00e7me suyu sa\u011flamak, bazen bal\u0131k tutmak, bazen de bitkileri sulamak i\u00e7in nehirlere ihtiyac\u0131m\u0131z var.Peter Goes bizleri denizler, g\u00f6ller ve \u0131rmaklar boyunca bir yolculu\u011fa \u00e7\u0131kar\u0131yor. Etkileyici \u00e7izimleriyle do\u011fa, k\u00fclt\u00fcr ve tarih konular\u0131nda birbirinden ilgin\u00e7 bilgiler sunuyor.Nil\u2019den Amazon\u2019a, Mekong deltas\u0131ndan Mississippi\u2019ye, Tuna\u2019dan Dicle\u2019ye uzanmaya haz\u0131r m\u0131s\u0131n\u0131z?<\/p>\n","protected":false},"excerpt":{"rendered":"<p>D\u00fcnyan\u0131n her yerinde farkl\u0131 uzunluklarda \u0131rmaklara rastlar\u0131z, derelere kollara b\u00f6l\u00fcnerek d\u00fcnyan\u0131n her k\u00f6\u015fesine yay\u0131l\u0131rlar. G\u00fc\u00e7l\u00fc ak\u0131nt\u0131lar\u0131yla d\u00fcnyay\u0131 \u015fekillendirirler. Nehirler, k\u00e2\u015fifler i\u00e7in yol, ordular i\u00e7in engel olur.<span class=\"excerpt-hellip\"> [\u2026]<\/span><\/p>\n","protected":false},"featured_media":0,"template":"","meta":{"_monsterinsights_skip_tracking":false,"_monsterinsights_sitenote_active":false,"_monsterinsights_sitenote_note":"","_monsterinsights_sitenote_category":0},"product_brand":[],"product_cat":[13829,12274],"product_tag":[],"class_list":{"0":"post-728661","1":"product","2":"type-product","3":"status-publish","5":"product_cat-bilimsel-kitaplar","6":"product_cat-cocuk-ve-genclik-kitaplari","7":"pa_cilt-ciltli","8":"pa_tur-kitap","9":"pa_yayinevi-hep-kitap","10":"pa_yazar-peter-goes","12":"first","13":"instock","14":"sale","15":"shipping-taxable","16":"purchasable","17":"product-type-simple"},"_links":{"self":[{"href":"https:\/\/roveyayinevi.com.tr\/index.php\/wp-json\/wp\/v2\/product\/728661","targetHints":{"allow":["GET"]}}],"collection":[{"href":"https:\/\/roveyayinevi.com.tr\/index.php\/wp-json\/wp\/v2\/product"}],"about":[{"href":"https:\/\/roveyayinevi.com.tr\/index.php\/wp-json\/wp\/v2\/types\/product"}],"wp:attachment":[{"href":"https:\/\/roveyayinevi.com.tr\/index.php\/wp-json\/wp\/v2\/media?parent=728661"}],"wp:term":[{"taxonomy":"product_brand","embeddable":true,"href":"https:\/\/roveyayinevi.com.tr\/index.php\/wp-json\/wp\/v2\/product_brand?post=728661"},{"taxonomy":"product_cat","embeddable":true,"href":"https:\/\/roveyayinevi.com.tr\/index.php\/wp-json\/wp\/v2\/product_cat?post=728661"},{"taxonomy":"product_tag","embeddable":true,"href":"https:\/\/roveyayinevi.com.tr\/index.php\/wp-json\/wp\/v2\/product_tag?post=728661"}],"curies":[{"name":"wp","href":"https:\/\/api.w.org\/{rel}","templated":true}]}}