{"id":728660,"date":"2025-08-27T20:43:04","date_gmt":"2025-08-27T17:43:04","guid":{"rendered":"https:\/\/roveyayinevi.com.tr\/index.php\/urun\/etrafim-aptallarla-dolu\/"},"modified":"2026-04-03T02:44:02","modified_gmt":"2026-04-02T23:44:02","slug":"etrafim-aptallarla-dolu","status":"publish","type":"product","link":"https:\/\/roveyayinevi.com.tr\/index.php\/urun\/etrafim-aptallarla-dolu\/","title":{"rendered":"Etraf\u0131m Aptallarla Dolu"},"content":{"rendered":"<p>\u201c\u0130leti\u015fim kurulamaz insanlarla ileti\u015fim kurmak i\u00e7in faydal\u0131 bir rehber\u2026 yal\u0131n bir dille yaz\u0131lm\u0131\u015f, zengin \u00f6rneklerle dolu ve kolay anla\u015f\u0131l\u0131r.\u201d Publishers Weekly Hepimiz hayat\u0131m\u0131zda aptallarla, yani ne yaparsak yapal\u0131m, ne s\u00f6ylersek s\u00f6yleyelim anlamakta zorland\u0131\u011f\u0131m\u0131z sinir bozucu insanlarla kar\u015f\u0131 kar\u015f\u0131yay\u0131z. Fakat bu \u2018aptallar\u2019 asl\u0131nda sadece bizden farkl\u0131 d\u00fc\u015f\u00fcnen ve farkl\u0131 ileti\u015fim kurma tarz\u0131 olan insanlard\u0131r. Bu kitap, d\u00f6rt davran\u0131\u015f profili kullanarak ki\u015filer aras\u0131 ileti\u015fimin may\u0131n tarlas\u0131n\u0131 basite indirgiyor. K\u0131rm\u0131z\u0131: Cesur ve at\u0131lgan olan K\u0131rm\u0131z\u0131lar iddial\u0131 hedefleriyle do\u011fu\u015ftan liderdir.  Sar\u0131: Tam bir sosyal kelebek olan Sar\u0131lar yarat\u0131c\u0131 ve iyimserdir. Ye\u015fil: Grubun en \u00f6zverilisi Ye\u015filler esnek, arkada\u015f canl\u0131s\u0131 ve sad\u0131kt\u0131r. Mavi: Keskin zekalar\u0131yla Maviler analitik d\u00fc\u015f\u00fcn\u00fcr ve detaylara \u00f6nem verir. Geri bildirim olu\u015fturmaktan etkili bir e-posta yazmaya kadar her renkle nas\u0131l ileti\u015fim kurulaca\u011f\u0131na dair ipu\u00e7lar\u0131 sayesinde bu basit sistem hayat\u0131n\u0131zdaki insanlara bak\u0131\u015f a\u00e7\u0131n\u0131z\u0131 de\u011fi\u015ftirecek. <\/p>\n","protected":false},"excerpt":{"rendered":"<p>\u201c\u0130leti\u015fim kurulamaz insanlarla ileti\u015fim kurmak i\u00e7in faydal\u0131 bir rehber\u2026 yal\u0131n bir dille yaz\u0131lm\u0131\u015f, zengin \u00f6rneklerle dolu ve kolay anla\u015f\u0131l\u0131r.\u201d Publishers Weekly Hepimiz hayat\u0131m\u0131zda aptallarla, yani ne<span class=\"excerpt-hellip\"> [\u2026]<\/span><\/p>\n","protected":false},"featured_media":0,"template":"","meta":{"_monsterinsights_skip_tracking":false,"_monsterinsights_sitenote_active":false,"_monsterinsights_sitenote_note":"","_monsterinsights_sitenote_category":0},"product_brand":[],"product_cat":[12364,12376],"product_tag":[],"class_list":{"0":"post-728660","1":"product","2":"type-product","3":"status-publish","5":"product_cat-genel-konular","6":"product_cat-kisisel-gelisim","7":"pa_cilt-ciltsiz","8":"pa_tur-kitap","9":"pa_yayinevi-koridor-yayincilik","10":"pa_yazar-thomas-erikson","12":"first","13":"instock","14":"sale","15":"shipping-taxable","16":"purchasable","17":"product-type-simple"},"_links":{"self":[{"href":"https:\/\/roveyayinevi.com.tr\/index.php\/wp-json\/wp\/v2\/product\/728660","targetHints":{"allow":["GET"]}}],"collection":[{"href":"https:\/\/roveyayinevi.com.tr\/index.php\/wp-json\/wp\/v2\/product"}],"about":[{"href":"https:\/\/roveyayinevi.com.tr\/index.php\/wp-json\/wp\/v2\/types\/product"}],"wp:attachment":[{"href":"https:\/\/roveyayinevi.com.tr\/index.php\/wp-json\/wp\/v2\/media?parent=728660"}],"wp:term":[{"taxonomy":"product_brand","embeddable":true,"href":"https:\/\/roveyayinevi.com.tr\/index.php\/wp-json\/wp\/v2\/product_brand?post=728660"},{"taxonomy":"product_cat","embeddable":true,"href":"https:\/\/roveyayinevi.com.tr\/index.php\/wp-json\/wp\/v2\/product_cat?post=728660"},{"taxonomy":"product_tag","embeddable":true,"href":"https:\/\/roveyayinevi.com.tr\/index.php\/wp-json\/wp\/v2\/product_tag?post=728660"}],"curies":[{"name":"wp","href":"https:\/\/api.w.org\/{rel}","templated":true}]}}