{"id":728659,"date":"2025-08-27T20:43:03","date_gmt":"2025-08-27T17:43:03","guid":{"rendered":"https:\/\/roveyayinevi.com.tr\/index.php\/urun\/adsiz-sokak-cocuklari\/"},"modified":"2026-04-16T02:36:34","modified_gmt":"2026-04-15T23:36:34","slug":"adsiz-sokak-cocuklari","status":"publish","type":"product","link":"https:\/\/roveyayinevi.com.tr\/index.php\/urun\/adsiz-sokak-cocuklari\/","title":{"rendered":"Ads\u0131z Sokak \u00c7ocuklar\u0131"},"content":{"rendered":"<p>\u2018Do\u011fum g\u00fcn\u00fcm\u00fc hi\u00e7 kutlanmad\u0131 ki, ka\u00e7 ya\u015f\u0131nda oldu\u011fumu bileyim. Sadece ben, senin ya\u015f\u0131ndayken, o zaman on iki veya on \u00fc\u00e7 ya\u015f\u0131nda ancak olurdum.  Yapt\u0131\u011f\u0131m bir h\u0131rs\u0131zl\u0131ktan bol ekmek \u00e7alm\u0131\u015ft\u0131m. Herkes yedi beni ok\u015fad\u0131. Yan\u0131m\u0131zdakilerden biri, \u2018Aferin Halil sen adam oldun. On \u00fc\u00e7 ya\u015f\u0131nda ancak olursun.\u2019 \u00d6yle sevindim ki biri benim ya\u015f\u0131m\u0131n ka\u00e7 oldu\u011funu s\u00f6ylemi\u015fti on \u00fc\u00e7 ya\u015f\u0131ndaym\u0131\u015f\u0131m. Bu ya\u015f\u0131n bana ait olmas\u0131n\u0131 benimsedim.  Ondan sonra \u00fc\u00e7 y\u0131l ge\u00e7ti. \u015eimdi demek ki on alt\u0131 ya\u015f\u0131nday\u0131m,\u2019 dedi. Bunlar benim ya\u015fam\u0131m oldu \u00e7\u0131kt\u0131. <\/p>\n","protected":false},"excerpt":{"rendered":"<p>\u2018Do\u011fum g\u00fcn\u00fcm\u00fc hi\u00e7 kutlanmad\u0131 ki, ka\u00e7 ya\u015f\u0131nda oldu\u011fumu bileyim. Sadece ben, senin ya\u015f\u0131ndayken, o zaman on iki veya on \u00fc\u00e7 ya\u015f\u0131nda ancak olurdum. Yapt\u0131\u011f\u0131m bir h\u0131rs\u0131zl\u0131ktan<span class=\"excerpt-hellip\"> [\u2026]<\/span><\/p>\n","protected":false},"featured_media":0,"template":"","meta":{"_monsterinsights_skip_tracking":false,"_monsterinsights_sitenote_active":false,"_monsterinsights_sitenote_note":"","_monsterinsights_sitenote_category":0},"product_brand":[],"product_cat":[12274,12284],"product_tag":[],"class_list":{"0":"post-728659","1":"product","2":"type-product","3":"status-publish","5":"product_cat-cocuk-ve-genclik-kitaplari","6":"product_cat-hikayeler","7":"pa_cilt-ciltsiz","8":"pa_tur-kitap","9":"pa_yayinevi-gulnar-yayinlari","10":"pa_yazar-ismet-aci","12":"first","13":"instock","14":"sale","15":"shipping-taxable","16":"purchasable","17":"product-type-simple"},"_links":{"self":[{"href":"https:\/\/roveyayinevi.com.tr\/index.php\/wp-json\/wp\/v2\/product\/728659","targetHints":{"allow":["GET"]}}],"collection":[{"href":"https:\/\/roveyayinevi.com.tr\/index.php\/wp-json\/wp\/v2\/product"}],"about":[{"href":"https:\/\/roveyayinevi.com.tr\/index.php\/wp-json\/wp\/v2\/types\/product"}],"wp:attachment":[{"href":"https:\/\/roveyayinevi.com.tr\/index.php\/wp-json\/wp\/v2\/media?parent=728659"}],"wp:term":[{"taxonomy":"product_brand","embeddable":true,"href":"https:\/\/roveyayinevi.com.tr\/index.php\/wp-json\/wp\/v2\/product_brand?post=728659"},{"taxonomy":"product_cat","embeddable":true,"href":"https:\/\/roveyayinevi.com.tr\/index.php\/wp-json\/wp\/v2\/product_cat?post=728659"},{"taxonomy":"product_tag","embeddable":true,"href":"https:\/\/roveyayinevi.com.tr\/index.php\/wp-json\/wp\/v2\/product_tag?post=728659"}],"curies":[{"name":"wp","href":"https:\/\/api.w.org\/{rel}","templated":true}]}}