{"id":728658,"date":"2025-08-27T20:43:02","date_gmt":"2025-08-27T17:43:02","guid":{"rendered":"https:\/\/roveyayinevi.com.tr\/index.php\/urun\/gunesi-sondurmem-gerek-3lu-ciltli-set\/"},"modified":"2026-04-16T02:36:34","modified_gmt":"2026-04-15T23:36:34","slug":"gunesi-sondurmem-gerek-3lu-ciltli-set","status":"publish","type":"product","link":"https:\/\/roveyayinevi.com.tr\/index.php\/urun\/gunesi-sondurmem-gerek-3lu-ciltli-set\/","title":{"rendered":"G\u00fcne\u015fi S\u00f6nd\u00fcrmem Gerek (3\u2019l\u00fc Ciltli Set)"},"content":{"rendered":"<p>\u201cG\u00f6ky\u00fcz\u00fc\u2026 G\u00fcne\u015f\u2026 Y\u0131ld\u0131zlar\u2026 Orada her kim varsa ve \u015fu an\u0131m\u0131za \u015fahitlik ediyorsa g\u00f6rs\u00fcn ve bilsin ki\u2026 Hik\u00e2yemiz ger\u00e7ekti.\u201d   Emre G\u00fcl <\/p>\n","protected":false},"excerpt":{"rendered":"<p>\u201cG\u00f6ky\u00fcz\u00fc\u2026 G\u00fcne\u015f\u2026 Y\u0131ld\u0131zlar\u2026 Orada her kim varsa ve \u015fu an\u0131m\u0131za \u015fahitlik ediyorsa g\u00f6rs\u00fcn ve bilsin ki\u2026 Hik\u00e2yemiz ger\u00e7ekti.\u201d Emre G\u00fcl<\/p>\n","protected":false},"featured_media":0,"template":"","meta":{"_monsterinsights_skip_tracking":false,"_monsterinsights_sitenote_active":false,"_monsterinsights_sitenote_note":"","_monsterinsights_sitenote_category":0},"product_brand":[],"product_cat":[12291,12711],"product_tag":[],"class_list":{"0":"post-728658","1":"product","2":"type-product","3":"status-publish","5":"product_cat-edebiyat","6":"product_cat-roman-oyku","7":"pa_cilt-ciltli","8":"pa_tur-kitap","9":"pa_yayinevi-ephesus-yayinlari","10":"pa_yazar-emre-gul","12":"first","13":"instock","14":"sale","15":"shipping-taxable","16":"purchasable","17":"product-type-simple"},"_links":{"self":[{"href":"https:\/\/roveyayinevi.com.tr\/index.php\/wp-json\/wp\/v2\/product\/728658","targetHints":{"allow":["GET"]}}],"collection":[{"href":"https:\/\/roveyayinevi.com.tr\/index.php\/wp-json\/wp\/v2\/product"}],"about":[{"href":"https:\/\/roveyayinevi.com.tr\/index.php\/wp-json\/wp\/v2\/types\/product"}],"wp:attachment":[{"href":"https:\/\/roveyayinevi.com.tr\/index.php\/wp-json\/wp\/v2\/media?parent=728658"}],"wp:term":[{"taxonomy":"product_brand","embeddable":true,"href":"https:\/\/roveyayinevi.com.tr\/index.php\/wp-json\/wp\/v2\/product_brand?post=728658"},{"taxonomy":"product_cat","embeddable":true,"href":"https:\/\/roveyayinevi.com.tr\/index.php\/wp-json\/wp\/v2\/product_cat?post=728658"},{"taxonomy":"product_tag","embeddable":true,"href":"https:\/\/roveyayinevi.com.tr\/index.php\/wp-json\/wp\/v2\/product_tag?post=728658"}],"curies":[{"name":"wp","href":"https:\/\/api.w.org\/{rel}","templated":true}]}}