{"id":728657,"date":"2025-08-27T20:43:01","date_gmt":"2025-08-27T17:43:01","guid":{"rendered":"https:\/\/roveyayinevi.com.tr\/index.php\/urun\/dunyada-iz-birakan-bir-donemin-tarihi-reformasyon-dunyasi-ciltli\/"},"modified":"2026-04-16T02:36:34","modified_gmt":"2026-04-15T23:36:34","slug":"dunyada-iz-birakan-bir-donemin-tarihi-reformasyon-dunyasi-ciltli","status":"publish","type":"product","link":"https:\/\/roveyayinevi.com.tr\/index.php\/urun\/dunyada-iz-birakan-bir-donemin-tarihi-reformasyon-dunyasi-ciltli\/","title":{"rendered":"D\u00fcnyada \u0130z B\u0131rakan Bir D\u00f6nemin Tarihi Reformasyon D\u00fcnyas\u0131 (Ciltli)"},"content":{"rendered":"<p>Reformasyon Tarihinin De\u011fi\u015fen Y\u00fcz\u00fc &#8211; Andrew Pettegree Reformasyon \u00d6ncesi Kilise &#8211; R. N. Swanson Avrupa\u2019da Ge\u00e7 Orta\u00e7a\u011fda Konsilcilik &#8211; Bruce Gordon H\u00fcmanizm &#8211; Richard Rex Luther ve Almanya\u2019da Reformasyon &#8211; Carl Truman Luther\u2019in Katolik Rakipleri &#8211; David Bagchi Kitaplar, Bro\u015f\u00fcrler ve Polemik &#8211; Andrew Pettegree Alman K\u00f6yl\u00fcler Sava\u015f\u0131 ve K\u0131rsal Reformasyonu &#8211; James M. Stayer Almanya\u2019da Prenslerin Reformasyonu &#8211; C. Scott Dixon \u0130svi\u00e7re &#8211; Mark Taplin Do\u011fu Avrupa &#8211; Graeme Murdock Fransa &#8211; Jonathan A. Reid \u0130ngiltere &#8211; Helen Parish Anabaptizm &#8211; Sigrun Haude \u0130skandinavya &#8211; Ole Peter Grell \u0130talya &#8211; Bruce Gordon \u0130spanya &#8211; David Coleman Calvin ve Cenevre &#8211; William G. Naphy Frans\u0131z Din Sava\u015flar\u0131 &#8211; Raymond A. Mentzer Hollanda &#8211; Guido Marnef 1558\u2019den Sonra \u0130ngiltere &#8211; Margo Todd 1550\u2019den Sonra Almanya &#8211; Bodo Nischan \u0130sko\u00e7ya &#8211; Michael F. Graham Reformasyon Toplumu, Kad\u0131nlar ve Aile &#8211; Susan C. Karant-Nunn Sanat &#8211; Andrew Pettegree M\u00fczik &#8211; Francis Higman Mimari &#8211; Andrew Spicer Bilim ve T\u0131p &#8211; Charlotte Methuen E\u011fitim ve Okuryazarl\u0131k &#8211; Karin Maag Reformasyon ve Halk K\u00fclt\u00fcr\u00fc &#8211; Trevor Johnston<\/p>\n","protected":false},"excerpt":{"rendered":"<p>Reformasyon Tarihinin De\u011fi\u015fen Y\u00fcz\u00fc &#8211; Andrew Pettegree Reformasyon \u00d6ncesi Kilise &#8211; R. N. Swanson Avrupa\u2019da Ge\u00e7 Orta\u00e7a\u011fda Konsilcilik &#8211; Bruce Gordon H\u00fcmanizm &#8211; Richard Rex Luther<span class=\"excerpt-hellip\"> [\u2026]<\/span><\/p>\n","protected":false},"featured_media":0,"template":"","meta":{"_monsterinsights_skip_tracking":false,"_monsterinsights_sitenote_active":false,"_monsterinsights_sitenote_note":"","_monsterinsights_sitenote_category":0},"product_brand":[],"product_cat":[12370,12304],"product_tag":[],"class_list":{"0":"post-728657","1":"product","2":"type-product","3":"status-publish","5":"product_cat-arastirma-inceleme","6":"product_cat-tarih","7":"pa_cilt-ciltli","8":"pa_tur-kitap","9":"pa_yayinevi-alfa-yayinlari","10":"pa_yazar-andrew-pettegree","12":"first","13":"instock","14":"sale","15":"shipping-taxable","16":"purchasable","17":"product-type-simple"},"_links":{"self":[{"href":"https:\/\/roveyayinevi.com.tr\/index.php\/wp-json\/wp\/v2\/product\/728657","targetHints":{"allow":["GET"]}}],"collection":[{"href":"https:\/\/roveyayinevi.com.tr\/index.php\/wp-json\/wp\/v2\/product"}],"about":[{"href":"https:\/\/roveyayinevi.com.tr\/index.php\/wp-json\/wp\/v2\/types\/product"}],"wp:attachment":[{"href":"https:\/\/roveyayinevi.com.tr\/index.php\/wp-json\/wp\/v2\/media?parent=728657"}],"wp:term":[{"taxonomy":"product_brand","embeddable":true,"href":"https:\/\/roveyayinevi.com.tr\/index.php\/wp-json\/wp\/v2\/product_brand?post=728657"},{"taxonomy":"product_cat","embeddable":true,"href":"https:\/\/roveyayinevi.com.tr\/index.php\/wp-json\/wp\/v2\/product_cat?post=728657"},{"taxonomy":"product_tag","embeddable":true,"href":"https:\/\/roveyayinevi.com.tr\/index.php\/wp-json\/wp\/v2\/product_tag?post=728657"}],"curies":[{"name":"wp","href":"https:\/\/api.w.org\/{rel}","templated":true}]}}