{"id":728656,"date":"2025-08-27T20:43:00","date_gmt":"2025-08-27T17:43:00","guid":{"rendered":"https:\/\/roveyayinevi.com.tr\/index.php\/urun\/meczubun-oglu\/"},"modified":"2026-04-16T02:36:34","modified_gmt":"2026-04-15T23:36:34","slug":"meczubun-oglu","status":"publish","type":"product","link":"https:\/\/roveyayinevi.com.tr\/index.php\/urun\/meczubun-oglu\/","title":{"rendered":"Meczubun O\u011flu"},"content":{"rendered":"<p>Bazen biten bir a\u015fk, bazen mahallenin meczubu, bazen de \u00e7ocuklu\u011fun dinmez g\u00f6r\u00fcnt\u00fcleri var \u00f6yk\u00fclerde. Arka plan h\u00fcz\u00fcnl\u00fc ama umutlu, d\u00fc\u015fsel ama ger\u00e7ek, ge\u00e7mi\u015f ama gelecek dolu. \u00dc\u00e7 b\u00f6l\u00fcml\u00fc ayr\u0131\u015fma i\u00e7inde belki t\u00fcmden gelecek, belki de bir evin duvar\u0131ndaki resimlerden t\u00fcme varacaks\u0131n\u0131z. \u201cSokaklarda ya\u015f\u0131yordu. Varl\u0131\u011f\u0131, i\u00e7imi ac\u0131t\u0131yordu. \u0130ki \u00e7\u00f6p kutusunun aras\u0131nda kartondan bir kul\u00fcbesi vard\u0131. Mahalledeki k\u0131zlar, yan\u0131ndan ge\u00e7erken korkar ka\u00e7ard\u0131. K\u0131zlar\u0131 kenara s\u0131k\u0131\u015ft\u0131rd\u0131\u011f\u0131na ve tecav\u00fcz etmeye \u00e7al\u0131\u015ft\u0131\u011f\u0131na dair hik\u00e2yeler duyard\u0131m, do\u011fru mu, yalan m\u0131 bilmiyorum. Bazen mahallenin esnaf\u0131 dalga ge\u00e7erdi, k\u0131zd\u0131r\u0131rlard\u0131 onu. O da pipisini \u00e7\u0131kart\u0131p d\u00fckk\u00e2nlara ya da vitrinlerine i\u015ferdi. \u00d6ld\u00fcresiye d\u00f6verlerdi onu. D\u00f6vd\u00fcklerinde, kar\u015f\u0131 koymaz, a\u011flayarak ka\u00e7\u0131p kurtulmaya \u00e7al\u0131\u015f\u0131rd\u0131. Neredeyse her hafta, en az bir kez b\u00f6yle ba\u015f\u0131 g\u00f6z\u00fc yaral\u0131, sessizce a\u011flarken g\u00f6r\u00fcrd\u00fcm onu.\u201d \u201cYatakta neden b\u00f6yle oldu\u011funu d\u00fc\u015f\u00fcnd\u00fc uzun uzun eski g\u00fcnler geldi akl\u0131na. Bir an kalk\u0131p salona gitmek, sar\u0131lmak yine, yine \u00f6p\u00fc\u015fmek, yine sevi\u015fmek istedi. Yine \u201chadi bir daha ba\u015flayal\u0131m\u201d demek istedi. Hani d\u00fc\u011f\u00fcnlerine giderken ete\u011fi y\u0131rt\u0131lm\u0131\u015ft\u0131 ve bir terzide eteklerini kald\u0131r\u0131p milletin g\u00f6z\u00fc \u00f6n\u00fcnde dikilmi\u015fti ve kocas\u0131 da kimse g\u00f6rmesin diye ceketi ile siper olmaya \u00e7al\u0131\u015fm\u0131\u015ft\u0131 ya\u2026 Hani bin kez anlatm\u0131\u015flard\u0131, ya\u015fl\u0131 terzinin yak\u0131n g\u00f6zl\u00fcklerinin \u00fcst\u00fcnden \u00e7apk\u0131n \u00e7apk\u0131n bak\u0131\u015flar\u0131n\u0131.\u201d <\/p>\n","protected":false},"excerpt":{"rendered":"<p>Bazen biten bir a\u015fk, bazen mahallenin meczubu, bazen de \u00e7ocuklu\u011fun dinmez g\u00f6r\u00fcnt\u00fcleri var \u00f6yk\u00fclerde. Arka plan h\u00fcz\u00fcnl\u00fc ama umutlu, d\u00fc\u015fsel ama ger\u00e7ek, ge\u00e7mi\u015f ama gelecek dolu.<span class=\"excerpt-hellip\"> [\u2026]<\/span><\/p>\n","protected":false},"featured_media":0,"template":"","meta":{"_monsterinsights_skip_tracking":false,"_monsterinsights_sitenote_active":false,"_monsterinsights_sitenote_note":"","_monsterinsights_sitenote_category":0},"product_brand":[],"product_cat":[12291,12711],"product_tag":[],"class_list":{"0":"post-728656","1":"product","2":"type-product","3":"status-publish","5":"product_cat-edebiyat","6":"product_cat-roman-oyku","7":"pa_cilt-ciltsiz","8":"pa_tur-kitap","9":"pa_yayinevi-yeni-insan-yayinlari","10":"pa_yazar-jan-devrim","12":"first","13":"instock","14":"sale","15":"shipping-taxable","16":"purchasable","17":"product-type-simple"},"_links":{"self":[{"href":"https:\/\/roveyayinevi.com.tr\/index.php\/wp-json\/wp\/v2\/product\/728656","targetHints":{"allow":["GET"]}}],"collection":[{"href":"https:\/\/roveyayinevi.com.tr\/index.php\/wp-json\/wp\/v2\/product"}],"about":[{"href":"https:\/\/roveyayinevi.com.tr\/index.php\/wp-json\/wp\/v2\/types\/product"}],"wp:attachment":[{"href":"https:\/\/roveyayinevi.com.tr\/index.php\/wp-json\/wp\/v2\/media?parent=728656"}],"wp:term":[{"taxonomy":"product_brand","embeddable":true,"href":"https:\/\/roveyayinevi.com.tr\/index.php\/wp-json\/wp\/v2\/product_brand?post=728656"},{"taxonomy":"product_cat","embeddable":true,"href":"https:\/\/roveyayinevi.com.tr\/index.php\/wp-json\/wp\/v2\/product_cat?post=728656"},{"taxonomy":"product_tag","embeddable":true,"href":"https:\/\/roveyayinevi.com.tr\/index.php\/wp-json\/wp\/v2\/product_tag?post=728656"}],"curies":[{"name":"wp","href":"https:\/\/api.w.org\/{rel}","templated":true}]}}