{"id":728655,"date":"2025-08-27T20:42:59","date_gmt":"2025-08-27T17:42:59","guid":{"rendered":"https:\/\/roveyayinevi.com.tr\/index.php\/urun\/suc-dehalari-serisi-3-kitap\/"},"modified":"2026-02-23T11:39:51","modified_gmt":"2026-02-23T08:39:51","slug":"suc-dehalari-serisi-3-kitap","status":"publish","type":"product","link":"https:\/\/roveyayinevi.com.tr\/index.php\/urun\/suc-dehalari-serisi-3-kitap\/","title":{"rendered":"Su\u00e7 Dehalar\u0131 Serisi (3 kitap)"},"content":{"rendered":"<p>Bu sette The New York Times \u00c7ok Satanlar \u00fcnvanl\u0131 yazar Gordon Korman\u2019\u0131n \u00e7ok ilgi g\u00f6ren Su\u00e7 Dehalar\u0131 serisinin \u00fc\u00e7 kitab\u0131n\u0131 birlikte sunuyoruz. \u00dc\u00e7 kitapl\u0131k bu seride, \u00e7evrelerindeki olaylar\u0131 ke\u015ffetmeye merakl\u0131, sorgulayan ve sorulara cevaplar arayan gen\u00e7lerin, \u015fa\u015f\u0131rtan s\u00fcrprizlerle dolu, temponun hi\u00e7 d\u00fc\u015fmedi\u011fi, soluk solu\u011fa akan maceralar\u0131 sizleri bekliyor.   Su\u00e7 Dehalar\u0131 \/ Ba\u015flang\u0131\u00e7 Eli Frieden do\u011frulukla d\u00fcr\u00fcstl\u00fc\u011fe her \u015feyden \u00e7ok \u00f6nem verilen, d\u00fcnyan\u0131n en m\u00fckemmel kasabas\u0131 olan New Mexico&#8217;daki Huzur&#8217;da ya\u015famaktad\u0131r.   Eli hayat\u0131 boyunca Huzur&#8217;dan d\u0131\u015far\u0131 ad\u0131m\u0131n\u0131 atmam\u0131\u015ft\u0131r\u2026 Ta ki bir g\u00fcn bisikletiyle kasaban\u0131n s\u0131n\u0131rlar\u0131n\u0131 a\u015fana dek. Bunu yapt\u0131\u011f\u0131 anda Eli&#8217;nin ba\u015f\u0131na o kadar beklenmedik ve \u00e7\u0131lg\u0131nca bir \u015fey gelir ki t\u00fcm hayat\u0131 alt\u00fcst olur. Olanlar\u0131 anlamak i\u00e7in arkada\u015flar\u0131n\u0131 kendisine yard\u0131m etmeye ikna eden Eli, \u00e7ok ge\u00e7meden Huzur&#8217;da hi\u00e7bir \u015feyin g\u00f6r\u00fcnd\u00fc\u011f\u00fc gibi olmad\u0131\u011f\u0131n\u0131 ke\u015ffeder. Bulmacan\u0131n par\u00e7alar\u0131 yerine oturduk\u00e7a hi\u00e7 su\u00e7 i\u015flenmeyen kasabalar\u0131n\u0131 tarihin en b\u00fcy\u00fck su\u00e7 dehalar\u0131na ba\u011flayan \u015fok edici bir ger\u00e7ekle kar\u015f\u0131la\u015f\u0131rlar. \u00c7ocuklar art\u0131k ba\u015fta ebeveynleri olmak \u00fczere kimseye g\u00fcvenemeyeceklerinin fark\u0131na var\u0131rlar.   Su\u00e7 Dehalar\u0131 \/ Ka\u00e7aklar Osiris Projesi klonlar\u0131 art\u0131k \u00f6zg\u00fcr. Fakat proje, h\u00e2l\u00e2 pe\u015flerinde\u2026   \u201cM\u00fckemmel\u201d kasabalar\u0131ndan k\u0131l pay\u0131 ka\u00e7an Eli, Tori, Amber ve Malik en sonunda ger\u00e7ek d\u00fcnyadad\u0131r. Huzur liderlerinin su\u00e7lar\u0131n\u0131 if\u015fa etmeye kararl\u0131 d\u00f6rtl\u00fc, Osiris Projesinin kurucusu ve gizemli milyarder Tamara Dunleavy&#8217;nin izini s\u00fcrmeye karar verir. Yakalanmamak i\u00e7in kanunlar\u0131 \u00e7i\u011fneyen, izinsiz evlere, otellere ve otob\u00fcslere girip arabalar \u00e7alan klonlar, DNA&#8217;lar\u0131ndaki su\u00e7lulara m\u0131 d\u00f6n\u00fc\u015f\u00fcyor? Maceralar\u0131nda \u00f6\u011frendikleri ise her \u015feyi de\u011fi\u015ftirecek. \u00c7ocuklar klonland\u0131klar\u0131 \u00f6l\u00fcmc\u00fcl su\u00e7lular\u0131n kimli\u011fini \u00f6\u011frenmek ve d\u00fcnyay\u0131 ger\u00e7e\u011fe ikna edecek kan\u0131tlar bulmak i\u00e7in dosdo\u011fru deneyin kalbine, Plastik Fabrikas\u0131&#8217;na d\u00f6ner. Fakat d\u0131\u015far\u0131daki d\u00fcnya hi\u00e7 de bekledikleri gibi \u00e7\u0131kmaz. Kar\u015f\u0131la\u015ft\u0131klar\u0131 yabanc\u0131lar sadece so\u011fuk de\u011fil, tehlikelidir de. Tek yanl\u0131\u015f hamleyle do\u011frudan Dr. Hammerstrom&#8217;un eline d\u00fc\u015febilir ve sonsuza dek Huzur&#8217;da tutsak kalabilirler.   Su\u00e7 Dehalar\u0131 \/ \u0130ntikam Osiris Projesi klonlar\u0131 eski arkada\u015flar\u0131ndan birinin ihanetine u\u011frad\u0131ktan sonra bir kez daha ka\u00e7maktad\u0131r. Eli&#8217;yle Tori ve Amber&#8217;la Malik iki gruba ayr\u0131lm\u0131\u015f, ger\u00e7ek d\u00fcnyada hayatta kalma sava\u015f\u0131 veriyorlard\u0131r.   Amber&#8217;la Malik, Osiris Projesi&#8217;nin varl\u0131\u011f\u0131n\u0131 kan\u0131tlayabilece\u011fine inand\u0131klar\u0131 tek ki\u015finin \u2013Malik&#8217;in DNA ba\u011f\u0131\u015f\u00e7\u0131s\u0131 olarak da bilinen az\u0131l\u0131 gangster Gus Alabaster&#8217;\u0131n\u2013 pe\u015fine d\u00fc\u015fer. Ancak \u2013ger\u00e7ek bir aile edinme ihtimaliyle bo\u015f umutlara kap\u0131lan\u2013 Malik su\u00e7 d\u00fcnyas\u0131n\u0131n i\u00e7ine \u00e7ekilirken eylemleri Amber&#8217;la hayatlar\u0131n\u0131 b\u00fcy\u00fck tehlikeye sokar.   Eli&#8217;yle Tori ise Osiris Projesi&#8217;nin en s\u0131k\u0131 korunan s\u0131rr\u0131n\u0131 \u00f6\u011frenmeye \u00e7al\u0131\u015f\u0131rken kendilerini daha da b\u00fcy\u00fck komplolar\u0131n ortas\u0131nda bulurlar.     Su\u00e7 Dehalar\u0131 Serisi Yorumlar\u0131:   \u201cSu\u00e7 Dehalar\u0131 g\u00fcn\u00fcm\u00fczde ger\u00e7ekle\u015fmesi m\u00fcmk\u00fcn, ak\u0131l almaz bir hik\u00e2yeye sahip bir ba\u015fyap\u0131t. Bir yandan iliklerinize kadar \u00fcrpertirken bir yandan da kahkahalar att\u0131rabilen ender kitaplardan.\u201d (Peter Lerangis, \u00e7ok satan Seven Wonders serisinin yazar\u0131.)   \u201c\u0130nsan\u0131 g\u00fcld\u00fcren ger\u00e7ek\u00e7i karakterleri, ger\u00e7ekten \u015fa\u015f\u0131rtan s\u00fcrprizleri ve m\u00fckemmel akan konusuyla Su\u00e7 Dehalar\u0131, en be\u011fendi\u011fim yazarlardan Korman&#8217;\u0131n yay\u0131mland\u0131\u011f\u0131 anda klasikle\u015fen kitaplar\u0131ndan biri.\u201d (James Dashner, Labirent serisinin yazar\u0131.)   \u201cGizemlerle dolu, sonu tatmin edici, insan\u0131 saran bir kitap.\u201d  (Ala Booklist)   \u201cM\u00fcthi\u015f s\u00fcr\u00fckleyici. Beklenmedik s\u00fcrprizlerle dolu bir kitap\u2026 Kemerlerinizi ba\u011flay\u0131n.\u201d (James Patterson)   \u201cSu\u00e7 Dehalar\u0131 okurlar\u0131 harika espriler, \u015fa\u015f\u0131rt\u0131c\u0131 gizemler ve sempatik karakterlerle dolu bir yolculu\u011fa \u00e7\u0131kar\u0131yor.\u201d (New York Times \u00e7ok satan Fablehaven ve Five Kingdoms serilerinin yazar\u0131 Brandon Mull)   \u201cOkurlar\u0131 hep tetikte bekleten, h\u0131zla akan hik\u00e2yenin sonunu g\u00f6rmek i\u00e7in sab\u0131rs\u0131zlanacaks\u0131n\u0131z.\u201d ( Publishers Weekly)   \u201cFarkl\u0131 hik\u00e2yesi, ak\u0131c\u0131l\u0131\u011f\u0131, \u015fa\u015f\u0131rt\u0131c\u0131 s\u00fcrprizleri ve sempatik karakterleri bu seriyi takip etmeye de\u011fer k\u0131l\u0131yor.\u201d (Kirkus Reviews) <\/p>\n","protected":false},"excerpt":{"rendered":"<p>Bu sette The New York Times \u00c7ok Satanlar \u00fcnvanl\u0131 yazar Gordon Korman\u2019\u0131n \u00e7ok ilgi g\u00f6ren Su\u00e7 Dehalar\u0131 serisinin \u00fc\u00e7 kitab\u0131n\u0131 birlikte sunuyoruz. \u00dc\u00e7 kitapl\u0131k bu seride,<span class=\"excerpt-hellip\"> [\u2026]<\/span><\/p>\n","protected":false},"featured_media":0,"template":"","meta":{"_monsterinsights_skip_tracking":false,"_monsterinsights_sitenote_active":false,"_monsterinsights_sitenote_note":"","_monsterinsights_sitenote_category":0},"product_brand":[],"product_cat":[12275,12274],"product_tag":[],"class_list":{"0":"post-728655","1":"product","2":"type-product","3":"status-publish","5":"product_cat-6-12-yas-kitaplari","6":"product_cat-cocuk-ve-genclik-kitaplari","7":"pa_cilt-set","8":"pa_tur-kitap","9":"pa_yayinevi-bilgi-yayinevi","10":"pa_yazar-gordon-korman","12":"first","13":"instock","14":"sale","15":"shipping-taxable","16":"purchasable","17":"product-type-simple"},"_links":{"self":[{"href":"https:\/\/roveyayinevi.com.tr\/index.php\/wp-json\/wp\/v2\/product\/728655","targetHints":{"allow":["GET"]}}],"collection":[{"href":"https:\/\/roveyayinevi.com.tr\/index.php\/wp-json\/wp\/v2\/product"}],"about":[{"href":"https:\/\/roveyayinevi.com.tr\/index.php\/wp-json\/wp\/v2\/types\/product"}],"wp:attachment":[{"href":"https:\/\/roveyayinevi.com.tr\/index.php\/wp-json\/wp\/v2\/media?parent=728655"}],"wp:term":[{"taxonomy":"product_brand","embeddable":true,"href":"https:\/\/roveyayinevi.com.tr\/index.php\/wp-json\/wp\/v2\/product_brand?post=728655"},{"taxonomy":"product_cat","embeddable":true,"href":"https:\/\/roveyayinevi.com.tr\/index.php\/wp-json\/wp\/v2\/product_cat?post=728655"},{"taxonomy":"product_tag","embeddable":true,"href":"https:\/\/roveyayinevi.com.tr\/index.php\/wp-json\/wp\/v2\/product_tag?post=728655"}],"curies":[{"name":"wp","href":"https:\/\/api.w.org\/{rel}","templated":true}]}}