{"id":728651,"date":"2025-08-27T20:42:55","date_gmt":"2025-08-27T17:42:55","guid":{"rendered":"https:\/\/roveyayinevi.com.tr\/index.php\/urun\/okyanus-ailesi-bilgi-dolu-ilk-kitaplarim\/"},"modified":"2026-04-16T02:36:34","modified_gmt":"2026-04-15T23:36:34","slug":"okyanus-ailesi-bilgi-dolu-ilk-kitaplarim","status":"publish","type":"product","link":"https:\/\/roveyayinevi.com.tr\/index.php\/urun\/okyanus-ailesi-bilgi-dolu-ilk-kitaplarim\/","title":{"rendered":"Okyanus Ailesi &#8211; Bilgi Dolu \u0130lk Kitaplar\u0131m"},"content":{"rendered":"<p>Okyanusun derinliklerinde kimler y\u00fcz\u00fcyor?G\u00f6r\u00fclecek ve ke\u015ffedilecek o kadar \u00e7ok \u015fey var ki!Okul \u00f6ncesi d\u00f6nemdeki \u00e7ocu\u011funuz bu kitapla okyanus hayvanlar\u0131n\u0131 e\u011flenerek \u00f6\u011frenecek.<\/p>\n","protected":false},"excerpt":{"rendered":"<p>Okyanusun derinliklerinde kimler y\u00fcz\u00fcyor?G\u00f6r\u00fclecek ve ke\u015ffedilecek o kadar \u00e7ok \u015fey var ki!Okul \u00f6ncesi d\u00f6nemdeki \u00e7ocu\u011funuz bu kitapla okyanus hayvanlar\u0131n\u0131 e\u011flenerek \u00f6\u011frenecek.<\/p>\n","protected":false},"featured_media":0,"template":"","meta":{"_monsterinsights_skip_tracking":false,"_monsterinsights_sitenote_active":false,"_monsterinsights_sitenote_note":"","_monsterinsights_sitenote_category":0},"product_brand":[],"product_cat":[12274,12518],"product_tag":[],"class_list":{"0":"post-728651","1":"product","2":"type-product","3":"status-publish","5":"product_cat-cocuk-ve-genclik-kitaplari","6":"product_cat-okul-oncesi-kitaplar","7":"pa_cilt-ciltsiz","8":"pa_tur-kitap","9":"pa_yayinevi-sincap-kitap","10":"pa_yazar-kevser-aya","12":"first","13":"instock","14":"sale","15":"shipping-taxable","16":"purchasable","17":"product-type-simple"},"_links":{"self":[{"href":"https:\/\/roveyayinevi.com.tr\/index.php\/wp-json\/wp\/v2\/product\/728651","targetHints":{"allow":["GET"]}}],"collection":[{"href":"https:\/\/roveyayinevi.com.tr\/index.php\/wp-json\/wp\/v2\/product"}],"about":[{"href":"https:\/\/roveyayinevi.com.tr\/index.php\/wp-json\/wp\/v2\/types\/product"}],"wp:attachment":[{"href":"https:\/\/roveyayinevi.com.tr\/index.php\/wp-json\/wp\/v2\/media?parent=728651"}],"wp:term":[{"taxonomy":"product_brand","embeddable":true,"href":"https:\/\/roveyayinevi.com.tr\/index.php\/wp-json\/wp\/v2\/product_brand?post=728651"},{"taxonomy":"product_cat","embeddable":true,"href":"https:\/\/roveyayinevi.com.tr\/index.php\/wp-json\/wp\/v2\/product_cat?post=728651"},{"taxonomy":"product_tag","embeddable":true,"href":"https:\/\/roveyayinevi.com.tr\/index.php\/wp-json\/wp\/v2\/product_tag?post=728651"}],"curies":[{"name":"wp","href":"https:\/\/api.w.org\/{rel}","templated":true}]}}