{"id":728646,"date":"2025-08-27T20:42:52","date_gmt":"2025-08-27T17:42:52","guid":{"rendered":"https:\/\/roveyayinevi.com.tr\/index.php\/urun\/kuresel-tarih-dusuncesi\/"},"modified":"2026-04-16T02:36:34","modified_gmt":"2026-04-15T23:36:34","slug":"kuresel-tarih-dusuncesi","status":"publish","type":"product","link":"https:\/\/roveyayinevi.com.tr\/index.php\/urun\/kuresel-tarih-dusuncesi\/","title":{"rendered":"K\u00fcresel Tarih D\u00fc\u015f\u00fcncesi"},"content":{"rendered":"<p>K\u00fcresellik fikrini tarih disiplini i\u00e7inde ele almak, ilk bak\u0131\u015fta sadece k\u00fcreselli\u011fin tarihinin pe\u015fine d\u00fc\u015fmek gibi g\u00f6r\u00fclebilir. Ger\u00e7ekten de i\u015fin bir y\u00f6n\u00fc budur. Fakat K\u00fcresel Tarih D\u00fc\u015f\u00fcncesi adl\u0131 bu kitapta, alanlar\u0131nda yetkin isimlerce kaleme al\u0131nm\u0131\u015f yaz\u0131lar\u0131n da g\u00f6sterece\u011fi \u00fczere, esas\u0131nda k\u00fcresellik fikri tarih disiplininin bizzat kendisine y\u00f6neltilen pek \u00e7ok ele\u015ftirel soruyu da g\u00fcndeme getirmektedir:   Tarih sadece modern Bat\u0131l\u0131 tarih midir? Ge\u00e7mi\u015fi anlatman\u0131n ge\u00e7mi\u015fte ve bug\u00fcn farkl\u0131 yollar\u0131 var m\u0131d\u0131r?   Zaman anlay\u0131\u015flar\u0131, ge\u00e7mi\u015fe bak\u0131\u015f\u0131m\u0131z\u0131 ve tarihi kay\u0131t alt\u0131na al\u0131\u015f\u0131m\u0131z\u0131 nas\u0131l etkiler? Tarihin nesnesi nedir? Gerek klasik gerek modern d\u00f6nemde k\u00fcreselli\u011fi g\u00f6z ard\u0131 eden tarih \u00e7al\u0131\u015fmalar\u0131 neyi eksik anlatm\u0131\u015f olabilir? Tarih\u00e7inin d\u00fcnyaya ili\u015fkin kavray\u0131\u015f\u0131, \u00e7al\u0131\u015fmas\u0131na nas\u0131l etki eder? D\u00fcnyan\u0131n belli kesim ve k\u00fclt\u00fcrlerini tarihin d\u0131\u015f\u0131na \u00e7\u0131karmak ne anlama gelir?   Bat\u0131l\u0131 modern tarih bilimi ile s\u00f6m\u00fcrgecilik aras\u0131ndaki ili\u015fki nedir? S\u00f6m\u00fcrge milletlerin s\u00f6m\u00fcrgeci tarihine verdi\u011fi cevap nedir?             Okyanusun, akarsular\u0131n, \u00e7evrenin tarihi olabilir mi, olursa nas\u0131l k\u00fcresel olmak zorundad\u0131r?   Alan\u0131nda temel bir ba\u015fvuru kayna\u011f\u0131 olan K\u00fcresel Tarih D\u00fc\u015f\u00fcncesi Yunan\u2019dan \u00c7in\u2019e, Roma\u2019dan Osmanl\u0131\u2019ya \u00e7a\u011flar ve k\u00fclt\u00fcrler aras\u0131 bir izlekle okurlar\u0131n\u0131 bu ve benzeri sorular\u0131 tart\u0131\u015fmaya davet ediyor.<\/p>\n","protected":false},"excerpt":{"rendered":"<p>K\u00fcresellik fikrini tarih disiplini i\u00e7inde ele almak, ilk bak\u0131\u015fta sadece k\u00fcreselli\u011fin tarihinin pe\u015fine d\u00fc\u015fmek gibi g\u00f6r\u00fclebilir. Ger\u00e7ekten de i\u015fin bir y\u00f6n\u00fc budur. Fakat K\u00fcresel Tarih D\u00fc\u015f\u00fcncesi<span class=\"excerpt-hellip\"> [\u2026]<\/span><\/p>\n","protected":false},"featured_media":0,"template":"","meta":{"_monsterinsights_skip_tracking":false,"_monsterinsights_sitenote_active":false,"_monsterinsights_sitenote_note":"","_monsterinsights_sitenote_category":0},"product_brand":[],"product_cat":[13633,12324],"product_tag":[],"class_list":{"0":"post-728646","1":"product","2":"type-product","3":"status-publish","5":"product_cat-kultur-ve-bilim","6":"product_cat-sosyoloji","7":"pa_cilt-ciltsiz","8":"pa_tur-kitap","9":"pa_yayinevi-islik-yayinlari","10":"pa_yazar-islik-yayinlari-kolektif","12":"first","13":"instock","14":"sale","15":"shipping-taxable","16":"purchasable","17":"product-type-simple"},"_links":{"self":[{"href":"https:\/\/roveyayinevi.com.tr\/index.php\/wp-json\/wp\/v2\/product\/728646","targetHints":{"allow":["GET"]}}],"collection":[{"href":"https:\/\/roveyayinevi.com.tr\/index.php\/wp-json\/wp\/v2\/product"}],"about":[{"href":"https:\/\/roveyayinevi.com.tr\/index.php\/wp-json\/wp\/v2\/types\/product"}],"wp:attachment":[{"href":"https:\/\/roveyayinevi.com.tr\/index.php\/wp-json\/wp\/v2\/media?parent=728646"}],"wp:term":[{"taxonomy":"product_brand","embeddable":true,"href":"https:\/\/roveyayinevi.com.tr\/index.php\/wp-json\/wp\/v2\/product_brand?post=728646"},{"taxonomy":"product_cat","embeddable":true,"href":"https:\/\/roveyayinevi.com.tr\/index.php\/wp-json\/wp\/v2\/product_cat?post=728646"},{"taxonomy":"product_tag","embeddable":true,"href":"https:\/\/roveyayinevi.com.tr\/index.php\/wp-json\/wp\/v2\/product_tag?post=728646"}],"curies":[{"name":"wp","href":"https:\/\/api.w.org\/{rel}","templated":true}]}}