{"id":728645,"date":"2025-08-27T20:42:51","date_gmt":"2025-08-27T17:42:51","guid":{"rendered":"https:\/\/roveyayinevi.com.tr\/index.php\/urun\/enerji-canavari-eglenceli-bilgi\/"},"modified":"2026-04-16T02:36:34","modified_gmt":"2026-04-15T23:36:34","slug":"enerji-canavari-eglenceli-bilgi","status":"publish","type":"product","link":"https:\/\/roveyayinevi.com.tr\/index.php\/urun\/enerji-canavari-eglenceli-bilgi\/","title":{"rendered":"Enerji Canavar\u0131 &#8211; E\u011flenceli Bilgi"},"content":{"rendered":"<p>Bilim hakk\u0131nda \u00f6\u011frendikleriniz y\u00fcz\u00fcnden yerinizde duram\u0131yor musunuz? Enerji Canavar\u0131 sizi daha da co\u015fturacak! \u015eunlar\u0131 \u00f6\u011frenmek i\u00e7in yan\u0131p tutu\u015fuyor musunuz?* Su taneleri uzayda neden donmu\u015f kristaller gibi g\u00f6r\u00fcl\u00fcr?* Di\u015f macununuzda hangi kimyasallar var?* Buharla \u00e7al\u0131\u015fan u\u00e7ak in\u015fa etmeye \u00e7al\u0131\u015fan kimdir?Enerjinin ard\u0131nda yatan b\u00fct\u00fcn yak\u0131c\u0131 ger\u00e7ekleri, zevksiz okul yemeklerinin v\u00fccudunuzu nas\u0131l \u00e7al\u0131\u015ft\u0131rd\u0131\u011f\u0131n\u0131 ve kendi yeralt\u0131 enerji-istasyonunuzu nas\u0131l in\u015fa edebilece\u011finizi bu kitaptan \u00f6\u011frenin.B\u00fcy\u00fcleyici ger\u00e7ek dosyalar\u0131, \u00e7\u0131lg\u0131n karikat\u00fcrler ve \u015fa\u015f\u0131rtmacal\u0131 sorularla, Enerji Canavar\u0131 sizi bilgiye bo\u011fuyor.Bilim hi\u00e7 bu kadar e\u011flenceli olmam\u0131\u015ft\u0131!<\/p>\n","protected":false},"excerpt":{"rendered":"<p>Bilim hakk\u0131nda \u00f6\u011frendikleriniz y\u00fcz\u00fcnden yerinizde duram\u0131yor musunuz? Enerji Canavar\u0131 sizi daha da co\u015fturacak! \u015eunlar\u0131 \u00f6\u011frenmek i\u00e7in yan\u0131p tutu\u015fuyor musunuz?* Su taneleri uzayda neden donmu\u015f kristaller gibi<span class=\"excerpt-hellip\"> [\u2026]<\/span><\/p>\n","protected":false},"featured_media":0,"template":"","meta":{"_monsterinsights_skip_tracking":false,"_monsterinsights_sitenote_active":false,"_monsterinsights_sitenote_note":"","_monsterinsights_sitenote_category":0},"product_brand":[],"product_cat":[13829,12274],"product_tag":[],"class_list":{"0":"post-728645","1":"product","2":"type-product","3":"status-publish","5":"product_cat-bilimsel-kitaplar","6":"product_cat-cocuk-ve-genclik-kitaplari","7":"pa_cilt-ciltsiz","8":"pa_tur-kitap","9":"pa_yayinevi-eglenceli-bilgi-yayinlari","10":"pa_yazar-nick-arnold","12":"first","13":"instock","14":"sale","15":"shipping-taxable","16":"purchasable","17":"product-type-simple"},"_links":{"self":[{"href":"https:\/\/roveyayinevi.com.tr\/index.php\/wp-json\/wp\/v2\/product\/728645","targetHints":{"allow":["GET"]}}],"collection":[{"href":"https:\/\/roveyayinevi.com.tr\/index.php\/wp-json\/wp\/v2\/product"}],"about":[{"href":"https:\/\/roveyayinevi.com.tr\/index.php\/wp-json\/wp\/v2\/types\/product"}],"wp:attachment":[{"href":"https:\/\/roveyayinevi.com.tr\/index.php\/wp-json\/wp\/v2\/media?parent=728645"}],"wp:term":[{"taxonomy":"product_brand","embeddable":true,"href":"https:\/\/roveyayinevi.com.tr\/index.php\/wp-json\/wp\/v2\/product_brand?post=728645"},{"taxonomy":"product_cat","embeddable":true,"href":"https:\/\/roveyayinevi.com.tr\/index.php\/wp-json\/wp\/v2\/product_cat?post=728645"},{"taxonomy":"product_tag","embeddable":true,"href":"https:\/\/roveyayinevi.com.tr\/index.php\/wp-json\/wp\/v2\/product_tag?post=728645"}],"curies":[{"name":"wp","href":"https:\/\/api.w.org\/{rel}","templated":true}]}}