{"id":728644,"date":"2025-08-27T20:42:50","date_gmt":"2025-08-27T17:42:50","guid":{"rendered":"https:\/\/roveyayinevi.com.tr\/index.php\/urun\/cildirtan-sesler-eglenceli-bilgi\/"},"modified":"2026-04-16T02:36:34","modified_gmt":"2026-04-15T23:36:34","slug":"cildirtan-sesler-eglenceli-bilgi","status":"publish","type":"product","link":"https:\/\/roveyayinevi.com.tr\/index.php\/urun\/cildirtan-sesler-eglenceli-bilgi\/","title":{"rendered":"\u00c7\u0131ld\u0131rtan Sesler &#8211; E\u011flenceli Bilgi"},"content":{"rendered":"<p>Bu kitap daha \u00e7ok g\u00fcr\u00fclt\u00fc yapmana izin veriyor! Piyanonun kapa\u011f\u0131n\u0131 kald\u0131rmaya, g\u00fcr\u00fclt\u00fc yap\u0131p yeni \u015feyler ke\u015ffetmeye haz\u0131r m\u0131s\u0131n? * Yellenmek neden bu kadar g\u00fcr\u00fclt\u00fcl\u00fc?* Tek bir nota, e\u011fitimli bir sanat\u00e7\u0131y\u0131 nas\u0131l olur da camlar\u0131 par\u00e7alayan bir vah\u015fiye d\u00f6n\u00fc\u015ft\u00fcr\u00fcr?* Hangi ses dalgalar\u0131 ba\u011f\u0131rsaklar\u0131n titremesine neden olur?E\u011fer d\u00fc\u015f\u00fcn\u00fcrsen, bilimin bu hasta taraf\u0131n\u0131 hazmedebilirsin. G\u00fcr\u00fclt\u00fcl\u00fc yans\u0131malar\u0131n\u0131n, \u015fok edici ses dalgalar\u0131n\u0131n ve bitmez t\u00fckenmez g\u00fcmb\u00fcrt\u00fclerin d\u00fcnyas\u0131 ses kontrol\u00fcnden ge\u00e7iyor, okumaya devam et! Ses dalgalar\u0131n\u0131n kulak zar\u0131n\u0131 nas\u0131l titre\u015ftirdi\u011fini, bir mikrofonun senin sesini nas\u0131l olup da elektrik titre\u015fimine d\u00f6n\u00fc\u015ft\u00fcrd\u00fc\u011f\u00fcn\u00fc ke\u015ffet! Korkun\u00e7 sesler dosyas\u0131, de\u011fi\u015fik k\u0131sa s\u0131navlar, \u00f6\u011fretmenlere yap\u0131lan testler ve \u00e7\u0131lg\u0131n karikat\u00fcrleriyle bu kitap tam bir \u00e7\u0131\u011fl\u0131k! Bilim hi\u00e7 bu kadar e\u011flenceli olmam\u0131\u015ft\u0131!<\/p>\n","protected":false},"excerpt":{"rendered":"<p>Bu kitap daha \u00e7ok g\u00fcr\u00fclt\u00fc yapmana izin veriyor! Piyanonun kapa\u011f\u0131n\u0131 kald\u0131rmaya, g\u00fcr\u00fclt\u00fc yap\u0131p yeni \u015feyler ke\u015ffetmeye haz\u0131r m\u0131s\u0131n? * Yellenmek neden bu kadar g\u00fcr\u00fclt\u00fcl\u00fc?* Tek bir<span class=\"excerpt-hellip\"> [\u2026]<\/span><\/p>\n","protected":false},"featured_media":0,"template":"","meta":{"_monsterinsights_skip_tracking":false,"_monsterinsights_sitenote_active":false,"_monsterinsights_sitenote_note":"","_monsterinsights_sitenote_category":0},"product_brand":[],"product_cat":[12275,12274],"product_tag":[],"class_list":{"0":"post-728644","1":"product","2":"type-product","3":"status-publish","5":"product_cat-6-12-yas-kitaplari","6":"product_cat-cocuk-ve-genclik-kitaplari","7":"pa_cilt-ciltsiz","8":"pa_tur-kitap","9":"pa_yayinevi-eglenceli-bilgi-yayinlari","10":"pa_yazar-nick-arnold","12":"first","13":"instock","14":"sale","15":"shipping-taxable","16":"purchasable","17":"product-type-simple"},"_links":{"self":[{"href":"https:\/\/roveyayinevi.com.tr\/index.php\/wp-json\/wp\/v2\/product\/728644","targetHints":{"allow":["GET"]}}],"collection":[{"href":"https:\/\/roveyayinevi.com.tr\/index.php\/wp-json\/wp\/v2\/product"}],"about":[{"href":"https:\/\/roveyayinevi.com.tr\/index.php\/wp-json\/wp\/v2\/types\/product"}],"wp:attachment":[{"href":"https:\/\/roveyayinevi.com.tr\/index.php\/wp-json\/wp\/v2\/media?parent=728644"}],"wp:term":[{"taxonomy":"product_brand","embeddable":true,"href":"https:\/\/roveyayinevi.com.tr\/index.php\/wp-json\/wp\/v2\/product_brand?post=728644"},{"taxonomy":"product_cat","embeddable":true,"href":"https:\/\/roveyayinevi.com.tr\/index.php\/wp-json\/wp\/v2\/product_cat?post=728644"},{"taxonomy":"product_tag","embeddable":true,"href":"https:\/\/roveyayinevi.com.tr\/index.php\/wp-json\/wp\/v2\/product_tag?post=728644"}],"curies":[{"name":"wp","href":"https:\/\/api.w.org\/{rel}","templated":true}]}}