{"id":728643,"date":"2025-08-27T20:42:49","date_gmt":"2025-08-27T17:42:49","guid":{"rendered":"https:\/\/roveyayinevi.com.tr\/index.php\/urun\/10-numara-osmanli-eglenceli-tarih\/"},"modified":"2026-04-16T02:36:34","modified_gmt":"2026-04-15T23:36:34","slug":"10-numara-osmanli-eglenceli-tarih","status":"publish","type":"product","link":"https:\/\/roveyayinevi.com.tr\/index.php\/urun\/10-numara-osmanli-eglenceli-tarih\/","title":{"rendered":"10 Numara Osmanl\u0131 &#8211; E\u011flenceli Tarih"},"content":{"rendered":"<p>Osmanl\u0131 tarihinin b\u00fct\u00fcn detaylar\u0131na bir kitapla ula\u015fmaya ne dersiniz? Cevab\u0131n\u0131z &#8216;evet&#8217; ise 10 Numara Osmanl\u0131&#8217;yla tan\u0131\u015fabilirsiniz.Kudretli padi\u015fahlardan muhte\u015fem t\u00f6renlere, ihti\u015faml\u0131 yap\u0131lardan tarih de\u011fi\u015ftiren zaferlere&#8230; Hepsi 10 numara olan bu detaylar 10 Numara Osmanl\u0131&#8217;da.\u00d6nce 10 kudretli padi\u015fahla tan\u0131\u015facak, ard\u0131ndan dillere destan olan t\u00f6renlerin en keyifli detaylar\u0131yla e\u011fleneceksiniz.Bitmedi! Daha sonra gurur duyaca\u011f\u0131n\u0131z muhte\u015fem meydan muharebesine tan\u0131kl\u0131k edecek, zaferlerin sonras\u0131nda g\u00f6rkemli mi g\u00f6rkemli saraylara konuk olacaks\u0131n.Haydi, \u015fimdi 10 Numara Osmanl\u0131 zaman\u0131!<\/p>\n","protected":false},"excerpt":{"rendered":"<p>Osmanl\u0131 tarihinin b\u00fct\u00fcn detaylar\u0131na bir kitapla ula\u015fmaya ne dersiniz? Cevab\u0131n\u0131z &#8216;evet&#8217; ise 10 Numara Osmanl\u0131&#8217;yla tan\u0131\u015fabilirsiniz.Kudretli padi\u015fahlardan muhte\u015fem t\u00f6renlere, ihti\u015faml\u0131 yap\u0131lardan tarih de\u011fi\u015ftiren zaferlere&#8230; Hepsi 10<span class=\"excerpt-hellip\"> [\u2026]<\/span><\/p>\n","protected":false},"featured_media":0,"template":"","meta":{"_monsterinsights_skip_tracking":false,"_monsterinsights_sitenote_active":false,"_monsterinsights_sitenote_note":"","_monsterinsights_sitenote_category":0},"product_brand":[],"product_cat":[12275,12274],"product_tag":[],"class_list":{"0":"post-728643","1":"product","2":"type-product","3":"status-publish","5":"product_cat-6-12-yas-kitaplari","6":"product_cat-cocuk-ve-genclik-kitaplari","7":"pa_cilt-ciltsiz","8":"pa_tur-kitap","9":"pa_yayinevi-eglenceli-bilgi-yayinlari","10":"pa_yazar-mazlum-akin","12":"first","13":"instock","14":"sale","15":"shipping-taxable","16":"purchasable","17":"product-type-simple"},"_links":{"self":[{"href":"https:\/\/roveyayinevi.com.tr\/index.php\/wp-json\/wp\/v2\/product\/728643","targetHints":{"allow":["GET"]}}],"collection":[{"href":"https:\/\/roveyayinevi.com.tr\/index.php\/wp-json\/wp\/v2\/product"}],"about":[{"href":"https:\/\/roveyayinevi.com.tr\/index.php\/wp-json\/wp\/v2\/types\/product"}],"wp:attachment":[{"href":"https:\/\/roveyayinevi.com.tr\/index.php\/wp-json\/wp\/v2\/media?parent=728643"}],"wp:term":[{"taxonomy":"product_brand","embeddable":true,"href":"https:\/\/roveyayinevi.com.tr\/index.php\/wp-json\/wp\/v2\/product_brand?post=728643"},{"taxonomy":"product_cat","embeddable":true,"href":"https:\/\/roveyayinevi.com.tr\/index.php\/wp-json\/wp\/v2\/product_cat?post=728643"},{"taxonomy":"product_tag","embeddable":true,"href":"https:\/\/roveyayinevi.com.tr\/index.php\/wp-json\/wp\/v2\/product_tag?post=728643"}],"curies":[{"name":"wp","href":"https:\/\/api.w.org\/{rel}","templated":true}]}}