{"id":728642,"date":"2025-08-27T20:42:48","date_gmt":"2025-08-27T17:42:48","guid":{"rendered":"https:\/\/roveyayinevi.com.tr\/index.php\/urun\/sakin-sokakin-gurultucu-sakinleri\/"},"modified":"2026-04-16T02:36:34","modified_gmt":"2026-04-15T23:36:34","slug":"sakin-sokakin-gurultucu-sakinleri","status":"publish","type":"product","link":"https:\/\/roveyayinevi.com.tr\/index.php\/urun\/sakin-sokakin-gurultucu-sakinleri\/","title":{"rendered":"Sakin Sokak\u2019\u0131n G\u00fcr\u00fclt\u00fcc\u00fc Sakinleri"},"content":{"rendered":"<p>Sakin Sokak, sakinli\u011fini kaybetti, sesler yak\u0131land\u0131 d\u00f6rt bir yanda. Kendi halinde ya\u015fayan k\u0131z karde\u015flerin i\u015fleri de \u00e7\u0131\u011fr\u0131ndan \u00e7\u0131kt\u0131. Resimler tuhafla\u015ft\u0131, yemekler lezzetini yitirdi, \u015fark\u0131lar da ahengini. Bu g\u00fcr\u00fclt\u00fc nas\u0131l son bulacakt\u0131? K\u0131z karde\u015flerin \u00e7\u0131lg\u0131nca bir fikri vard\u0131! <\/p>\n","protected":false},"excerpt":{"rendered":"<p>Sakin Sokak, sakinli\u011fini kaybetti, sesler yak\u0131land\u0131 d\u00f6rt bir yanda. Kendi halinde ya\u015fayan k\u0131z karde\u015flerin i\u015fleri de \u00e7\u0131\u011fr\u0131ndan \u00e7\u0131kt\u0131. Resimler tuhafla\u015ft\u0131, yemekler lezzetini yitirdi, \u015fark\u0131lar da ahengini.<span class=\"excerpt-hellip\"> [\u2026]<\/span><\/p>\n","protected":false},"featured_media":0,"template":"","meta":{"_monsterinsights_skip_tracking":false,"_monsterinsights_sitenote_active":false,"_monsterinsights_sitenote_note":"","_monsterinsights_sitenote_category":0},"product_brand":[],"product_cat":[12913,12274],"product_tag":[],"class_list":{"0":"post-728642","1":"product","2":"type-product","3":"status-publish","5":"product_cat-3-6-yas-kitaplari","6":"product_cat-cocuk-ve-genclik-kitaplari","7":"pa_cilt-ciltsiz","8":"pa_tur-kitap","9":"pa_yayinevi-kirmizi-kedi-yayinevi","10":"pa_yazar-melis-avci-bulent-avci","12":"first","13":"instock","14":"sale","15":"shipping-taxable","16":"purchasable","17":"product-type-simple"},"_links":{"self":[{"href":"https:\/\/roveyayinevi.com.tr\/index.php\/wp-json\/wp\/v2\/product\/728642","targetHints":{"allow":["GET"]}}],"collection":[{"href":"https:\/\/roveyayinevi.com.tr\/index.php\/wp-json\/wp\/v2\/product"}],"about":[{"href":"https:\/\/roveyayinevi.com.tr\/index.php\/wp-json\/wp\/v2\/types\/product"}],"wp:attachment":[{"href":"https:\/\/roveyayinevi.com.tr\/index.php\/wp-json\/wp\/v2\/media?parent=728642"}],"wp:term":[{"taxonomy":"product_brand","embeddable":true,"href":"https:\/\/roveyayinevi.com.tr\/index.php\/wp-json\/wp\/v2\/product_brand?post=728642"},{"taxonomy":"product_cat","embeddable":true,"href":"https:\/\/roveyayinevi.com.tr\/index.php\/wp-json\/wp\/v2\/product_cat?post=728642"},{"taxonomy":"product_tag","embeddable":true,"href":"https:\/\/roveyayinevi.com.tr\/index.php\/wp-json\/wp\/v2\/product_tag?post=728642"}],"curies":[{"name":"wp","href":"https:\/\/api.w.org\/{rel}","templated":true}]}}