{"id":728639,"date":"2025-08-27T20:42:45","date_gmt":"2025-08-27T17:42:45","guid":{"rendered":"https:\/\/roveyayinevi.com.tr\/index.php\/urun\/turkiyede-istihdama-sosyo-ekonomik-bir-bakis-1990-2019\/"},"modified":"2026-04-16T02:36:34","modified_gmt":"2026-04-15T23:36:34","slug":"turkiyede-istihdama-sosyo-ekonomik-bir-bakis-1990-2019","status":"publish","type":"product","link":"https:\/\/roveyayinevi.com.tr\/index.php\/urun\/turkiyede-istihdama-sosyo-ekonomik-bir-bakis-1990-2019\/","title":{"rendered":"T\u00fcrkiye&#8217;de \u0130stihdama Sosyo-Ekonomik Bir Bak\u0131\u015f (1990-2019)"},"content":{"rendered":"<p>\u0130\u00e7indekiler Birinci B\u00f6l\u00fcm \u0130stihdam ve \u0130stihdam Politikalar\u0131 \u0130kinci B\u00f6l\u00fcm T\u00fcrkiye\u2019de \u0130stihdam\u0131n Genel G\u00f6r\u00fcn\u00fcm\u00fc \u00dc\u00e7\u00fcnc\u00fc B\u00f6l\u00fcm T\u00fcrkiye Ekonomisinde D\u0131\u015f Ticaretin \u0130stihdam \u00dczerine Etkileri D\u00f6rd\u00fcnc\u00fc B\u00f6l\u00fcm Kamu Harcamalar\u0131 ve \u0130stihdam \u0130li\u015fkisi Be\u015finci B\u00f6l\u00fcm Yabanc\u0131 Sermaye ve \u0130stihdam Alt\u0131nc\u0131 B\u00f6l\u00fcm 1990-2020 D\u00f6neminde T\u00fcrkiye\u2019de Kad\u0131n \u0130stihdam\u0131n Seyri Yedinci B\u00f6l\u00fcm 1990-2019 Y\u0131llar\u0131 Aras\u0131 Gen\u00e7 \u0130stihdam\u0131na \u201cKurumsal\u201d Bak\u0131\u015f Sekizinci B\u00f6l\u00fcm Giri\u015fimcilik ve \u0130stihdam Dokuzuncu B\u00f6l\u00fcm 2008 Krizinin \u0130\u015fg\u00fcc\u00fc Piyasalar\u0131na Etkisi Onuncu B\u00f6l\u00fcm T\u00fcrkiye\u2019den Almanya\u2019ya \u0130\u015f\u00e7i G\u00f6\u00e7\u00fcn\u00fcn Sosyo-Ekonomik Anlamda \u0130ncelenmesi<\/p>\n","protected":false},"excerpt":{"rendered":"<p>\u0130\u00e7indekiler Birinci B\u00f6l\u00fcm \u0130stihdam ve \u0130stihdam Politikalar\u0131 \u0130kinci B\u00f6l\u00fcm T\u00fcrkiye\u2019de \u0130stihdam\u0131n Genel G\u00f6r\u00fcn\u00fcm\u00fc \u00dc\u00e7\u00fcnc\u00fc B\u00f6l\u00fcm T\u00fcrkiye Ekonomisinde D\u0131\u015f Ticaretin \u0130stihdam \u00dczerine Etkileri D\u00f6rd\u00fcnc\u00fc B\u00f6l\u00fcm Kamu Harcamalar\u0131<span class=\"excerpt-hellip\"> [\u2026]<\/span><\/p>\n","protected":false},"featured_media":0,"template":"","meta":{"_monsterinsights_skip_tracking":false,"_monsterinsights_sitenote_active":false,"_monsterinsights_sitenote_note":"","_monsterinsights_sitenote_category":0},"product_brand":[],"product_cat":[13043,14381],"product_tag":[],"class_list":{"0":"post-728639","1":"product","2":"type-product","3":"status-publish","5":"product_cat-ekonomi","6":"product_cat-isletme-muhasebe-maliye","7":"pa_cilt-ciltsiz","8":"pa_tur-kitap","9":"pa_yayinevi-gazi-kitabevi","10":"pa_yazar-nihat-altuntepe","12":"first","13":"instock","14":"sale","15":"shipping-taxable","16":"purchasable","17":"product-type-simple"},"_links":{"self":[{"href":"https:\/\/roveyayinevi.com.tr\/index.php\/wp-json\/wp\/v2\/product\/728639","targetHints":{"allow":["GET"]}}],"collection":[{"href":"https:\/\/roveyayinevi.com.tr\/index.php\/wp-json\/wp\/v2\/product"}],"about":[{"href":"https:\/\/roveyayinevi.com.tr\/index.php\/wp-json\/wp\/v2\/types\/product"}],"wp:attachment":[{"href":"https:\/\/roveyayinevi.com.tr\/index.php\/wp-json\/wp\/v2\/media?parent=728639"}],"wp:term":[{"taxonomy":"product_brand","embeddable":true,"href":"https:\/\/roveyayinevi.com.tr\/index.php\/wp-json\/wp\/v2\/product_brand?post=728639"},{"taxonomy":"product_cat","embeddable":true,"href":"https:\/\/roveyayinevi.com.tr\/index.php\/wp-json\/wp\/v2\/product_cat?post=728639"},{"taxonomy":"product_tag","embeddable":true,"href":"https:\/\/roveyayinevi.com.tr\/index.php\/wp-json\/wp\/v2\/product_tag?post=728639"}],"curies":[{"name":"wp","href":"https:\/\/api.w.org\/{rel}","templated":true}]}}