{"id":728638,"date":"2025-08-27T20:42:45","date_gmt":"2025-08-27T17:42:45","guid":{"rendered":"https:\/\/roveyayinevi.com.tr\/index.php\/urun\/sivil-itaatsizlik-2\/"},"modified":"2026-04-16T02:36:34","modified_gmt":"2026-04-15T23:36:34","slug":"sivil-itaatsizlik-2","status":"publish","type":"product","link":"https:\/\/roveyayinevi.com.tr\/index.php\/urun\/sivil-itaatsizlik-2\/","title":{"rendered":"Sivil \u0130taatsizlik"},"content":{"rendered":"<p>\u201cZor alt\u0131na al\u0131nmak i\u00e7in do\u011fmad\u0131m ben. Can\u0131m nas\u0131l isterse, \u00f6yle al\u0131p verece\u011fim soluklar\u0131m\u0131. Bakal\u0131m en g\u00fc\u00e7l\u00fc kim.\u201d D\u00fcnya tarihinin nevi \u015fahs\u0131na m\u00fcnhas\u0131r entelekt\u00fcellerinden biri olan Henry David Thoreau, \u00e7\u0131\u011f\u0131r a\u00e7\u0131c\u0131 bir filozof, do\u011fa ara\u015ft\u0131rmac\u0131s\u0131 ve kalemi kuvvetli bir yazard\u0131. 1846\u2019da bir vergi memuruna itiraz\u0131 nedeniyle hapiste bir gece ge\u00e7iren Thoreau, bu durumun d\u00fc\u015f\u00fcnd\u00fcrd\u00fcklerini \u00f6nce konferanslar\u0131na konu etti. Ard\u0131ndan d\u00fc\u015f\u00fcncelerini makaleye aktard\u0131 ve bu metin 1849\u2019da kitap olarak yay\u0131mland\u0131. B\u00f6ylece Sivil \u0130taatsizlik ba\u015fl\u0131kl\u0131 unutulmaz eser ortaya \u00e7\u0131kt\u0131 ve Mahatma Gandhi ile Martin Luther King Jr. gibi \u00f6nemli isimleri etkiledi. <\/p>\n","protected":false},"excerpt":{"rendered":"<p>\u201cZor alt\u0131na al\u0131nmak i\u00e7in do\u011fmad\u0131m ben. Can\u0131m nas\u0131l isterse, \u00f6yle al\u0131p verece\u011fim soluklar\u0131m\u0131. Bakal\u0131m en g\u00fc\u00e7l\u00fc kim.\u201d D\u00fcnya tarihinin nevi \u015fahs\u0131na m\u00fcnhas\u0131r entelekt\u00fcellerinden biri olan Henry<span class=\"excerpt-hellip\"> [\u2026]<\/span><\/p>\n","protected":false},"featured_media":0,"template":"","meta":{"_monsterinsights_skip_tracking":false,"_monsterinsights_sitenote_active":false,"_monsterinsights_sitenote_note":"","_monsterinsights_sitenote_category":0},"product_brand":[],"product_cat":[12388,15536],"product_tag":[],"class_list":{"0":"post-728638","1":"product","2":"type-product","3":"status-publish","5":"product_cat-felsefe","6":"product_cat-siyaset-felsefesi","7":"pa_cilt-ciltsiz","8":"pa_tur-kitap","9":"pa_yayinevi-cinar-yayinlari","10":"pa_yazar-henry-david-thoreau","12":"first","13":"instock","14":"sale","15":"shipping-taxable","16":"purchasable","17":"product-type-simple"},"_links":{"self":[{"href":"https:\/\/roveyayinevi.com.tr\/index.php\/wp-json\/wp\/v2\/product\/728638","targetHints":{"allow":["GET"]}}],"collection":[{"href":"https:\/\/roveyayinevi.com.tr\/index.php\/wp-json\/wp\/v2\/product"}],"about":[{"href":"https:\/\/roveyayinevi.com.tr\/index.php\/wp-json\/wp\/v2\/types\/product"}],"wp:attachment":[{"href":"https:\/\/roveyayinevi.com.tr\/index.php\/wp-json\/wp\/v2\/media?parent=728638"}],"wp:term":[{"taxonomy":"product_brand","embeddable":true,"href":"https:\/\/roveyayinevi.com.tr\/index.php\/wp-json\/wp\/v2\/product_brand?post=728638"},{"taxonomy":"product_cat","embeddable":true,"href":"https:\/\/roveyayinevi.com.tr\/index.php\/wp-json\/wp\/v2\/product_cat?post=728638"},{"taxonomy":"product_tag","embeddable":true,"href":"https:\/\/roveyayinevi.com.tr\/index.php\/wp-json\/wp\/v2\/product_tag?post=728638"}],"curies":[{"name":"wp","href":"https:\/\/api.w.org\/{rel}","templated":true}]}}