{"id":728637,"date":"2025-08-27T20:42:44","date_gmt":"2025-08-27T17:42:44","guid":{"rendered":"https:\/\/roveyayinevi.com.tr\/index.php\/urun\/refah-rejimleri-cercevesinde-dunyada-ve-turkiyede-aile-politikalari\/"},"modified":"2026-04-16T02:36:34","modified_gmt":"2026-04-15T23:36:34","slug":"refah-rejimleri-cercevesinde-dunyada-ve-turkiyede-aile-politikalari","status":"publish","type":"product","link":"https:\/\/roveyayinevi.com.tr\/index.php\/urun\/refah-rejimleri-cercevesinde-dunyada-ve-turkiyede-aile-politikalari\/","title":{"rendered":"Refah Rejimleri \u00c7er\u00e7evesinde D\u00fcnyada ve T\u00fcrkiye&#8217;de Aile Politikalar\u0131"},"content":{"rendered":"<p>1.Giri\u015f 2.Aile Kurumuna \u0130li\u015fkin Kavramsal ve Teorik \u00c7er\u00e7eve 3. Aile Politikalar\u0131 Kavram\u0131 ve Aile Dostu Politika Uygulamalar\u0131 4.Refah Rejimleri S\u0131n\u0131fland\u0131rmas\u0131 Ekseninde D\u00fcnyada Aile Politikalar\u0131 5.T\u00fcrkiye\u2019de 2000 Y\u0131l\u0131 Sonras\u0131 Aile Politikalar\u0131 6.Refah Rejimleri Ba\u011flam\u0131nda Aile Politikalar\u0131n\u0131n ve T\u00fcrkiye\u2019nin Konumunun De\u011ferlendirilmesi: K\u00fcmeleme(Cluster) Analizi <\/p>\n","protected":false},"excerpt":{"rendered":"<p>1.Giri\u015f 2.Aile Kurumuna \u0130li\u015fkin Kavramsal ve Teorik \u00c7er\u00e7eve 3. Aile Politikalar\u0131 Kavram\u0131 ve Aile Dostu Politika Uygulamalar\u0131 4.Refah Rejimleri S\u0131n\u0131fland\u0131rmas\u0131 Ekseninde D\u00fcnyada Aile Politikalar\u0131 5.T\u00fcrkiye\u2019de 2000<span class=\"excerpt-hellip\"> [\u2026]<\/span><\/p>\n","protected":false},"featured_media":0,"template":"","meta":{"_monsterinsights_skip_tracking":false,"_monsterinsights_sitenote_active":false,"_monsterinsights_sitenote_note":"","_monsterinsights_sitenote_category":0},"product_brand":[],"product_cat":[12831,12324],"product_tag":[],"class_list":{"0":"post-728637","1":"product","2":"type-product","3":"status-publish","5":"product_cat-aile-ve-cocuk","6":"product_cat-sosyoloji","7":"pa_cilt-ciltsiz","8":"pa_tur-kitap","9":"pa_yayinevi-gazi-kitabevi","10":"pa_yazar-omer-can-cevik","12":"first","13":"instock","14":"sale","15":"shipping-taxable","16":"purchasable","17":"product-type-simple"},"_links":{"self":[{"href":"https:\/\/roveyayinevi.com.tr\/index.php\/wp-json\/wp\/v2\/product\/728637","targetHints":{"allow":["GET"]}}],"collection":[{"href":"https:\/\/roveyayinevi.com.tr\/index.php\/wp-json\/wp\/v2\/product"}],"about":[{"href":"https:\/\/roveyayinevi.com.tr\/index.php\/wp-json\/wp\/v2\/types\/product"}],"wp:attachment":[{"href":"https:\/\/roveyayinevi.com.tr\/index.php\/wp-json\/wp\/v2\/media?parent=728637"}],"wp:term":[{"taxonomy":"product_brand","embeddable":true,"href":"https:\/\/roveyayinevi.com.tr\/index.php\/wp-json\/wp\/v2\/product_brand?post=728637"},{"taxonomy":"product_cat","embeddable":true,"href":"https:\/\/roveyayinevi.com.tr\/index.php\/wp-json\/wp\/v2\/product_cat?post=728637"},{"taxonomy":"product_tag","embeddable":true,"href":"https:\/\/roveyayinevi.com.tr\/index.php\/wp-json\/wp\/v2\/product_tag?post=728637"}],"curies":[{"name":"wp","href":"https:\/\/api.w.org\/{rel}","templated":true}]}}