{"id":728634,"date":"2025-08-27T20:42:41","date_gmt":"2025-08-27T17:42:41","guid":{"rendered":"https:\/\/roveyayinevi.com.tr\/index.php\/urun\/butun-yazilari\/"},"modified":"2026-04-16T02:36:33","modified_gmt":"2026-04-15T23:36:33","slug":"butun-yazilari","status":"publish","type":"product","link":"https:\/\/roveyayinevi.com.tr\/index.php\/urun\/butun-yazilari\/","title":{"rendered":"B\u00fct\u00fcn Yaz\u0131lar\u0131"},"content":{"rendered":"<p>T\u00fcrk \u015fiirinde t\u00fcm ta\u015flar\u0131 yerinden oynatan ve sadece \u015fiirleriyle de\u011fil, yaz\u0131lar\u0131, hik\u00e2yeleri ve t\u00fcm \u00e7evirileriyle kendinden sonraki T\u00fcrk edebiyat\u0131n\u0131n b\u00fct\u00fcn\u00fcne etki etmi\u015f bir isim Orhan Veli. B\u00fct\u00fcn eserleriyle K\u0131rm\u0131z\u0131 Kedi\u2019de.K\u00fclliyat\u0131n bu cildi B\u00fct\u00fcn Yaz\u0131lar\u0131, Orhan Veli\u2019nin telif ve \u00e7eviri d\u00fczyaz\u0131lar\u0131ndan olu\u015fuyor. Necati Tonga ve Tahsin Y\u0131ld\u0131r\u0131m\u2019\u0131n haz\u0131rlad\u0131\u011f\u0131, yaz\u0131lar\u0131n kronolojik s\u0131rayla sunuldu\u011fu kitab\u0131n ilk b\u00f6l\u00fcm\u00fcnde \u015fairin hayattayken yay\u0131mlad\u0131\u011f\u0131 yaz\u0131lar\u0131n yan\u0131nda \u00f6l\u00fcm\u00fcnden sonra farkl\u0131 ar\u015fivlerden bulunarak ne\u015fredilen d\u00fczyaz\u0131lara; ikinci b\u00f6l\u00fcm\u00fcnde ise \u00e7eviri yaz\u0131lar\u0131na yer verildi. Bu kitab\u0131 di\u011ferlerinden ay\u0131ran taraf\u0131 ise, \u015fairin daha \u00f6nce kitaplar\u0131na girmemi\u015f bir\u00e7ok yaz\u0131s\u0131 ilk defa bir araya geliyor.Art\u0131k Orhan Veli\u2019yi eksiksiz okuyabileceksiniz.<\/p>\n","protected":false},"excerpt":{"rendered":"<p>T\u00fcrk \u015fiirinde t\u00fcm ta\u015flar\u0131 yerinden oynatan ve sadece \u015fiirleriyle de\u011fil, yaz\u0131lar\u0131, hik\u00e2yeleri ve t\u00fcm \u00e7evirileriyle kendinden sonraki T\u00fcrk edebiyat\u0131n\u0131n b\u00fct\u00fcn\u00fcne etki etmi\u015f bir isim Orhan Veli.<span class=\"excerpt-hellip\"> [\u2026]<\/span><\/p>\n","protected":false},"featured_media":0,"template":"","meta":{"_monsterinsights_skip_tracking":false,"_monsterinsights_sitenote_active":false,"_monsterinsights_sitenote_note":"","_monsterinsights_sitenote_category":0},"product_brand":[],"product_cat":[12777,12291],"product_tag":[],"class_list":{"0":"post-728634","1":"product","2":"type-product","3":"status-publish","5":"product_cat-deneme","6":"product_cat-edebiyat","7":"pa_cilt-ciltsiz","8":"pa_tur-kitap","9":"pa_yayinevi-kirmizi-kedi-yayinevi","10":"pa_yazar-orhan-veli-kanik","12":"first","13":"instock","14":"sale","15":"shipping-taxable","16":"purchasable","17":"product-type-simple"},"_links":{"self":[{"href":"https:\/\/roveyayinevi.com.tr\/index.php\/wp-json\/wp\/v2\/product\/728634","targetHints":{"allow":["GET"]}}],"collection":[{"href":"https:\/\/roveyayinevi.com.tr\/index.php\/wp-json\/wp\/v2\/product"}],"about":[{"href":"https:\/\/roveyayinevi.com.tr\/index.php\/wp-json\/wp\/v2\/types\/product"}],"wp:attachment":[{"href":"https:\/\/roveyayinevi.com.tr\/index.php\/wp-json\/wp\/v2\/media?parent=728634"}],"wp:term":[{"taxonomy":"product_brand","embeddable":true,"href":"https:\/\/roveyayinevi.com.tr\/index.php\/wp-json\/wp\/v2\/product_brand?post=728634"},{"taxonomy":"product_cat","embeddable":true,"href":"https:\/\/roveyayinevi.com.tr\/index.php\/wp-json\/wp\/v2\/product_cat?post=728634"},{"taxonomy":"product_tag","embeddable":true,"href":"https:\/\/roveyayinevi.com.tr\/index.php\/wp-json\/wp\/v2\/product_tag?post=728634"}],"curies":[{"name":"wp","href":"https:\/\/api.w.org\/{rel}","templated":true}]}}